{"id":3899,"date":"2013-05-14T12:00:55","date_gmt":"2013-05-14T15:10:15","guid":{"rendered":"http:\/\/el-mariachi-de-barcelona.com\/?page_id=3899"},"modified":"2013-05-16T17:03:46","modified_gmt":"2013-05-16T15:03:46","slug":"serveis-musicals-oferits-pel-grup-mariachi-semblanza","status":"publish","type":"page","link":"https:\/\/www.mariachi-semblanza.com\/ca\/serveis-musicals-oferits-pel-grup-mariachi-semblanza\/","title":{"rendered":"Serveis musicals oferits pel grup Mariachi Semblanza"},"content":{"rendered":"<p>&nbsp;<\/p>\n<blockquote class=\"quote-center\">\n<p>El Mariachi Semblanza es el <strong>grup de folclore mexic\u00e0 mes antic d&#8217;Espanya<\/strong>, el varem fundar al 1995 i desde llavors no hem deixat d&#8217;actuar en diferents indrets de la geografia catalana, espanyola i europea.<\/p>\n<p>Hi ha actuacions que ens semblen destacables en concret, per lo ex\u00f2tic dels pa\u00efssos visitats, encara que ens quedem amb totes les actuacions ja que a totes ocurreixen fets encomiables.<\/p>\n<p>Per\u00f2, lo que si que ens agradaria destacar es el <strong>recolzament de tota la gent que ha estat amb nosaltres als concerts i les actuacions<\/strong> en alg\u00fan moment de la nostra carrera musical, que ronda ja els 18 anys.<\/p>\n<p>Hem estat <strong>el primer Mariachi en actuar a pa\u00efssos b\u00e1ltics<\/strong>, fins i tot hem actuat a pa\u00efssos \u00e1rabs, com a Dubai. Encara que la nostra pla\u00e7a habitual es Catalunya i per extensi\u00f3 Espanya. Al viure a Barcelona les oportunitats son moltes aqu\u00ed.<\/p>\n<p>Durant tots aquestos anys hem fet una mica de tot. Serenatas, Cercaviles, acompanyament d&#8217;artistes famosos, festes privades, festes populars, festes majors&#8230; Hem interpretat <strong>m\u00fasica tradicional mexicana a la pasarel.la Gaud\u00ed<\/strong> i a alg\u00fa se li va oc\u00f3rrer una vegada montar un cicle de concerts amb m\u00fasica interpretada desde un balc\u00f3. Estic segur que ara entens molt millor perque ens semblen encomiables totes i cada una de les nostres actuacions.<\/p>\n<p>La veritat es que ens hem posat en un comprom\u00eds intentant definir el <strong>serveis musicals que oferim<\/strong>, donat que hi ha moltes possibilitats. Per\u00f2, quelcom haviem d&#8217;explicar aixi que hem fet un llistat d&#8217;alguns dels serveis musicals que oferim i que acostumeu a demanar-nos molt sovint.<\/p>\n<\/blockquote>\n","protected":false},"excerpt":{"rendered":"<p itemprop=\"description\">&nbsp;<\/p>\n","protected":false},"author":1,"featured_media":0,"parent":0,"menu_order":0,"comment_status":"open","ping_status":"open","template":"template-servicios.php","meta":{"footnotes":""},"categories":[],"tags":[],"class_list":["post-3899","page","type-page","status-publish","hentry"],"_links":{"self":[{"href":"https:\/\/www.mariachi-semblanza.com\/ca\/wp-json\/wp\/v2\/pages\/3899","targetHints":{"allow":["GET"]}}],"collection":[{"href":"https:\/\/www.mariachi-semblanza.com\/ca\/wp-json\/wp\/v2\/pages"}],"about":[{"href":"https:\/\/www.mariachi-semblanza.com\/ca\/wp-json\/wp\/v2\/types\/page"}],"author":[{"embeddable":true,"href":"https:\/\/www.mariachi-semblanza.com\/ca\/wp-json\/wp\/v2\/users\/1"}],"replies":[{"embeddable":true,"href":"https:\/\/www.mariachi-semblanza.com\/ca\/wp-json\/wp\/v2\/comments?post=3899"}],"version-history":[{"count":0,"href":"https:\/\/www.mariachi-semblanza.com\/ca\/wp-json\/wp\/v2\/pages\/3899\/revisions"}],"wp:attachment":[{"href":"https:\/\/www.mariachi-semblanza.com\/ca\/wp-json\/wp\/v2\/media?parent=3899"}],"wp:term":[{"taxonomy":"category","embeddable":true,"href":"https:\/\/www.mariachi-semblanza.com\/ca\/wp-json\/wp\/v2\/categories?post=3899"},{"taxonomy":"post_tag","embeddable":true,"href":"https:\/\/www.mariachi-semblanza.com\/ca\/wp-json\/wp\/v2\/tags?post=3899"}],"curies":[{"name":"wp","href":"https:\/\/api.w.org\/{rel}","templated":true}]}}