{"id":3908,"date":"2013-05-14T11:41:57","date_gmt":"2013-05-14T15:43:48","guid":{"rendered":"http:\/\/el-mariachi-de-barcelona.com\/?page_id=3908"},"modified":"2013-05-24T13:59:48","modified_gmt":"2013-05-24T11:59:48","slug":"teatres","status":"publish","type":"page","link":"https:\/\/www.mariachi-semblanza.com\/ca\/teatres\/","title":{"rendered":"Teatres"},"content":{"rendered":"<h3 class='subtitular'>Concerts destinats a teatres:<\/h3>\n<p>La m\u00fasica del Mariachi, en la seva evoluci\u00f3 ha desenvolupat un estil propi. Adoptant les estructures de la m\u00fasica sinfonica i ofereix un ventall molt divers de ritmes, armonies tradicionals i modernes que es poden expresar com a espectacle per si mateix.<\/p>\n<h3 class='subtitular'>Ballet d&#8217; acompanyament:<\/h3>\n<p>A mes a mes, es pot combinar amb espectacles coreogr\u00e1fics de dances tradicionals de les diferents regions de M\u00e9xic, aix\u00f2 fa que es conveteixi en un espectacle de color, moviment i m\u00fasica digne de qualsevol escenari.<\/p>\n<h3 class='subtitular'>\u00bfMariachi tradicional o mariachi modern?<\/h3>\n<p>El repertori del Mariachi es tan extens que podem presentar diferents tipos d&#8217;espectacles. Desde la m\u00fasica mes tradicional, m\u00fasica de Mariachi sinfonic i modern, fins a adaptacions de m\u00fasiques d&#8217;altres pa\u00efssos.<\/p>\n<h3 class='subtitular'>La nostra experiencia en teatres:<\/h3>\n<p>Hem actuat a diferents teatres, com ara el teatre Arteria Paral.lel de Barcelona, fent de motres de la \u00a0can\u00e7\u00f3 mexicana, tamb\u00e9 hem estat presentant durant 3 anys concerts amb diferents tem\u00e1tiques de la cultura m\u00fasical llatinoamericana. Fins i tot cantem en catal\u00e0, t&#8217;ho imagines?<\/p>\n<h3 class='subtitular'>Requeriments t\u00e9cnics:<\/h3>\n<p>Depenen de les dimensions i l&#8217;ac\u00fastica del teatre en q\u00fcesti\u00f2 podem fer actuacions amb requeriments t\u00e9cnics o acustics. Et deixo amb exemples de les nostres actuacions en teatres. teatros.<\/p>\n<h3 class='subtitular'>Exemples d&#8217;actuacions als teatres:<\/h3>\n<ul class='acordeon'>\n<li class='gdl-divider'>\n<h2 class='accordion-head title-color gdl-title'><span class='accordion-head-image'><\/span>Cantant en Catal\u00e0 al casinet d'Hostafrancs<\/h2>\n<div class='accordion-content'>\n<div class=\"responsive-video\" itemprop=\"video\" itemscope itemtype=\"http:\/\/schema.org\/VideoObject\"><iframe loading=\"lazy\" class=\"youtube-player\" type=\"text\/html\" width=\"660\" height=\"371\" src=\"https:\/\/www.youtube.com\/embed\/Y-HPe5Vm0Ak?html5=1\" allowfullscreen><\/iframe><\/div>\n<h3 itemprop=\"name\">Casinet d&#8217;Hostafrancs &#8211; Cantant en Catal\u00e0<\/h3>\n<p itemprop=\"description\">Mariachi Semblanza cantant m\u00fasica tradicional mexicana en Catal\u00e0 al casinet d&#8217;Hostafrancs<\/p>\n<p><meta itemprop=\"image\" content=\"http:\/\/img.youtube.com\/vi\/Y-HPe5Vm0Ak\/0.jpg\"><meta itemprop=\"thumbnailUrl\" content=\"https:\/\/img.youtube.com\/vi\/Y-HPe5Vm0Ak\/2.jpg\">\n<\/div>\n<\/li>\n<li class='gdl-divider'>\n<h2 class='accordion-head title-color gdl-title'><span class='accordion-head-image'><\/span>Matalas al teatre Arteria Paral.lel<\/h2>\n<div class='accordion-content'>\n<div class=\"responsive-video\" itemprop=\"video\" itemscope itemtype=\"http:\/\/schema.org\/VideoObject\"><iframe loading=\"lazy\" class=\"youtube-player\" type=\"text\/html\" width=\"660\" height=\"371\" src=\"https:\/\/www.youtube.com\/embed\/TeF7Eh0Epts?html5=1\" allowfullscreen><\/iframe><\/div>\n<h3 itemprop=\"name\">Teatre Arteria Paral.lel &#8211; Matalas<\/h3>\n<p itemprop=\"description\">Mariachi Semblanza acompanyant a Josep Perez Abuy\u00e9 (El charro catal\u00e0) al teatre Arteria Paral.lel de Barcelona amb el ballet Viva M\u00e9xico. Can\u00e7\u00f3 interpretada Matalas en directe<\/p>\n<p><meta itemprop=\"image\" content=\"http:\/\/img.youtube.com\/vi\/TeF7Eh0Epts\/0.jpg\"><meta itemprop=\"thumbnailUrl\" content=\"https:\/\/img.youtube.com\/vi\/TeF7Eh0Epts\/2.jpg\">\n<\/div>\n<\/li>\n<li class='gdl-divider'>\n<h2 class='accordion-head title-color gdl-title'><span class='accordion-head-image'><\/span>Mujeres divinas al teatre Arteria Paral.lel<\/h2>\n<div class='accordion-content'>\n<div class=\"responsive-video\" itemprop=\"video\" itemscope itemtype=\"http:\/\/schema.org\/VideoObject\"><iframe loading=\"lazy\" class=\"youtube-player\" type=\"text\/html\" width=\"660\" height=\"371\" src=\"https:\/\/www.youtube.com\/embed\/bjO__4RQvY8?html5=1\" allowfullscreen><\/iframe><\/div>\n<h3 itemprop=\"name\">Teatre Arteria Paral.lel &#8211; Mujeres Divinas<\/h3>\n<p itemprop=\"description\">Mariachi Semblanza actuant al teatre Arteria Paral.lel acompanyant al charro catal\u00e0 i el ballet Viva M\u00e9xico interpretant la can\u00e7\u00f3 Mujeres Divinas en directe<\/p>\n<p><meta itemprop=\"image\" content=\"http:\/\/img.youtube.com\/vi\/bjO__4RQvY8\/0.jpg\"><meta itemprop=\"thumbnailUrl\" content=\"https:\/\/img.youtube.com\/vi\/bjO__4RQvY8\/2.jpg\">\n<\/div>\n<\/li>\n<\/ul>\n<div class=\"responsive-video\" itemprop=\"video\" itemscope itemtype=\"http:\/\/schema.org\/VideoObject\"><iframe loading=\"lazy\" class=\"youtube-player\" type=\"text\/html\" width=\"660\" height=\"371\" src=\"https:\/\/www.youtube.com\/embed\/3X1Ar9O6Cbo?html5=1\" allowfullscreen><\/iframe><\/div>\n<h3 itemprop=\"name\">la noche y tu<\/h3>\n<p itemprop=\"description\">actuaci\u00f3n en la feria vive latinoam\u00e9rica<\/p>\n<p><meta itemprop=\"image\" content=\"http:\/\/img.youtube.com\/vi\/3X1Ar9O6Cbo\/0.jpg\"><meta itemprop=\"thumbnailUrl\" content=\"https:\/\/img.youtube.com\/vi\/3X1Ar9O6Cbo\/2.jpg\"><\/p>\n","protected":false},"excerpt":{"rendered":"<p itemprop=\"description\">La m\u00fasica del Mariachi, en la seva evoluci\u00f3 ha desenvolupat un estil propi. Adoptant les estructures de la m\u00fasica sinfonica i ofereix un ventall molt divers de ritmes, armonies tradicionals i modernes que es poden expresar com a espectacle per si mateix. A mes a mes, es pot combinar amb espectacles coreogr\u00e1fics de dances tradicionals [&hellip;]<\/p>\n","protected":false},"author":1,"featured_media":7193,"parent":0,"menu_order":3,"comment_status":"open","ping_status":"open","template":"","meta":{"footnotes":""},"categories":[632],"tags":[634,633],"class_list":["post-3908","page","type-page","status-publish","has-post-thumbnail","hentry","category-serveis","tag-concerts-a-teatres","tag-teatres"],"_links":{"self":[{"href":"https:\/\/www.mariachi-semblanza.com\/ca\/wp-json\/wp\/v2\/pages\/3908","targetHints":{"allow":["GET"]}}],"collection":[{"href":"https:\/\/www.mariachi-semblanza.com\/ca\/wp-json\/wp\/v2\/pages"}],"about":[{"href":"https:\/\/www.mariachi-semblanza.com\/ca\/wp-json\/wp\/v2\/types\/page"}],"author":[{"embeddable":true,"href":"https:\/\/www.mariachi-semblanza.com\/ca\/wp-json\/wp\/v2\/users\/1"}],"replies":[{"embeddable":true,"href":"https:\/\/www.mariachi-semblanza.com\/ca\/wp-json\/wp\/v2\/comments?post=3908"}],"version-history":[{"count":0,"href":"https:\/\/www.mariachi-semblanza.com\/ca\/wp-json\/wp\/v2\/pages\/3908\/revisions"}],"wp:featuredmedia":[{"embeddable":true,"href":"https:\/\/www.mariachi-semblanza.com\/ca\/wp-json\/wp\/v2\/media\/7193"}],"wp:attachment":[{"href":"https:\/\/www.mariachi-semblanza.com\/ca\/wp-json\/wp\/v2\/media?parent=3908"}],"wp:term":[{"taxonomy":"category","embeddable":true,"href":"https:\/\/www.mariachi-semblanza.com\/ca\/wp-json\/wp\/v2\/categories?post=3908"},{"taxonomy":"post_tag","embeddable":true,"href":"https:\/\/www.mariachi-semblanza.com\/ca\/wp-json\/wp\/v2\/tags?post=3908"}],"curies":[{"name":"wp","href":"https:\/\/api.w.org\/{rel}","templated":true}]}}