{"id":3917,"date":"2013-05-14T11:45:40","date_gmt":"2013-05-14T16:15:18","guid":{"rendered":"http:\/\/el-mariachi-de-barcelona.com\/?page_id=3917"},"modified":"2013-05-16T17:06:22","modified_gmt":"2013-05-16T15:06:22","slug":"casaments","status":"publish","type":"page","link":"https:\/\/www.mariachi-semblanza.com\/ca\/casaments\/","title":{"rendered":"Casaments"},"content":{"rendered":"<h3 class='subtitular'>Concert de Mariachi per a casaments:<\/h3>\n<p>Els casaments, com a acte social en el que dues persones decideixen formar una familia, es un ritual intrisec de festa on la m\u00fasica es un element essecial en totes les cultures. Aixi, <strong>a M\u00e9xic un casament no s&#8217;enten sense un Mariachi<\/strong> o un grup de m\u00fasica tradicional de la regi\u00f3 a la que es pertanyi.<\/p>\n<p>El Mariachi es una agrupaci\u00f3 molt vers\u00e1til en el sentit de que es pot tocar en un escenari, en ac\u00fastic, en moviment&#8230; Te un repertori para qualsevol esdeveniment, a mes, el seu extens repertori permet animar un petit detall musical o moltes hores de m\u00fasica per a qualsevol situaci\u00f3 posible en un casament.<\/p>\n<p>A M\u00e9xic, o segons l&#8217;estil mexic\u00e0 es com\u00fa que el Mariachi sigui la guinda del past\u00eds i culmini la festa amb l&#8217;\u00e9xit de la patxanga i tot el mon canti i demani les can\u00e7ons que coneix i vulgui cantar.<\/p>\n<h3 class='subtitular'>La nostra experiencia a Europa:<\/h3>\n<p>La nostra experiencia a Europa ha fet de la participaci\u00f3 del Mariachi un detall \u00f3ptim en diferents situacions. Lo com\u00fa ha estat <strong>acompanyar els aperitius i caf\u00e9s de moltes noces<\/strong>. <\/p>\n<p>Hem fet sonar ranxeres al mig del casament o al final de l&#8217;esdeveniment. Fins i tot varem tenir el gust d&#8217;actuar a la sala oval del <abbr title=\"Museu Nacional d'Art de Catalunya\">MNAC<\/abbr> a Montjuich fent &#8220;arreglos&#8221; per a una balada cubana durant el casament de <cite>Rafael Amargo<\/cite>. <\/p>\n<p>Tamb\u00e9 hen acompanyat als nuvis al peu de les onades de la platja de la Barceloneta, a la llum d&#8217;espelmes mentrestant la autoritat civil casava a una parella. Tamb\u00e9 hem actuat al mig del mar, en un vaixell mentres es feia l&#8217;obsequi dels anells, etc&#8230;<\/p>\n<h3 class='subtitular'>Un icona de Celebraci\u00f3:<\/h3>\n<p>El <strong>Mariachi es un icona de celebraci\u00f3<\/strong>, significa, sense que estigui escrit, <em>festa sagrada del alma<\/em>, del cor. Es elegant i sencill, sempre es agradable la seva presencia. <\/p>\n<p>Podem ser el detall que col.labori en el seu casament perque aquest dia tan especial es recordi sempre amb molta estima.<\/p>\n<p>&nbsp;<\/p>\n","protected":false},"excerpt":{"rendered":"<p itemprop=\"description\">Els casaments, com a acte social en el que dues persones decideixen formar una familia, es un ritual intrisec de festa on la m\u00fasica es un element essecial en totes les cultures. Aixi, a M\u00e9xic un casament no s&#8217;enten sense un Mariachi o un grup de m\u00fasica tradicional de la regi\u00f3 a la que es [&hellip;]<\/p>\n","protected":false},"author":1,"featured_media":7685,"parent":0,"menu_order":4,"comment_status":"open","ping_status":"open","template":"","meta":{"footnotes":""},"categories":[632],"tags":[635],"class_list":["post-3917","page","type-page","status-publish","has-post-thumbnail","hentry","category-serveis","tag-casaments"],"_links":{"self":[{"href":"https:\/\/www.mariachi-semblanza.com\/ca\/wp-json\/wp\/v2\/pages\/3917","targetHints":{"allow":["GET"]}}],"collection":[{"href":"https:\/\/www.mariachi-semblanza.com\/ca\/wp-json\/wp\/v2\/pages"}],"about":[{"href":"https:\/\/www.mariachi-semblanza.com\/ca\/wp-json\/wp\/v2\/types\/page"}],"author":[{"embeddable":true,"href":"https:\/\/www.mariachi-semblanza.com\/ca\/wp-json\/wp\/v2\/users\/1"}],"replies":[{"embeddable":true,"href":"https:\/\/www.mariachi-semblanza.com\/ca\/wp-json\/wp\/v2\/comments?post=3917"}],"version-history":[{"count":0,"href":"https:\/\/www.mariachi-semblanza.com\/ca\/wp-json\/wp\/v2\/pages\/3917\/revisions"}],"wp:featuredmedia":[{"embeddable":true,"href":"https:\/\/www.mariachi-semblanza.com\/ca\/wp-json\/wp\/v2\/media\/7685"}],"wp:attachment":[{"href":"https:\/\/www.mariachi-semblanza.com\/ca\/wp-json\/wp\/v2\/media?parent=3917"}],"wp:term":[{"taxonomy":"category","embeddable":true,"href":"https:\/\/www.mariachi-semblanza.com\/ca\/wp-json\/wp\/v2\/categories?post=3917"},{"taxonomy":"post_tag","embeddable":true,"href":"https:\/\/www.mariachi-semblanza.com\/ca\/wp-json\/wp\/v2\/tags?post=3917"}],"curies":[{"name":"wp","href":"https:\/\/api.w.org\/{rel}","templated":true}]}}