{"id":4132,"date":"2013-05-14T12:24:14","date_gmt":"2013-05-14T22:43:11","guid":{"rendered":"http:\/\/el-mariachi-de-barcelona.com\/?page_id=4132"},"modified":"2014-01-29T15:39:52","modified_gmt":"2014-01-29T14:39:52","slug":"mariachi-semblanza","status":"publish","type":"page","link":"https:\/\/www.mariachi-semblanza.com\/ca\/mariachi-semblanza\/","title":{"rendered":"Mariachi Semblanza"},"content":{"rendered":"<p>El Mariachi Semblanza \u00e9s el <strong>Mariachi m\u00e9s antic a Barcelona<\/strong> i avui en dia <strong>un dels millors mariachis del territori espanyol<\/strong>. \u00c9s un grup consolidat amb m\u00e9s de divuit anys d&#8217;evoluci\u00f3 i treball constant, el que garanteix qualitat en en les seves interpretacions i excel\u00b7lent pres\u00e8ncia en les seves actuacions.<\/p>\n<p>Semblanza els convida a passar una <strong>estona \u00fanica escoltant a un Mariachi aut\u00e8ntic<\/strong> i oferint-los el millor del repertori ranxero.<\/p>\n<p>Els acompanyem en la celebraci\u00f3 de noces, natalicis, aniversaris, recepcions de negocis, funerals, sopars d&#8217;empresa, vetllades rom\u00e0ntiques, qualsevol esdeveniment especial ja sigui social o cultural.<\/p>\n<p>L&#8217;<a title=\"\u00c1rea habitual de treball\" href=\"https:\/\/www.mariachi-semblanza.com\/ca\/arees-de-treball-o-zones-dactuacions\/\">\u00e0rea habitual de treball<\/a> del Mariachi Semblanza \u00e9s Barcelona i ens desplacem a qualsevol punt del territori espanyol i de europa.<\/p>\n<h3 class='subtitular'>Mariachi Semblanza&#8230; Orgullosament mexic\u00e0!<\/h3>\n<p>Durant aquests 18 anys amb vosaltres, hem tingut l&#8217;oportunitat d&#8217;acostar el folklore mexic\u00e0 arreu del m\u00f3n, normalment <strong>actuant a Barcelona<\/strong> (el nostre lloc de resid\u00e8ncia) o a diferents indrets de Catalunya com a Tarragona, Lleida o Girona.<br \/>\nDe la mateixa manera que hem fet <a title=\"actuacions\" href=\"http:\/\/www.mariachi-semblanza.com\/ca\/actuacions\/\">actuacions musicals<\/a> al llarg de la pen\u00ednsula Ib\u00e8rica, a trav\u00e9s de diversos pa\u00efsos d&#8217;Europa i fins i tot hem actuat a Dubai o Turqu\u00eda.<br \/>\nEl Mariachi Semblanza \u00e9s un dels m\u00e9s coneguts grups de m\u00fasica tradicional mexicana d&#8217;Espanya i Europa. Aix\u00f3 ens ha portat a actuar en diferents edicions de festivals musicals nacionals i internacionals.<\/p>\n<h3 class='subtitular'>Les nostres especialitats:<\/h3>\n<p>Som especialistes en <a title=\"acompanyament d'artistas\" href=\"https:\/\/www.mariachi-semblanza.com\/ca\/temas\/acompanyament-artistes\/\">l&#8217;acompanyament d&#8217;artistes<\/a> coneguts de la can\u00e7\u00f3 tradicional mexicana I qualsevol tipus de m\u00fasica que requereix un grup d&#8217;acompanyament com a nostre. <strong>Hem actuat amb artistes de renom<\/strong> com <cite>Pedro Fern\u00e1ndez<\/cite>, <cite>David Bisbal<\/cite>, <cite>Ana Torroja<\/cite>, <cite>Rafael Amargo<\/cite>, <cite>Alejandro Fern\u00e1ndez<\/cite>, etc&#8230;<br \/>\nLes nostres accions s\u00f3n sempre en directe pel que som capa\u00e7os de dur a terme actuacions en teatres, festivals, festes, festes privades, o fins i tot al carrer, oferint serveis exclusius com la Serenata, per exemple.<\/p>\n<h3 class='subtitular'>Actuacions a la premsa:<\/h3>\n<p>Durant aquests anys hem tingut l&#8217;oportunitat de realitzar <strong>esdeveniments que ha cobert la premsa nacional<\/strong>. Televisi\u00f3, premsa i r\u00e0dio, fins i tot han participat en un episodi d&#8217;una s\u00e8rie de la televisi\u00f3 local que acompanyen els artistes en la gravaci\u00f3 de la s\u00e8rie.<\/p>\n<h3 class='subtitular'>Actuacions en teatres:<\/h3>\n<p>Ens agrada molt actuar en teatres per les peculiaritats d&#8217;aquestes i especialment l&#8217;ac\u00fastica i la calidesa de la gent. Les actuacions en teatres s\u00f3n especials, ja que permeten una interacci\u00f3 diferent amb el p\u00fablic assistent a l&#8217;esdeveniment. Cal destacar l&#8217;actuaci\u00f3 en el Hall del MNAC on vam tenir l&#8217;oportunitat de fer sonar can\u00e7ons del repertori ranxero en aquesta espectacular sala oval.<\/p>\n<h3 class='subtitular'>El Mariachi Semblanza als festivals internacionals:<\/h3>\n<p>El Mariachi Semblanza ha tingut l&#8217;oportunitat d&#8217;actuar en diversos festivals internacionals de m\u00fasica. Hem participat en diverses edicions del festival internacional de Barcelonette en Proven\u00e7a (Fran\u00e7a), hem fet la m\u00fasica de Mariachi Festival a Ankara (Turquia) i fins i tot hem participat en <a title=\"festivales\" href=\"https:\/\/www.mariachi-semblanza.com\/ca\/temas\/actuacions-internacionals\/\">festivals internacionals<\/a> de m\u00fasica que va tenir lloc a Alemanya.<\/p>\n<h3 class='subtitular'>Buscant un grup de m\u00fasics?<\/h3>\n<p>Si vost\u00e8 est\u00e0 buscant un grup de m\u00fasics acompanyant a un esdeveniment, actuaci\u00f3, festival o qualsevol acci\u00f3 que exigeix un grup de Marichis que interpreten can\u00e7ons del repertori mariachi us convidem a visitar els nostres <a title=\"servicios musicales\" href=\"https:\/\/www.mariachi-semblanza.com\/ca\/formaciones-musicales-y-tipos-de-espectaculos-del-mariachi-semblanza\/\">serveis de m\u00fasica<\/a> i ens consultis els dubtes que tinguis.<\/p>\n","protected":false},"excerpt":{"rendered":"<p itemprop=\"description\">El Mariachi Semblanza \u00e9s el Mariachi m\u00e9s antic a Barcelona i avui en dia un dels millors mariachis del territori espanyol. \u00c9s un grup consolidat amb m\u00e9s de divuit anys d&#8217;evoluci\u00f3 i treball constant, el que garanteix qualitat en en les seves interpretacions i excel\u00b7lent pres\u00e8ncia en les seves actuacions. Semblanza els convida a passar [&hellip;]<\/p>\n","protected":false},"author":1,"featured_media":4048,"parent":0,"menu_order":0,"comment_status":"open","ping_status":"open","template":"","meta":{"footnotes":""},"categories":[],"tags":[1335,1334],"class_list":["post-4132","page","type-page","status-publish","has-post-thumbnail","hentry","tag-mariachi-de-barcelona-ca","tag-semblanza"],"_links":{"self":[{"href":"https:\/\/www.mariachi-semblanza.com\/ca\/wp-json\/wp\/v2\/pages\/4132","targetHints":{"allow":["GET"]}}],"collection":[{"href":"https:\/\/www.mariachi-semblanza.com\/ca\/wp-json\/wp\/v2\/pages"}],"about":[{"href":"https:\/\/www.mariachi-semblanza.com\/ca\/wp-json\/wp\/v2\/types\/page"}],"author":[{"embeddable":true,"href":"https:\/\/www.mariachi-semblanza.com\/ca\/wp-json\/wp\/v2\/users\/1"}],"replies":[{"embeddable":true,"href":"https:\/\/www.mariachi-semblanza.com\/ca\/wp-json\/wp\/v2\/comments?post=4132"}],"version-history":[{"count":0,"href":"https:\/\/www.mariachi-semblanza.com\/ca\/wp-json\/wp\/v2\/pages\/4132\/revisions"}],"wp:featuredmedia":[{"embeddable":true,"href":"https:\/\/www.mariachi-semblanza.com\/ca\/wp-json\/wp\/v2\/media\/4048"}],"wp:attachment":[{"href":"https:\/\/www.mariachi-semblanza.com\/ca\/wp-json\/wp\/v2\/media?parent=4132"}],"wp:term":[{"taxonomy":"category","embeddable":true,"href":"https:\/\/www.mariachi-semblanza.com\/ca\/wp-json\/wp\/v2\/categories?post=4132"},{"taxonomy":"post_tag","embeddable":true,"href":"https:\/\/www.mariachi-semblanza.com\/ca\/wp-json\/wp\/v2\/tags?post=4132"}],"curies":[{"name":"wp","href":"https:\/\/api.w.org\/{rel}","templated":true}]}}