{"id":4142,"date":"2013-05-14T11:56:31","date_gmt":"2013-05-14T22:49:42","guid":{"rendered":"http:\/\/el-mariachi-de-barcelona.com\/?page_id=4142"},"modified":"2013-05-15T00:49:42","modified_gmt":"2013-05-14T22:49:42","slug":"historia-del-nostre-mariachi-el-mariachi-semblanza-de-barcelona","status":"publish","type":"page","link":"https:\/\/www.mariachi-semblanza.com\/ca\/historia-del-nostre-mariachi-el-mariachi-semblanza-de-barcelona\/","title":{"rendered":"Hist\u00f2ria del nostre Mariachi &#8211; El Mariachi Semblanza de Barcelona"},"content":{"rendered":"<p>El Mariachi Semblanza va n\u00e9ixer al juliol de 1995 com un quartet de m\u00fasica t\u00edpica mexicana que inclo\u00efa vihuela, viol\u00ed, guitarr\u00f3n i cantant femenina.<\/p>\n<p>Durant els primers anys del grup, les presentacions s\u00f3n cont\u00ednues amenitzant les nits barcelonines en els restaurants mexicans. L&#8217;acceptaci\u00f3 del p\u00fablic fa que durant 3 anys el grup s&#8217;expandeixi amb m\u00fasics vinguts de tot el m\u00f3n. Amb el pas del temps i l&#8217;anar i venir de diferents elements, Semblanza queda conformat en la seva majoria per m\u00fasics mexicans de gran experi\u00e8ncia en la m\u00fasica tradicional. Actualment el mariachi es conforma de 3 violins, requinto, guitarr\u00f3n, vihuela, acordi\u00f3 i dues trompetes.<\/p>\n<p>Alejandra Hern\u00e1ndez ha estat des de la creaci\u00f3 i durant tota la vida del grup, darrere del projecte, proposant i consolidant, organitzant i intervenint, per\u00f2 sobretot, treballant amb tenacitat, afecte i il\u00b7lusi\u00f3 perqu\u00e8 aquest grup sigui el referent de la m\u00fasica del mariachi en aquesta regi\u00f3 del m\u00f3n.<\/p>\n","protected":false},"excerpt":{"rendered":"<p itemprop=\"description\">El Mariachi Semblanza va n\u00e9ixer al juliol de 1995 com un quartet de m\u00fasica t\u00edpica mexicana que inclo\u00efa vihuela, viol\u00ed, guitarr\u00f3n i cantant femenina. Durant els primers anys del grup, les presentacions s\u00f3n cont\u00ednues amenitzant les nits barcelonines en els restaurants mexicans. L&#8217;acceptaci\u00f3 del p\u00fablic fa que durant 3 anys el grup s&#8217;expandeixi amb m\u00fasics [&hellip;]<\/p>\n","protected":false},"author":1,"featured_media":4144,"parent":0,"menu_order":0,"comment_status":"open","ping_status":"open","template":"","meta":{"footnotes":""},"categories":[916],"tags":[],"class_list":["post-4142","page","type-page","status-publish","has-post-thumbnail","hentry","category-1995-2"],"_links":{"self":[{"href":"https:\/\/www.mariachi-semblanza.com\/ca\/wp-json\/wp\/v2\/pages\/4142","targetHints":{"allow":["GET"]}}],"collection":[{"href":"https:\/\/www.mariachi-semblanza.com\/ca\/wp-json\/wp\/v2\/pages"}],"about":[{"href":"https:\/\/www.mariachi-semblanza.com\/ca\/wp-json\/wp\/v2\/types\/page"}],"author":[{"embeddable":true,"href":"https:\/\/www.mariachi-semblanza.com\/ca\/wp-json\/wp\/v2\/users\/1"}],"replies":[{"embeddable":true,"href":"https:\/\/www.mariachi-semblanza.com\/ca\/wp-json\/wp\/v2\/comments?post=4142"}],"version-history":[{"count":0,"href":"https:\/\/www.mariachi-semblanza.com\/ca\/wp-json\/wp\/v2\/pages\/4142\/revisions"}],"wp:featuredmedia":[{"embeddable":true,"href":"https:\/\/www.mariachi-semblanza.com\/ca\/wp-json\/wp\/v2\/media\/4144"}],"wp:attachment":[{"href":"https:\/\/www.mariachi-semblanza.com\/ca\/wp-json\/wp\/v2\/media?parent=4142"}],"wp:term":[{"taxonomy":"category","embeddable":true,"href":"https:\/\/www.mariachi-semblanza.com\/ca\/wp-json\/wp\/v2\/categories?post=4142"},{"taxonomy":"post_tag","embeddable":true,"href":"https:\/\/www.mariachi-semblanza.com\/ca\/wp-json\/wp\/v2\/tags?post=4142"}],"curies":[{"name":"wp","href":"https:\/\/api.w.org\/{rel}","templated":true}]}}