{"id":4146,"date":"2013-05-14T12:06:36","date_gmt":"2013-05-14T22:51:21","guid":{"rendered":"http:\/\/el-mariachi-de-barcelona.com\/?page_id=4146"},"modified":"2013-05-16T18:33:02","modified_gmt":"2013-05-16T16:33:02","slug":"arees-de-treball-o-zones-dactuacions","status":"publish","type":"page","link":"https:\/\/www.mariachi-semblanza.com\/ca\/arees-de-treball-o-zones-dactuacions\/","title":{"rendered":"\u00c1rees de treball o zones d&#8217;actuacions"},"content":{"rendered":"<h3 class='subtitular'>Actuacions a Barcelona:<\/h3>\n<p>La nostra \u00e0rea habitual de treball \u00e9s Barcelona i voltants i ens movem generalment per tot Catalunya. Tots nosaltres som residents i vivim en la ciutat de Barcelona o en alguna localitat propera (Begues, Manresa, Vildacans o L&#8217;Hospitalet).<\/p>\n<p>Per a les actuacions que realitzem dintre de la ciutat de Barcelona no cobrem transport.<\/p>\n<h3 class='subtitular'>Actuacions a Catalunya:<\/h3>\n<p>Per a nosaltres \u00e9s un plaer despla\u00e7ar-nos a diferents ciutats de Catalunya, com Girona, Tarragona, Lleida, Matar\u00f3, Vilafranca, Igualada, Terrasa, Sabadell, Manresa, i un llarg etc\u00e8tera. Ens agraden molt les localitats i pobles encantadors d&#8217;aquest pa\u00eds i l&#8217;ambient que es forma en les seves festes, sigui una Festa Major, unes noces en una masia, un natalici o qualsevol altra celebraci\u00f3 especial.<\/p>\n<p>Solem traslladar-nos en transport propi a gaireb\u00e9 tots els llocs de Catalunya, cobrant el transport a part per km recorregut.<\/p>\n<h3 class='subtitular'>Actuacions a Espanya:<\/h3>\n<p>A m\u00e9s dels treballs prop de Barcelona tamb\u00e9 solem treballar bastant en la resta d&#8217;Espanya, ja sigui Pen\u00ednsula o en les Illes Balears com Eivissa.<\/p>\n<p>Quan anem lluny de casa, solem oferir actuacions d&#8217;una hora o dues pel mateix preu, sempre que es cobreixin les despeses de despla\u00e7ament (avi\u00f3 o terrestre) i allotjament (si fa falta).<\/p>\n<p>Estem encantats d&#8217;acompanyar-los a qualsevol part d&#8217;Espanya.<\/p>\n<h3 class='subtitular'>Actuacions internacionals<\/h3>\n<p>El Mariachi Semblanza ha estat convidat en diferents ocasions a festivals i festes en l&#8217;estranger (It\u00e0lia, Gr\u00e8cia, Dubai, Litu\u00e0nia, Irlanda, Finl\u00e0ndia, Fran\u00e7a i Andorra). Els convidem a visitar la secci\u00f3 actuacions destacades \u00bb per a una millor impressi\u00f3. No tenim cap inconvenient a viatjar a qualsevol lloc que ens sol\u00b7licitin.<\/p>\n<p>Normalment ens desplacem amb avi\u00f3 i despr\u00e9s ens traslladem a l&#8217;hotel i a l&#8217;actuaci\u00f3 tal com els nostres clients ens indiquen. Podem encarregar-nos de buscar allotjament i menjars pel nostre compte o b\u00e9 aquests serveis poden ser proporcionat el client si li conv\u00e9, per a reduir despeses.<\/p>\n","protected":false},"excerpt":{"rendered":"<p itemprop=\"description\">La nostra \u00e0rea habitual de treball \u00e9s Barcelona i voltants i ens movem generalment per tot Catalunya. Tots nosaltres som residents i vivim en la ciutat de Barcelona o en alguna localitat propera (Begues, Manresa, Vildacans o L&#8217;Hospitalet). Per a les actuacions que realitzem dintre de la ciutat de Barcelona no cobrem transport. Per a [&hellip;]<\/p>\n","protected":false},"author":1,"featured_media":0,"parent":0,"menu_order":0,"comment_status":"open","ping_status":"open","template":"","meta":{"footnotes":""},"categories":[],"tags":[881,883,888,884,882,885,887,886],"class_list":["post-4146","page","type-page","status-publish","hentry","tag-barcelona-ca","tag-catalunya","tag-eivissa","tag-espanya","tag-internacional","tag-manresa-ca","tag-sabadell","tag-terrassa"],"_links":{"self":[{"href":"https:\/\/www.mariachi-semblanza.com\/ca\/wp-json\/wp\/v2\/pages\/4146","targetHints":{"allow":["GET"]}}],"collection":[{"href":"https:\/\/www.mariachi-semblanza.com\/ca\/wp-json\/wp\/v2\/pages"}],"about":[{"href":"https:\/\/www.mariachi-semblanza.com\/ca\/wp-json\/wp\/v2\/types\/page"}],"author":[{"embeddable":true,"href":"https:\/\/www.mariachi-semblanza.com\/ca\/wp-json\/wp\/v2\/users\/1"}],"replies":[{"embeddable":true,"href":"https:\/\/www.mariachi-semblanza.com\/ca\/wp-json\/wp\/v2\/comments?post=4146"}],"version-history":[{"count":0,"href":"https:\/\/www.mariachi-semblanza.com\/ca\/wp-json\/wp\/v2\/pages\/4146\/revisions"}],"wp:attachment":[{"href":"https:\/\/www.mariachi-semblanza.com\/ca\/wp-json\/wp\/v2\/media?parent=4146"}],"wp:term":[{"taxonomy":"category","embeddable":true,"href":"https:\/\/www.mariachi-semblanza.com\/ca\/wp-json\/wp\/v2\/categories?post=4146"},{"taxonomy":"post_tag","embeddable":true,"href":"https:\/\/www.mariachi-semblanza.com\/ca\/wp-json\/wp\/v2\/tags?post=4146"}],"curies":[{"name":"wp","href":"https:\/\/api.w.org\/{rel}","templated":true}]}}