{"id":4483,"date":"2013-05-16T18:34:28","date_gmt":"2013-05-16T16:34:28","guid":{"rendered":"http:\/\/el-mariachi-de-barcelona.com\/?page_id=4483"},"modified":"2013-05-20T17:37:15","modified_gmt":"2013-05-20T15:37:15","slug":"lssi-lopd","status":"publish","type":"page","link":"https:\/\/www.mariachi-semblanza.com\/ca\/lssi-lopd\/","title":{"rendered":"Condicions d&#8217;\u00fas, LSSI, LOPD"},"content":{"rendered":"<h2 class='titular'>Protecci\u00f3 de dades i condicions d&#8217;\u00fas del web:<\/h2>\n<h3 class='subtitular'>Propietat i finalitat:<\/h3>\n<p>El domini www.mariachisemblanza.com \u00e9s propietat de Simao Hern\u00e1ndez i t\u00e9 la finalitat de presentar el treball del grup Mariachi Semblanza, aix\u00ed com la seva promoci\u00f3 social. El contingut de tercers, com ara els v\u00eddeos i alguns textos, s\u00f3n propietat d&#8217;aquests tercers i es publiquen tamb\u00e9 en aquest lloc web perqu\u00e8 en ell apareix el grup Mariachi Semblanza. No obstant aix\u00f2, l&#8217;autoria d&#8217;aquests continguts els pertany als autors.<\/p>\n<h3 class='subtitular'>Llic\u00e8ncia de contingut:<\/h3>\n<p>Llevat que s&#8217;especifiqui el contrari el contingut publicat en aquest web t\u00e9 tots els drets reservats, incloent-hi els textos. L&#8217;abs\u00e8ncia de notes de copyright o llic\u00e8ncies de contingut no els eximeix d&#8217;aquestes.<\/p>\n<p>Vost\u00e8 no t\u00e9 dret a copiar, distribuir, remesclar, editar o alterar cap de les fotos, v\u00eddeos, mp3, textos o treballs exposats en aquest web. Ni tan sols per a \u00fas personal o sense \u00e0nim de lucre llevat que rebi el consentiment expr\u00e9s i per escrit de l&#8217;autor.<\/p>\n<p>Es permet la difusi\u00f3 del contingut mitjan\u00e7ant els botons habilitats a la mateixa web per compartir en xarxes socials. En el cas que vost\u00e8 tingui un web o bloc personal i\/o sense \u00e0nim de lucre i voldria fer \u00fas d&#8217;alguna d&#8217;aquestes fotografies, v\u00eddeos, mp3 o textos, contacteu per rebre el consentiment de l&#8217;autor.<\/p>\n<h3 class='subtitular'>Google Analytics:<\/h3>\n<p>Aquest lloc web utilitza la tecnologia de Google Analytics, un servei d&#8217;anal\u00edtica web prestat per Google Incorporated, una companyia de Delaware l&#8217;oficina principal a 1600 Amphitheatre Parkway, Mountain View (Calif\u00f2rnia), CA 94043, Estats Units.<\/p>\n<p>Google Analytics utilitza cookies, que s\u00f3n arxius de text emmagatzemats en el seu ordinador, per ajudar al lloc web a analitzar l&#8217;\u00fas que fan els usuaris del lloc. La informaci\u00f3 que genera la cookie sobre el seu \u00fas del website (incloent la seva adre\u00e7a IP) ser\u00e0 directament transmesa i arxivada \u00fanicament per Google als servidors dels Estats Units.<\/p>\n<p>Google utilitzar\u00e0 aquesta informaci\u00f3 amb el prop\u00f2sit de seguir la pista del seu \u00fas del lloc web, recopilant informes de l&#8217;activitat del website i prestant altres serveis relacionats amb l&#8217;activitat de la p\u00e0gina i l&#8217;\u00fas d&#8217;Internet.<\/p>\n<p>Google podr\u00e0 transmetre aquesta informaci\u00f3 a tercers quan aix\u00ed ho requereixi la legislaci\u00f3, o quan aquests tercers processin la informaci\u00f3 per compte de Google. Google no associar\u00e0 la seva adre\u00e7a IP amb cap altra dada de qu\u00e8 disposi.<\/p>\n<p>Vost\u00e8 pot rebutjar el tractament de les dades o la informaci\u00f3 denegant l&#8217;\u00fas de cookies mitjan\u00e7ant la configuraci\u00f3 apropiada del seu navegador, per\u00f2, ha de saber que si ho fa pot ser que no obtingui la plena funcionalitat d&#8217;aquest website. En utilitzar aquest lloc web, vost\u00e8 consent el tractament d&#8217;informaci\u00f3 sobre vost\u00e8 per Google en la forma i per als fins indicats.<\/p>\n<h3 class='subtitular'>Protecci\u00f3 de dades:<\/h3>\n<p>Durant la navegaci\u00f3 per aquest web, no s&#8217;instal \u00b7 galetes de seguiment en els dispositius dels seus visitants, excepte els esmentats anteriorment de Google Analytics. En cas que l&#8217;usuari vulgui afegir algun comentari als escrits haur\u00e0 d&#8217;omplir els camps amb el seu nom i la seva adre\u00e7a de correu electr\u00f2nic, hauran de ser reals o, en tot cas, identificables. Durant el comentari a la web es gravar\u00e0 l&#8217;adre\u00e7a IP des de la qual s&#8217;estableix la connexi\u00f3, direcci\u00f3 que quedar\u00e0 gravada en el CMS del web, WordPress. Qualsevol usuari podr\u00e0 demanar l&#8217;eliminaci\u00f3 del seu comentari o les dades identificatives sota enviament de la documentaci\u00f3 pertinent a trav\u00e9s del formulari de contacte.<\/p>\n<p>De la mateixa manera, s&#8217;ofereix un servei de notificaci\u00f3 mitjan\u00e7ant correu electr\u00f2nic per quan es publiqui un nou article en el lloc web. Aquest servei \u00e9s gratu\u00eft i lliure d&#8217;spam. Les dades proporcionades a trav\u00e9s del formulari de subscripci\u00f3 s&#8217;emmagatzemen a la base de dades del gestor de continguts amb la finalitat exclusiva d&#8217;oferir el servei de notificaci\u00f3 de nou contingut. En cap cas es guarden altres dades diferents de les que l&#8217;usuari veu en el formulari de subscripci\u00f3. De la mateixa manera, qualsevol usuari podr\u00e0 demanar l&#8217;eliminaci\u00f3 de les seves dades a trav\u00e9s del mateix formulari i \/ o mitjan\u00e7ant el formulari de contacte esmentat anteriorment.<\/p>\n<h3 class='subtitular'>Condicions generals de l&#8217;\u00fas del web:<\/h3>\n<p>La utilitzaci\u00f3 del lloc web www.mariachisemblanza.com i mariachisemblanza.com, aix\u00ed com tots els seus dominis i subdominis, suposa l&#8217;acceptaci\u00f3 plena per l&#8217;usuari de totes les condicions generals d&#8217;\u00fas vigents en cada moment en qu\u00e8 l&#8217;usuari accedeixi al mateix, per el que si no est\u00e0 d&#8217;acord amb el contingut del mateix haur\u00e0 d&#8217;abstenir de fer \u00fas del web.<\/p>\n<p>L&#8217;Usuari es compromet a no utilitzar la web o els seus serveis i continguts de forma contr\u00e0ria al que disposa la legislaci\u00f3 vigent que sigui d&#8217;aplicaci\u00f3. www.mariachisemblanza.com es reserva el dret a retirar l&#8217;acc\u00e9s al lloc web, sense necessitat de previ av\u00eds, a qualsevol usuari que contravingui el disposat en aquest av\u00eds legal.<\/p>\n<p>www.mariachisemblanza.com es reserva el dret de modificar en qualsevol moment les presents condicions generals d&#8217;\u00fas aix\u00ed com qualssevol altres condicions generals o particulars, reglaments d&#8217;\u00fas o avisos que resultin d&#8217;aplicaci\u00f3. Aix\u00ed mateix es reserva el dret a modificar en qualsevol moment la presentaci\u00f3, configuraci\u00f3 i localitzaci\u00f3 del lloc web, aix\u00ed com els continguts i les condicions requerides per utilitzar els mateixos.<\/p>\n<p>L&#8217;usuari reconeix i accepta que l&#8217;acc\u00e9s i \u00fas del website i dels continguts inclosos en el mateix t\u00e9 lloc lliurement i conscientment, sota la seva exclusiva responsabilitat. L&#8217;usuari es compromet a fer un \u00fas adequat i l\u00edcit del lloc web i dels continguts, de conformitat amb la legislaci\u00f3 aplicable, les presents condicions generals d&#8217;\u00fas, la moral i bons costums generalment acceptats i l&#8217;ordre p\u00fablic.<\/p>\n<h3 class='subtitular'>Exclusi\u00f3 de responsabilitat:<\/h3>\n<p>www.mariachisemblanza.com no garanteix la disponibilitat i continu\u00eftat del lloc web ni es fa responsable de qualssevol danys i perjudicis produ\u00efts o que puguin produir-se en el futur, ni dels defectes t\u00e8cnics, qualsevol que sigui la seva naturalesa, que es derivin de l&#8217;\u00fas de la informaci\u00f3 i de les mat\u00e8ries contingudes a la web.<\/p>\n<p>www.mariachisemblanza.com no es fa responsable de les opinions i declaracions abocades pels autors dels articles publicats al nostre lloc web, recaient en ells tota responsabilitat que pogu\u00e9s derivar d&#8217;aquestes manifestacions.<\/p>\n<p>Per tant, www.mariachisemblanza.com no garanteix la licitud, fiabilitat, utilitat, veracitat o exactitud de les informacions que es prestin a trav\u00e9s de lloc web o qualsevol dels seus subdominis.<\/p>\n<h3 class='subtitular'>Protecci\u00f3 de dades per comunicacions mitjan\u00e7ant el formulari de contacte:<\/h3>\n<p>En compliment de la Llei Org\u00e0nica 15\/1999 de 13 de desembre, de Protecci\u00f3 de Dades de Car\u00e0cter Personal, Simao Hern\u00e1ndez, posa en el seu coneixement que les dades incloses en les comunicacions per missatges de correu electr\u00f2nic estan dirigits al destinatari o destinataris designats. El contingut del missatge i les dades que hi figuren s\u00f3n estrictament confidencials, pel que si l&#8217;ha rebut per error, li preguem ens ho faci saber el m\u00e9s aviat possible, i elimini l&#8217;original, no es permet fer cap \u00fas del missatge. Aix\u00ed mateix, li comuniquem la possibilitat d&#8217;exercir els seus drets d&#8217;acc\u00e9s, rectificaci\u00f3, cancel \u00b7 laci\u00f3 i especificaci\u00f3, en els termes que estableix la legislaci\u00f3 vigent, que podr\u00e0 fer efectius dirigint-se per correu electr\u00f2nic al web www.mariachisemblanza.com\u00a0<a href=\"&#109;&#97;&#105;&#108;&#116;o:in&#102;o&#64;&#109;ar&#105;&#97;c&#104;ise&#109;&#98;l&#97;nz&#97;&#46;c&#111;m\">i&#110;&#102;o&#64;&#109;a&#114;&#105;a&#99;&#104;&#105;s&#101;&#109;b&#108;&#97;&#110;&#122;&#97;.c&#111;&#109;<\/a><\/p>\n<p>In compliance with the Organic Law 15\/1999 of December 13th, on the Protection of Personal Data, Sebasti\u00e1n Cueva, informs you that the Data included in this message is directed to the designated recipient or recipients. The content of this message and the Data within are strictly confidential and if you have received them by mistake, we would please ask you to let us know as soon as possible as well as to delete the original as it is not permitted to use the content of this message in any way. Likewise, we inform you of the possibility to exercise your right to access, rectification, cancellation or specification according to the terms of the current legislation. You can exercise these rights by contacting www.mariachisemblanza.com\u00a0via the email address:\u00a0<a href=\"mail&#116;&#111;:&#105;nfo&#64;&#109;&#97;&#114;i&#97;c&#104;i&#115;&#101;mbl&#97;&#110;&#122;a&#46;&#99;&#111;m\">info&#64;&#109;ariachis&#101;mb&#108;&#97;&#110;z&#97;&#46;c&#111;m<\/a><\/p>\n","protected":false},"excerpt":{"rendered":"<p itemprop=\"description\">El domini www.mariachisemblanza.com \u00e9s propietat de Simao Hern\u00e1ndez i t\u00e9 la finalitat de presentar el treball del grup Mariachi Semblanza, aix\u00ed com la seva promoci\u00f3 social. El contingut de tercers, com ara els v\u00eddeos i alguns textos, s\u00f3n propietat d&#8217;aquests tercers i es publiquen tamb\u00e9 en aquest lloc web perqu\u00e8 en ell apareix el grup [&hellip;]<\/p>\n","protected":false},"author":1,"featured_media":0,"parent":0,"menu_order":0,"comment_status":"open","ping_status":"open","template":"","meta":{"footnotes":""},"categories":[],"tags":[],"class_list":["post-4483","page","type-page","status-publish","hentry"],"_links":{"self":[{"href":"https:\/\/www.mariachi-semblanza.com\/ca\/wp-json\/wp\/v2\/pages\/4483","targetHints":{"allow":["GET"]}}],"collection":[{"href":"https:\/\/www.mariachi-semblanza.com\/ca\/wp-json\/wp\/v2\/pages"}],"about":[{"href":"https:\/\/www.mariachi-semblanza.com\/ca\/wp-json\/wp\/v2\/types\/page"}],"author":[{"embeddable":true,"href":"https:\/\/www.mariachi-semblanza.com\/ca\/wp-json\/wp\/v2\/users\/1"}],"replies":[{"embeddable":true,"href":"https:\/\/www.mariachi-semblanza.com\/ca\/wp-json\/wp\/v2\/comments?post=4483"}],"version-history":[{"count":0,"href":"https:\/\/www.mariachi-semblanza.com\/ca\/wp-json\/wp\/v2\/pages\/4483\/revisions"}],"wp:attachment":[{"href":"https:\/\/www.mariachi-semblanza.com\/ca\/wp-json\/wp\/v2\/media?parent=4483"}],"wp:term":[{"taxonomy":"category","embeddable":true,"href":"https:\/\/www.mariachi-semblanza.com\/ca\/wp-json\/wp\/v2\/categories?post=4483"},{"taxonomy":"post_tag","embeddable":true,"href":"https:\/\/www.mariachi-semblanza.com\/ca\/wp-json\/wp\/v2\/tags?post=4483"}],"curies":[{"name":"wp","href":"https:\/\/api.w.org\/{rel}","templated":true}]}}