{"id":4707,"date":"2013-05-19T17:26:05","date_gmt":"2013-05-19T15:26:05","guid":{"rendered":"http:\/\/el-mariachi-de-barcelona.com\/?page_id=4707"},"modified":"2013-05-23T11:20:25","modified_gmt":"2013-05-23T09:20:25","slug":"els-intruments-del-grup-mariachi-semblanza","status":"publish","type":"page","link":"https:\/\/www.mariachi-semblanza.com\/ca\/els-intruments-del-grup-mariachi-semblanza\/","title":{"rendered":"Els intruments del grup Mariachi Semblanza"},"content":{"rendered":"<blockquote class=\"quote-center\">\n<p>S&#8217;ha de prendre en compte que en l&#8217;Am\u00e8rica prehisp\u00e0nica no existien els instruments de corda i que aquests van ser introdu\u00efts despr\u00e9s de l&#8217;arribada dels espanyols al nou m\u00f3n.<\/p>\n<p>La dotaci\u00f3 tradicional del Mariachi &#8220;&#8230; Abans dels anys 50 s (&#8230;) estava formada per dos violins, una arpa gran, la viola i la cinquena de cop. Va ser en aquesta d\u00e8cada que substitueix la melodia del primer viol\u00ed per trompetes, i aquest queda relegat a fer segones veus. A m\u00e9s, per competir amb la sonoritat dels alens, s&#8217;han d&#8217;utilitzar 3 o m\u00e9s violins tocant a l&#8217;un\u00edson. A m\u00e9s, l&#8217;arpa queda substitu\u00efda pel guitarr\u00f3, guitarra baix que es toca fent octaves. En aquests sons podem notar una complementarietat de figures r\u00edtmiques entre els rasgueos, el baix i el viol\u00ed, on, en els silencis o figures lentes d&#8217;aquest \u00faltim, els rasgueos &#8220;omplen&#8221; i el baix d\u00f3na suport als temps febles. Justament en aquest di\u00e0leg es troba la riquesa de la seva m\u00fasica, ja que, en fallar qualsevol dels dos suports, el temps es perd.&#8221;<\/p>\n<p><cite>Ana Zarina Palafox M\u00e9ndez<\/cite>\n<\/p><\/blockquote>\n<h3 class='subtitular'>Viol\u00ed:<\/h3>\n<p>El viol\u00ed \u00e9s un dels instruments que m\u00e9s arrelaren a la m\u00fasica tradicional mexicana a partir de l&#8217;ensenyament que van fer els frares en totes les regions. En moltes zones de M\u00e8xic encara es poden trobar petits violins descendents del &#8220;Rabel&#8221; que un era un instrument precursor del viol\u00ed i un dels predilectes en l&#8217;\u00e8poca de la col\u00f2nia ja s&#8217;utilitzava amb fins rituals.<\/p>\n<p>De Fran\u00e7a i It\u00e0lia van arribar els instruments simf\u00f2nics de corda fregada i cap a l&#8217;\u00e8poca de la independ\u00e8ncia (1810) molts instruments es regionalizaron i adoptar maneres espec\u00edfiques de tocar, \u00e9s llavors quan els diferents estils de s\u00f3n de diferents regions van adoptar les formes tradicionals que ara coneixem .<\/p>\n<h3 class='subtitular'>Vihuela (tamb\u00e9 escrit vig\u00fcela en fonts m\u00e9s antigues):<\/h3>\n<p>Tant la Vihuela, com els saraus, s\u00f3n desendientes de la viola de m\u00e0, vig\u00fcela i guitarres antigues que es tocaven des del barroc espanyol, i es van reinterpretar i adaptar a les formacions musicals mexicanes.<\/p>\n<p>La vihuela mexicana \u00e9s rodona a la part de darrere, t\u00e9 cinc cordes i compleix la funci\u00f3 r\u00edtmica i d&#8217;acompanyament a la formaci\u00f3 del Mariachi.<\/p>\n<h3 class='subtitular'>Guitarra espanyola:<\/h3>\n<p>La guitarra que s&#8217;utilitza actualment en el Mariachi \u00e9s la guitarra espanyola (que va substituir la cinquena de cop) per\u00f2 cont\u00ednua complint, en la majoria dels casos, la mateixa funci\u00f3 r\u00edtmica juntament amb la viola de m\u00e0. La Guitarra espanyola va proporcionar altres possibilitats mel\u00f2diques i d&#8217;acompanyament pel que actualment ocupa un lloc molt important en aquesta agrupaci\u00f3 mexicana.<\/p>\n<h3 class='subtitular'>Guitarr\u00f3n mexic\u00e0:<\/h3>\n<p>\u00c9s un baix ac\u00fastic de sis cordes i que actualment \u00e9s la columna vertebral d&#8217;una agrupaci\u00f3 de mariachi. Va ser inventat al segle XIX a substituci\u00f3 de l&#8217;arpa, que era la responsable de proporcionar les notes m\u00e9s greus per\u00f2 no permetia moure c\u00f2modament entre el p\u00fablic com els altres components de la banda.<\/p>\n<h3 class='subtitular'>Trompeta:<\/h3>\n<p>La trompeta \u00e9s un instrument que es va tornar fonamental en els conjunts de mariachi a principis del segle XX.<\/p>\n<p>En la d\u00e8cada de 30 s alguns mariachis del DF, com el Mariachi Tapat\u00edo de Jos\u00e9 Marmolejo, incorporar la trompeta, i va seguir cobrant for\u00e7a fins a arribar a ser imprescindible per als conjunts de mariachi. Pedro Infant va gravar en 1949 les primeres can\u00e7ons amb un mariachi amb dos trompetes, el que va acabar establint un patr\u00f3 en les agrupacions de Mariachi i es va tornar gaireb\u00e9 definitiva amb els enregistraments del Mariachi M\u00e8xic de Pepe Villa.<\/p>\n","protected":false},"excerpt":{"rendered":"<p itemprop=\"description\">El viol\u00ed \u00e9s un dels instruments que m\u00e9s arrelaren a la m\u00fasica tradicional mexicana a partir de l&#8217;ensenyament que van fer els frares en totes les regions. En moltes zones de M\u00e8xic encara es poden trobar petits violins descendents del &#8220;Rabel&#8221; que un era un instrument precursor del viol\u00ed i un dels predilectes en l&#8217;\u00e8poca [&hellip;]<\/p>\n","protected":false},"author":1,"featured_media":4969,"parent":0,"menu_order":0,"comment_status":"open","ping_status":"open","template":"","meta":{"footnotes":""},"categories":[],"tags":[],"class_list":["post-4707","page","type-page","status-publish","has-post-thumbnail","hentry"],"_links":{"self":[{"href":"https:\/\/www.mariachi-semblanza.com\/ca\/wp-json\/wp\/v2\/pages\/4707","targetHints":{"allow":["GET"]}}],"collection":[{"href":"https:\/\/www.mariachi-semblanza.com\/ca\/wp-json\/wp\/v2\/pages"}],"about":[{"href":"https:\/\/www.mariachi-semblanza.com\/ca\/wp-json\/wp\/v2\/types\/page"}],"author":[{"embeddable":true,"href":"https:\/\/www.mariachi-semblanza.com\/ca\/wp-json\/wp\/v2\/users\/1"}],"replies":[{"embeddable":true,"href":"https:\/\/www.mariachi-semblanza.com\/ca\/wp-json\/wp\/v2\/comments?post=4707"}],"version-history":[{"count":0,"href":"https:\/\/www.mariachi-semblanza.com\/ca\/wp-json\/wp\/v2\/pages\/4707\/revisions"}],"wp:featuredmedia":[{"embeddable":true,"href":"https:\/\/www.mariachi-semblanza.com\/ca\/wp-json\/wp\/v2\/media\/4969"}],"wp:attachment":[{"href":"https:\/\/www.mariachi-semblanza.com\/ca\/wp-json\/wp\/v2\/media?parent=4707"}],"wp:term":[{"taxonomy":"category","embeddable":true,"href":"https:\/\/www.mariachi-semblanza.com\/ca\/wp-json\/wp\/v2\/categories?post=4707"},{"taxonomy":"post_tag","embeddable":true,"href":"https:\/\/www.mariachi-semblanza.com\/ca\/wp-json\/wp\/v2\/tags?post=4707"}],"curies":[{"name":"wp","href":"https:\/\/api.w.org\/{rel}","templated":true}]}}