{"id":4723,"date":"2013-05-14T12:25:41","date_gmt":"2013-05-14T10:25:41","guid":{"rendered":"http:\/\/el-mariachi-de-barcelona.com\/?page_id=4723"},"modified":"2013-10-14T18:43:45","modified_gmt":"2013-10-14T16:43:45","slug":"formaciones-musicales-y-tipos-de-espectaculos-del-mariachi-semblanza","status":"publish","type":"page","link":"https:\/\/www.mariachi-semblanza.com\/ca\/formaciones-musicales-y-tipos-de-espectaculos-del-mariachi-semblanza\/","title":{"rendered":"Formaciones musicales y tipos de espect\u00e1culos del Mariachi Semblanza"},"content":{"rendered":"<blockquote class=\"quote-center\">\n<p><strong>La m\u00fasica del mariachi<\/strong>, por su aceptaci\u00f3n en el mundo y su diversidad en el repertorio, ha llegado a todos los espacios del abanico de posibilidades. Desde los autobuses y cantinas de las grandes ciudades hasta los mejores escenarios acompa\u00f1ados por las filarm\u00f3nicas m\u00e1s reconocidas.<\/p>\n<p>Nosotros intentamos adaptarnos a todos esos espacios y presentar la <a title=\"M\u00fasica mexicana\" href=\"http:\/\/www.mariachi-semblanza.com\/repertorio-canciones\/\">m\u00fasica mexicana<\/a> en todas sus versiones por lo que damos la opci\u00f3n de quitar algunos instrumentos para hacer grupos m\u00e1s reducidos.<\/p>\n<p>Siempre recomendamos una formaci\u00f3n a partir de 5 integrantes que garanticen el sonido y la variedad en el repertorio de un <strong>aut\u00e9ntico Mariachi<\/strong> aunque para situaciones espec\u00edficas y detalles, podemos presentar formaciones desde tres elementos.\n<\/p><\/blockquote>\n<p>Podemos ofrecer cinco tipos de espect\u00e1culos:<\/p>\n<ul class='acordeon'>\n<li class='gdl-divider'>\n<h2 class='accordion-head title-color gdl-title'><span class='accordion-head-image'><\/span>Pasacalles<\/h2>\n<div class='accordion-content'>\n<h4>M\u00ednimo 7 m\u00fasicos<\/h4>\n<p>Este formato est\u00e1 pensado para tocar en movimiento y es apto para llamar la atenci\u00f3n al inicio de una fiesta mayor o como complemento para alg\u00fan evento en el que hay diferentes escenarios y se quiere dirigir a los espectadores de un sitio a otro.<\/p>\n<p>Sin requerimientos t\u00e9cnicos.<\/p><\/div>\n<\/li>\n<li class='gdl-divider'>\n<h2 class='accordion-head title-color gdl-title'><span class='accordion-head-image'><\/span>Concierto<\/h2>\n<div class='accordion-content'>\n<h4>M\u00ednimo 6 m\u00fasicos<\/h4>\n<p>Esta es la presentaci\u00f3n m\u00e1s recomendable para una fiesta popular o un\u00a0<a title=\"Festival de m\u00fasica\" href=\"https:\/\/www.mariachi-semblanza.com\/ca\/festivals\/\">festival de m\u00fasica<\/a>\u00a0con un p\u00fablico que disfruta de la m\u00fasica de mariachi y espera escuchar las canciones \u201cde toda la vida\u201d.<\/p>\n<p>Interpretamos\u00a0<strong>las canciones mexicanas<\/strong>\u00a0m\u00e1s conocidas sin un repertorio cerrado, es decir que le permite al p\u00fablico pedir la canci\u00f3n que quieran en cualquier momento de la actuaci\u00f3n. Es un concierto de interacci\u00f3n, al baile e incluso a la conversa y tambi\u00e9n es posible acompa\u00f1ar a los comensales que deseen cantar con nosotros.<\/p>\n<p>Esta formaci\u00f3n puede ser sonorizada y con un escenario o sin requerimientos t\u00e9cnicos, dependiendo del espacio y de la cantidad de personas que se calculen de p\u00fablico.<\/p><\/div>\n<\/li>\n<li class='gdl-divider'>\n<h2 class='accordion-head title-color gdl-title'><span class='accordion-head-image'><\/span>Concierto acompa\u00f1anado bailes folcl\u00f3ricos de M\u00e9xico:<\/h2>\n<div class='accordion-content'>\n<h4>M\u00ednimo 5 m\u00fasicos y 4 bailarines, m\u00e1ximo 8 m\u00fasicos y 6 bailarines<\/h4>\n<p>En este formato\u00a0<strong>danza y coreograf\u00eda son la parte principal del espect\u00e1culo<\/strong>\u00a0y se muestran los diferentes vestidos, coloridos y formas de bailar que hay en las diferentes regiones de M\u00e9xico, as\u00ed como su m\u00fasica. Recomendamos este\u00a0<a title=\"Espect\u00e1culo para teatros\" href=\"https:\/\/www.mariachi-semblanza.com\/ca\/teatres\/\">espect\u00e1culo para Teatros<\/a>y eventos culturales que quieran mostrar la diversidad y la riqueza en las tradiciones mexicanas.<\/p>\n<p>Esta modalidad est\u00e1 pensada con requerimientos t\u00e9cnicos.<\/p><\/div>\n<\/li>\n<li class='gdl-divider'>\n<h2 class='accordion-head title-color gdl-title'><span class='accordion-head-image'><\/span>Concierto de m\u00fasica tradicional mexicana y Mariachi moderno:<\/h2>\n<div class='accordion-content'>\n<h4>M\u00ednimo de 6 m\u00fasicos y m\u00e1ximo de 8<\/h4>\n<p>Este concierto est\u00e1 pensado para actuaciones en teatros y presentaciones culturales.<\/p>\n<p>El repertorio muestra la\u00a0<strong>ra\u00edz musical del mariachi y su trayectoria como formaci\u00f3n<\/strong>espec\u00edfica m\u00e1s all\u00e1 de la funci\u00f3n que ha cumplido acompa\u00f1ando cantantes que han hecho famoso este sonido en particular.<\/p>\n<p>Este concierto est\u00e1 pensado con requerimientos t\u00e9cnicos a menos que el espacio y sus dimensiones permitan una presentaci\u00f3n ac\u00fastica.\n<\/p><\/div>\n<\/li>\n<li class='gdl-divider'>\n<h2 class='accordion-head title-color gdl-title'><span class='accordion-head-image'><\/span>Fiestas particulares:<\/h2>\n<div class='accordion-content'>\n<h4>M\u00ednimo 3 m\u00fasicos<\/h4>\n<p>Las fiestas particulares son las que presentan m\u00e1s particularidades y pueden ser desde una\u00a0<a title=\"Boda\" href=\"https:\/\/www.mariachi-semblanza.com\/ca\/casaments\/\">boda<\/a>, una pedida de mano, una serenata, un sepelio\u2026Y cada una de estas puede ser grande, peque\u00f1a o en espacios muy diversos. Aqu\u00ed nosotros podemos adaptarnos a lo que convenga, en tiempo, en cantidad de m\u00fasicos, en repertorio espec\u00edfico (de la m\u00fasica mexicana) y nos podemos ir moviendo para interactuar con los invitados.<\/p>\n<p>Sin requerimientos t\u00e9cnicos.\n<\/p><\/div>\n<\/li>\n<\/ul>\n<h3 class='subtitular'>Lo que ofrecemos:<\/h3>\n<p>Ofrecemos diferentes tipos de\u00a0<a title=\"Servicios musicales\" href=\"https:\/\/www.mariachi-semblanza.com\/ca\/serveis-musicals-oferits-pel-grup-mariachi-semblanza\/\">servicios musicales<\/a>\u00a0seg\u00fan la ocasi\u00f3n, el evento o la fiesta a la que se nos solicite. Si quieres mas informaci\u00f3n acerca de lo que te ofrecemos te recomiendo que visites nuestros servicios y que contactes con nosotros para resolver dudas o para contrataci\u00f3n.<\/p>\n","protected":false},"excerpt":{"rendered":"<p itemprop=\"description\">Podemos ofrecer cinco tipos de espect\u00e1culos: Ofrecemos diferentes tipos de\u00a0servicios musicales\u00a0seg\u00fan la ocasi\u00f3n, el evento o la fiesta a la que se nos solicite. Si quieres mas informaci\u00f3n acerca de lo que te ofrecemos te recomiendo que visites nuestros servicios y que contactes con nosotros para resolver dudas o para contrataci\u00f3n.<\/p>\n","protected":false},"author":1,"featured_media":3890,"parent":0,"menu_order":17,"comment_status":"open","ping_status":"open","template":"","meta":{"footnotes":""},"categories":[],"tags":[],"class_list":["post-4723","page","type-page","status-publish","has-post-thumbnail","hentry"],"_links":{"self":[{"href":"https:\/\/www.mariachi-semblanza.com\/ca\/wp-json\/wp\/v2\/pages\/4723","targetHints":{"allow":["GET"]}}],"collection":[{"href":"https:\/\/www.mariachi-semblanza.com\/ca\/wp-json\/wp\/v2\/pages"}],"about":[{"href":"https:\/\/www.mariachi-semblanza.com\/ca\/wp-json\/wp\/v2\/types\/page"}],"author":[{"embeddable":true,"href":"https:\/\/www.mariachi-semblanza.com\/ca\/wp-json\/wp\/v2\/users\/1"}],"replies":[{"embeddable":true,"href":"https:\/\/www.mariachi-semblanza.com\/ca\/wp-json\/wp\/v2\/comments?post=4723"}],"version-history":[{"count":0,"href":"https:\/\/www.mariachi-semblanza.com\/ca\/wp-json\/wp\/v2\/pages\/4723\/revisions"}],"wp:featuredmedia":[{"embeddable":true,"href":"https:\/\/www.mariachi-semblanza.com\/ca\/wp-json\/wp\/v2\/media\/3890"}],"wp:attachment":[{"href":"https:\/\/www.mariachi-semblanza.com\/ca\/wp-json\/wp\/v2\/media?parent=4723"}],"wp:term":[{"taxonomy":"category","embeddable":true,"href":"https:\/\/www.mariachi-semblanza.com\/ca\/wp-json\/wp\/v2\/categories?post=4723"},{"taxonomy":"post_tag","embeddable":true,"href":"https:\/\/www.mariachi-semblanza.com\/ca\/wp-json\/wp\/v2\/tags?post=4723"}],"curies":[{"name":"wp","href":"https:\/\/api.w.org\/{rel}","templated":true}]}}