{"id":6582,"date":"2014-06-16T16:50:26","date_gmt":"2014-06-16T14:50:26","guid":{"rendered":"http:\/\/www.mariachi-semblanza.com\/?page_id=6582"},"modified":"2014-06-16T16:50:27","modified_gmt":"2014-06-16T14:50:27","slug":"mariachi-per-a-funerals","status":"publish","type":"page","link":"https:\/\/www.mariachi-semblanza.com\/ca\/mariachi-per-a-funerals\/","title":{"rendered":"Mariachi per a funerals"},"content":{"rendered":"<h2 class='titular'>M\u00fasica mexicana per a funerals<\/h2>\n<p><strong>\u00c9s ben sabut que la relaci\u00f3 que t\u00e9 la cultura mexicana amb la mort \u00e9s molt diferent, en diversos sentits, a la que es t\u00e9 en general en les cultures europees.<\/strong> Aix\u00ed i tot, la nostra manera d&#8217;entendre el fi en aquesta exist\u00e8ncia i el comiat que aix\u00f2 comporta s&#8217;ha barrejat, com tot hist\u00f2ricament, amb les tradicions espanyoles del duel.<\/p>\n<p><strong>\u00c9s com\u00fa regalar als nostres \u00e9ssers estimats all\u00f2 que en vida van gaudir i d&#8217;aquesta manera acompanyar-los en el cam\u00ed que els queda per fer, fins a la mateixa porta.<\/strong><\/p>\n<p>M\u00e8xic \u00e9s una cultura amb les seves tradicions populars molt vives i la m\u00fasica no \u00e9s l&#8217;excepci\u00f3. \u00c9s per aix\u00f2 que \u00e9s normal que la m\u00fasica ens acompanyi en moltes etapes de la vida incloent l&#8217;\u00faltim comiat.<\/p>\n<p><strong>Hi ha un repertori usual en aquest tipus d&#8217;esdeveniments per\u00f2 el mariachi sempre estar\u00e0 obert a tocar all\u00f2 que m\u00e9s li agradava a la persona a qui es ret un homenatge.<\/strong><\/p>\n<p>Tot i que la figura del Mariachi aqu\u00ed s&#8217;associa a la festa i l&#8217;alegria, en realitat la seva tradici\u00f3 i la seva projecci\u00f3 \u00e9s la d&#8217;una imatge elegant i s\u00f2bria que li permet presentar-se en qualsevol situaci\u00f3.<\/p>\n<p>Repertori tradicional de Mariachi per a un velorio:<\/p>\n<ul>\n<li>Te vas \u00e1ngel m\u00edo<\/li>\n<li>Amor eterno<\/li>\n<li>Mi adi\u00f3s a la vida<\/li>\n<li>Cuatro Cirios<\/li>\n<li>Pu\u00f1o de tierra<\/li>\n<li>Nadie es eterno<\/li>\n<li>Las Golondrinas<\/li>\n<li>La barca de oro<\/li>\n<li>Como quien pierde una estrella.<\/li>\n<li>Volver volver<\/li>\n<li>Ese se\u00f1or de las canas<\/li>\n<li>Que falta me hace mi padre<\/li>\n<li>Si acaso yo muero<\/li>\n<\/ul>\n<p>Molts temes s\u00f3n susceptibles de ser interpretats instrumentalment, com \u201clas golondrinas\u201d per exemple, simplement per acompanyar amb m\u00fasica el comiat. Per\u00f2 la majoria s\u00f3n can\u00e7ons amb lletra que solen reflectir els sentiments d&#8217;alg\u00fa que s&#8217;acomiada.<\/p>\n<p>A M\u00e8xic fins i tot \u00e9s costum, a m\u00e9s de la m\u00fasica, que hi hagi tot un &#8220;convivio&#8221; al voltant del dol: es mengen tamales, es pren caf\u00e8 &#8220;amb piquete&#8221; (que significa amb uina mica d\u2019aiguardent o tequila) i fins i tot s&#8217;ha fet tradici\u00f3 explicar acudits en aquesta situaci\u00f3 pel que no \u00e9s estrany escoltar gent plorar i riure. Tal com en la vida, la mort.<\/p>\n<p><strong>Des que estem instal\u00b7lats en aquest costat del mon hem fet alguna actuaci\u00f3 en la vetlla i fins i tot en el pante\u00f3. Sempre ha estat motiu de sorpresa per a alguns, per\u00f2 sempre una sorpresa en positiu.<\/strong><\/p>\n<p>Si podem, com a <a href=\"http:\/\/www.mariachi-semblanza.com\">Mariachi a Barcelona<\/a>, \u200b\u200baportar aquesta forma de de celebrar la vida fins a l&#8217;\u00faltim moment \u00e9s un servei que oferim, i un granet d&#8217;arr\u00f2s en la nostra conviv\u00e8ncia cultural.<\/p>\n","protected":false},"excerpt":{"rendered":"<p itemprop=\"description\">\u00c9s ben sabut que la relaci\u00f3 que t\u00e9 la cultura mexicana amb la mort \u00e9s molt diferent, en diversos sentits, a la que es t\u00e9 en general en les cultures europees. Aix\u00ed i tot, la nostra manera d&#8217;entendre el fi en aquesta exist\u00e8ncia i el comiat que aix\u00f2 comporta s&#8217;ha barrejat, com tot hist\u00f2ricament, amb [&hellip;]<\/p>\n","protected":false},"author":1,"featured_media":6583,"parent":0,"menu_order":0,"comment_status":"open","ping_status":"open","template":"","meta":{"footnotes":""},"categories":[632],"tags":[1416,1413,1415,1414],"class_list":["post-6582","page","type-page","status-publish","has-post-thumbnail","hentry","category-serveis","tag-acompanament-al-panteo","tag-mariachi-per-a-funerals","tag-mariachis-para-afunerals-a-barcelona","tag-musica-per-a-funerals"],"_links":{"self":[{"href":"https:\/\/www.mariachi-semblanza.com\/ca\/wp-json\/wp\/v2\/pages\/6582","targetHints":{"allow":["GET"]}}],"collection":[{"href":"https:\/\/www.mariachi-semblanza.com\/ca\/wp-json\/wp\/v2\/pages"}],"about":[{"href":"https:\/\/www.mariachi-semblanza.com\/ca\/wp-json\/wp\/v2\/types\/page"}],"author":[{"embeddable":true,"href":"https:\/\/www.mariachi-semblanza.com\/ca\/wp-json\/wp\/v2\/users\/1"}],"replies":[{"embeddable":true,"href":"https:\/\/www.mariachi-semblanza.com\/ca\/wp-json\/wp\/v2\/comments?post=6582"}],"version-history":[{"count":0,"href":"https:\/\/www.mariachi-semblanza.com\/ca\/wp-json\/wp\/v2\/pages\/6582\/revisions"}],"wp:featuredmedia":[{"embeddable":true,"href":"https:\/\/www.mariachi-semblanza.com\/ca\/wp-json\/wp\/v2\/media\/6583"}],"wp:attachment":[{"href":"https:\/\/www.mariachi-semblanza.com\/ca\/wp-json\/wp\/v2\/media?parent=6582"}],"wp:term":[{"taxonomy":"category","embeddable":true,"href":"https:\/\/www.mariachi-semblanza.com\/ca\/wp-json\/wp\/v2\/categories?post=6582"},{"taxonomy":"post_tag","embeddable":true,"href":"https:\/\/www.mariachi-semblanza.com\/ca\/wp-json\/wp\/v2\/tags?post=6582"}],"curies":[{"name":"wp","href":"https:\/\/api.w.org\/{rel}","templated":true}]}}