{"id":4456,"date":"2013-05-16T18:08:50","date_gmt":"2013-05-16T16:08:50","guid":{"rendered":"http:\/\/el-mariachi-de-barcelona.com\/?page_id=4456"},"modified":"2013-05-19T17:59:42","modified_gmt":"2013-05-19T15:59:42","slug":"musical-groups-and-types-of-performances-from-mariachi-semblanza","status":"publish","type":"page","link":"https:\/\/www.mariachi-semblanza.com\/en\/musical-groups-and-types-of-performances-from-mariachi-semblanza\/","title":{"rendered":"Musical groups and types of performances from Mariachi Semblanza"},"content":{"rendered":"<h3 class='subtitular'>Group formations:<\/h3>\n<blockquote class=\"quote-center\">\n<p>Mariachi music, by its acceptance in the world and its diversity in the repertoire, has reached all areas of the range of possibilities, from buses and bars of large cities to the best scenarios accompanied by the most renowned philharmonic orchestras.<\/p>\n<p>We try to accommodate all those spaces and present Mexican music in all its versions so we give the option to remove some instruments in order to form smaller groups.<\/p>\n<p>We always recommend formations of at least 5 members to ensure the sound and the variety in the repertoire of authentic Mariachi music,\u00a0 although for specific situations , we can provide formations as from three elements.<\/p>\n<p>We offer five types of shows:<\/p>\n<\/blockquote>\n<h3 class='subtitular'>Parade:<\/h3>\n<h4 class='minititular'>Minimum 7 musicians<\/h4>\n<p>This format is designed to play on the go and is able to draw attention to the beginning of a festival or as a complement to an event in which there are different scenarios and you want to direct the viewers from one site to another.<\/p>\n<p>No technical requirements.<\/p>\n<h3 class='subtitular'>Concert:<\/h3>\n<h4 class='minititular'>Minimum 6 Musicians<\/h4>\n<p>This presentation is recommended for a festival with an audience that enjoys mariachi music and expect to hear the \u201csongs of the lifetime&#8221;.<\/p>\n<p>We interpret most popular Mexican songs without a closed repertoire, this allows the public to request the song that they want at any time of the performance. Interaction is a must, dance and even the conversation may also accompany the guests who wish to sing with us.<\/p>\n<p>This formation can be a stage PA system or without technical requirements , depending on space and the amount of people that are calculated in public.<\/p>\n<h3 class='subtitular'>Concert acompanying folk dances from Mexico:<\/h3>\n<h4 class='minititular'>minimum 5 musicians and 4 dancers or up to 8 musicians and 6 dancers<\/h4>\n<p>In this format dance and choreography are the main part of the show, presenting the different costumes, colors and ways to dance that exist in different regions of Mexico, as well as the music. We recommend this show for theaters and cultural events that want to show the diversity and richness of Mexican traditions.<\/p>\n<p>This mode is designed with technical requirements.<\/p>\n<h3 class='subtitular'>Traditional Mexican Mariachi Music Concert and Modern Mariachi<\/h3>\n<h4 class='minititular'>Minimum 6 musicians and up to 8<\/h4>\n<p>This concert is intended for theaters and cultural presentations.<\/p>\n<p>The code shows the root of mariachi music and its career as specific formation beyond the function fulfilled by accompanying singers who have made \u200b\u200bfamous this particular sound.<\/p>\n<p>This concert is designed with technical requirements unless the space and its dimensions allow an acoustic performance.<\/p>\n<h3 class='subtitular'>Private parties<\/h3>\n<h4 class='minititular'>Minimum 3 musicians<\/h4>\n<p>The private parties are those with more specific characteristics\u00a0 and these can be presentations for a wedding, a betrothal, a serenade, a funeral &#8230; and each of these can be large, small or in very diverse spaces. Here we can adapt to what is appropriate, in time, in number of musicians, specific repertoire (Mexican music) and we can go moving to interact with guests.<\/p>\n<p>No technical requirements.<\/p>\n<h3 class='subtitular'>Some example videos:<\/h3>\n<ul class='acordeon'>\n<li class='gdl-divider'>\n<h2 class='accordion-head title-color gdl-title'><span class='accordion-head-image'><\/span>Parade<\/h2>\n<div class='accordion-content'>\n<div class=\"responsive-video\" itemprop=\"video\" itemscope itemtype=\"http:\/\/schema.org\/VideoObject\"><iframe loading=\"lazy\" class=\"youtube-player\" type=\"text\/html\" width=\"660\" height=\"371\" src=\"https:\/\/www.youtube.com\/embed\/jDkcHyReTWY?html5=1\" allowfullscreen><\/iframe><\/div>\n<h3 itemprop=\"name\">Cucurruc\u00fa Paloma en el festival de Barcelonnette<\/h3>\n<p itemprop=\"description\">Mariachi Semblanza actuando en directo en el festival de musica mariachi de Barcelonnette, Francia, en el a\u00f1o 2009<\/p>\n<p><meta itemprop=\"image\" content=\"http:\/\/img.youtube.com\/vi\/jDkcHyReTWY\/0.jpg\"><meta itemprop=\"thumbnailUrl\" content=\"https:\/\/img.youtube.com\/vi\/jDkcHyReTWY\/2.jpg\">\n<\/div>\n<\/li>\n<li class='gdl-divider'>\n<h2 class='accordion-head title-color gdl-title'><span class='accordion-head-image'><\/span>Concert acompanying folk dances from Mexico<\/h2>\n<div class='accordion-content'>\n<div class=\"responsive-video\" itemprop=\"video\" itemscope itemtype=\"http:\/\/schema.org\/VideoObject\"><iframe loading=\"lazy\" class=\"youtube-player\" type=\"text\/html\" width=\"660\" height=\"371\" src=\"https:\/\/www.youtube.com\/embed\/bjO__4RQvY8?html5=1\" allowfullscreen><\/iframe><\/div>\n<h3 itemprop=\"name\">Teatro Arteria Paral.lel &#8211; Mujeres Divinas<\/h3>\n<p itemprop=\"description\">Mariachi Semblanza actuando en el teatro Arteria Paral.lel acompa\u00f1ando al charro catal\u00e1n junto con el ballet Viva M\u00e9xico interpretando la canci\u00f3n Mujeres Divinas en directo<\/p>\n<p><meta itemprop=\"image\" content=\"http:\/\/img.youtube.com\/vi\/bjO__4RQvY8\/0.jpg\"><meta itemprop=\"thumbnailUrl\" content=\"https:\/\/img.youtube.com\/vi\/bjO__4RQvY8\/2.jpg\">\n<\/div>\n<\/li>\n<li class='gdl-divider'>\n<h2 class='accordion-head title-color gdl-title'><span class='accordion-head-image'><\/span>Traditional Mexican Mariachi Music Concert and Modern Mariachi<\/h2>\n<div class='accordion-content'>\n<div class=\"responsive-video\" itemprop=\"video\" itemscope itemtype=\"http:\/\/schema.org\/VideoObject\"><iframe loading=\"lazy\" class=\"youtube-player\" type=\"text\/html\" width=\"660\" height=\"371\" src=\"https:\/\/www.youtube.com\/embed\/Iz7ln08lVjc?html5=1\" allowfullscreen><\/iframe><\/div>\n<h3 itemprop=\"name\">Actuaci\u00f3n en un teatro de Mariachi Semblanza<\/h3>\n<p itemprop=\"description\">Mariachi Semblanza actuando en directo en un teatro durante el ciclo de conciertos al son que me toquen en el a\u00f1o 2010<\/p>\n<p><meta itemprop=\"image\" content=\"http:\/\/img.youtube.com\/vi\/Iz7ln08lVjc\/0.jpg\"><meta itemprop=\"thumbnailUrl\" content=\"https:\/\/img.youtube.com\/vi\/Iz7ln08lVjc\/2.jpg\">\n<\/div>\n<\/li>\n<\/ul>\n","protected":false},"excerpt":{"rendered":"<p itemprop=\"description\">This format is designed to play on the go and is able to draw attention to the beginning of a festival or as a complement to an event in which there are different scenarios and you want to direct the viewers from one site to another. No technical requirements. This presentation is recommended for a [&hellip;]<\/p>\n","protected":false},"author":1,"featured_media":0,"parent":0,"menu_order":17,"comment_status":"open","ping_status":"open","template":"","meta":{"footnotes":""},"categories":[],"tags":[],"class_list":["post-4456","page","type-page","status-publish","hentry"],"_links":{"self":[{"href":"https:\/\/www.mariachi-semblanza.com\/en\/wp-json\/wp\/v2\/pages\/4456","targetHints":{"allow":["GET"]}}],"collection":[{"href":"https:\/\/www.mariachi-semblanza.com\/en\/wp-json\/wp\/v2\/pages"}],"about":[{"href":"https:\/\/www.mariachi-semblanza.com\/en\/wp-json\/wp\/v2\/types\/page"}],"author":[{"embeddable":true,"href":"https:\/\/www.mariachi-semblanza.com\/en\/wp-json\/wp\/v2\/users\/1"}],"replies":[{"embeddable":true,"href":"https:\/\/www.mariachi-semblanza.com\/en\/wp-json\/wp\/v2\/comments?post=4456"}],"version-history":[{"count":0,"href":"https:\/\/www.mariachi-semblanza.com\/en\/wp-json\/wp\/v2\/pages\/4456\/revisions"}],"wp:attachment":[{"href":"https:\/\/www.mariachi-semblanza.com\/en\/wp-json\/wp\/v2\/media?parent=4456"}],"wp:term":[{"taxonomy":"category","embeddable":true,"href":"https:\/\/www.mariachi-semblanza.com\/en\/wp-json\/wp\/v2\/categories?post=4456"},{"taxonomy":"post_tag","embeddable":true,"href":"https:\/\/www.mariachi-semblanza.com\/en\/wp-json\/wp\/v2\/tags?post=4456"}],"curies":[{"name":"wp","href":"https:\/\/api.w.org\/{rel}","templated":true}]}}