{"id":4076,"date":"2013-05-14T11:54:48","date_gmt":"2013-05-14T21:46:08","guid":{"rendered":"http:\/\/el-mariachi-de-barcelona.com\/?page_id=4076"},"modified":"2013-05-19T12:30:42","modified_gmt":"2013-05-19T10:30:42","slug":"serenade","status":"publish","type":"page","link":"https:\/\/www.mariachi-semblanza.com\/fr\/serenade\/","title":{"rendered":"S\u00e9r\u00e9nade"},"content":{"rendered":"<h3 class='subtitular'>D\u00e9finition de la S\u00e9r\u00e9nade:<\/h3>\n<blockquote class=\"quote-center\"><p>\nLa s\u00e9r\u00e9nade \u00e9tait une diversion qui \u00e9tait tr\u00e8s populaire dans le S XVIIIe. L&rsquo;apr\u00e8s-midi a \u00e9t\u00e9 jou\u00e9 en plein air dans les jardins du palais des aristocrates offrant de la musique pour leur invit\u00e9s. \u00abL&rsquo;origine de la s\u00e9r\u00e9nade est les ballades d&rsquo;amour chant\u00e9es en face des fen\u00eatres de l&rsquo;\u00eatre aim\u00e9 au coucher du soleil\u00a0\u00bb (Wikipedia).<\/p>\n<p>Se r\u00e9f\u00e8re \u00e0 l&rsquo;acte de prendre, g\u00e9n\u00e9ralement la nuit, un ensemble de cordes typique et traditionnel, comme un Mariachi (dans le cas du Mexique) ou Thon (d&rsquo;origine espagnole, mais la propagation Am\u00e9rique hispanique), un duo ou interpr\u00e8tes trio avec des instruments typiques du pays, en dehors de la maison d&rsquo;une dame, et rendre l&rsquo;ensemble interpr\u00e8te et chanter des chansons qui expriment des sentiments mixtes de l&rsquo;homme, le plus souvent de l&rsquo;amour, ou l&rsquo;appr\u00e9ciation de volont\u00e9 de r\u00e9conciliation.<\/p>\n<\/blockquote>\n<h3 class='subtitular'>Une tradition musicale populaire:<\/h3>\n<p>Dans toute l&rsquo;Am\u00e9rique latine, la s\u00e9r\u00e9nade est une tradition populaire qui se r\u00e9f\u00e8re \u00e0 l&rsquo;acte de prendre une groupe musicale qui est typique de la r\u00e9gion, en g\u00e9n\u00e9ral le matin, pour exprimer vos sentiments \u00e0 quelqu&rsquo;un, g\u00e9n\u00e9ralement de l&rsquo;amour, mais s&rsquo;inscrit \u00e9galement le rebond. Au Mexique aussi dire \u00abprendre coq\u00a0\u00bb et de passer de nombreuses nuits blanches allant \u00e0 ces citations qui se produisent souvent beaucoup de situations particuli\u00e8res.<\/p>\n<h3 class='subtitular'>S\u00e9r\u00e9nade mexicaine:<\/h3>\n<p>Au Mexique, un certain temps, un certains musicien est venu involontairement \u00e0 sa propre fen\u00eatre de s\u00e9r\u00e9nade pour sa femme accompagnant \u00abl&rsquo;autre\u00bb et, bien s\u00fbr, une bonne colmbat \u00e9tait arm\u00e9. Il arrive aussi, comme dans les films que deux coqs m\u00e8nent \u00e0 la m\u00eame fen\u00eatre et vous pouvez imaginer &#8230;<\/p>\n<h3 class='subtitular'>S\u00e9r\u00e9nade europ\u00e9enne:<\/h3>\n<p>Ici en Europe ce n&rsquo;est pas si commun et nous avons fait s\u00e9r\u00e9nades dans de nombreuses situations particuli\u00e8res, \u00e0 tout moment de la journ\u00e9e &#8230; dans un bar, \u00e0 l&rsquo;a\u00e9roport, sur la plage de Barceloneta, proposition de mariage, r\u00e9conciliations &#8230; Nous voyons donc que, \u00e0 toujours les motifs, au moins, sont tr\u00e8s similaires.<\/p>\n<h3 class='subtitular'>Ce que nous offrons:<\/h3>\n<p>Nous faisons de cette tradition la surprise parfaite pour transformer un moment m\u00e9morable. Nous vous accompagnons partout pour r\u00e9veiller tr\u00e8s t\u00f4t, dans son anniversaire, \u00e0 la personne que vous aimez le plus dans la vie.<\/p>\n<p>Le groupe devrait r\u00e9pondre aux besoins d&rsquo;espace et de temps et sans pas toute exigence technique &#8230; Nous pouvons aller de 3 \u00e0 8 musiciens sur un balcon&#8230;<\/p>\n<h3 class='subtitular'>S&rsquo;il vous pla\u00eet noter:<\/h3>\n<p>La s\u00e9r\u00e9nade est une solution abordable et pratique pour donner \u00e0 cette personne la musique live et de qualit\u00e9, et qui donne forme \u00e0 ces mots qui semblent toujours peu de chose compar\u00e9 \u00e0 la sensation que tu vas dire.<\/p>\n","protected":false},"excerpt":{"rendered":"<p itemprop=\"description\">Dans toute l&rsquo;Am\u00e9rique latine, la s\u00e9r\u00e9nade est une tradition populaire qui se r\u00e9f\u00e8re \u00e0 l&rsquo;acte de prendre une groupe musicale qui est typique de la r\u00e9gion, en g\u00e9n\u00e9ral le matin, pour exprimer vos sentiments \u00e0 quelqu&rsquo;un, g\u00e9n\u00e9ralement de l&rsquo;amour, mais s&rsquo;inscrit \u00e9galement le rebond. Au Mexique aussi dire \u00abprendre coq\u00a0\u00bb et de passer de nombreuses [&hellip;]<\/p>\n","protected":false},"author":1,"featured_media":3929,"parent":0,"menu_order":5,"comment_status":"open","ping_status":"open","template":"","meta":{"footnotes":""},"categories":[865],"tags":[866],"class_list":["post-4076","page","type-page","status-publish","has-post-thumbnail","hentry","category-services-2","tag-serenade-fr"],"_links":{"self":[{"href":"https:\/\/www.mariachi-semblanza.com\/fr\/wp-json\/wp\/v2\/pages\/4076","targetHints":{"allow":["GET"]}}],"collection":[{"href":"https:\/\/www.mariachi-semblanza.com\/fr\/wp-json\/wp\/v2\/pages"}],"about":[{"href":"https:\/\/www.mariachi-semblanza.com\/fr\/wp-json\/wp\/v2\/types\/page"}],"author":[{"embeddable":true,"href":"https:\/\/www.mariachi-semblanza.com\/fr\/wp-json\/wp\/v2\/users\/1"}],"replies":[{"embeddable":true,"href":"https:\/\/www.mariachi-semblanza.com\/fr\/wp-json\/wp\/v2\/comments?post=4076"}],"version-history":[{"count":0,"href":"https:\/\/www.mariachi-semblanza.com\/fr\/wp-json\/wp\/v2\/pages\/4076\/revisions"}],"wp:featuredmedia":[{"embeddable":true,"href":"https:\/\/www.mariachi-semblanza.com\/fr\/wp-json\/wp\/v2\/media\/3929"}],"wp:attachment":[{"href":"https:\/\/www.mariachi-semblanza.com\/fr\/wp-json\/wp\/v2\/media?parent=4076"}],"wp:term":[{"taxonomy":"category","embeddable":true,"href":"https:\/\/www.mariachi-semblanza.com\/fr\/wp-json\/wp\/v2\/categories?post=4076"},{"taxonomy":"post_tag","embeddable":true,"href":"https:\/\/www.mariachi-semblanza.com\/fr\/wp-json\/wp\/v2\/tags?post=4076"}],"curies":[{"name":"wp","href":"https:\/\/api.w.org\/{rel}","templated":true}]}}