{"id":4439,"date":"2013-05-16T17:34:04","date_gmt":"2013-05-16T15:34:04","guid":{"rendered":"http:\/\/el-mariachi-de-barcelona.com\/?page_id=4439"},"modified":"2013-05-19T12:52:01","modified_gmt":"2013-05-19T10:52:01","slug":"mariage","status":"publish","type":"page","link":"https:\/\/www.mariachi-semblanza.com\/fr\/mariage\/","title":{"rendered":"Mariage"},"content":{"rendered":"<h3 class='subtitular'>Mariachi Concert pour les mariages:<\/h3>\n<p>Le mariage, comme un acte social dans lequel deux personnes d\u00e9cident de fonder une famille, est une c\u00e9l\u00e9bration rituelle intrins\u00e8que o\u00f9 <strong>la musique est un \u00e9l\u00e9ment essentiel dans toutes les cultures<\/strong>. Ainsi, au Mexique, un mariage ne peut se comprendre sans un mariachi ou un groupe de musique traditionnelle de la r\u00e9gion \u00e0 laquelle il appartient.<\/p>\n<p>El <strong>Mariachi est un groupe tr\u00e8s polyvalent<\/strong> dans le sens o\u00f9 il peut jouer sur une sc\u00e8ne, le son, le d\u00e9placement et a une port\u00e9e pour tous types d&rsquo;occasions, en plus de son vaste r\u00e9pertoire permet \u00e0 partir d&rsquo;un d\u00e9tail animer de nombreuses heures de musique toutes les situations possibles dans un \u00e9v\u00e9nement comme un mariage.<\/p>\n<p>Au Mexique, il est fr\u00e9quent que le mariachi est la cerise sur le g\u00e2teau et le festival culmine dans l&rsquo;extase de &lsquo;la pachanga&rsquo; demandant \u00e0 chacun le chant et les chansons que vous connaissez et que vous voulez chanter.<\/p>\n<p>Notre exp\u00e9rience en Europe a fait de <strong>la participation mariachi d\u00e9tail optimal dans diff\u00e9rentes situations<\/strong>. Le commun a \u00e9t\u00e9 d&rsquo;animer snacks et caf\u00e9s de nombreux mariages. Nous avons jou\u00e9 \u00e0 l&rsquo;int\u00e9rieur et \u00e0 la fin de la c\u00e9r\u00e9monie, au <abbr title=\"Mus\u00e9e National d'Art de Catalogne\">MNAC<\/abbr> (Montjuic) dans la chambre ovale \u00e0 la conclusion d&rsquo;ententes, a partir d&rsquo; une ballade cubaine; dans le spectacle musical organis\u00e9 par Rafael Amargo lors de leur c\u00e9r\u00e9monie de mariage, au pied des vagues sur la plage de la Barceloneta, \u00e0 la lumi\u00e8re des bougies comme un repr\u00e9sentant de l&rsquo;autorit\u00e9 civile \u00e9pousant un couple, dans un voilier en mer dans la livraison des anneau, etc&#8230;<\/p>\n<p>Le mariachi est presque une ic\u00f4ne de c\u00e9l\u00e9bration. Il veut dire, sans \u00eatre \u00e9crit. sainte f\u00eate de l&rsquo;\u00e2me, du c\u0153ur. Il est \u00e9l\u00e9gant et simple, toujours appr\u00e9ci\u00e9 sa pr\u00e9sence &#8230;. Nous pouvons \u00eatre le d\u00e9tail de votre mariage en faire un jour pour se souvenir \u00e0 jamais.<\/p>\n","protected":false},"excerpt":{"rendered":"<p itemprop=\"description\">Le mariage, comme un acte social dans lequel deux personnes d\u00e9cident de fonder une famille, est une c\u00e9l\u00e9bration rituelle intrins\u00e8que o\u00f9 la musique est un \u00e9l\u00e9ment essentiel dans toutes les cultures. Ainsi, au Mexique, un mariage ne peut se comprendre sans un mariachi ou un groupe de musique traditionnelle de la r\u00e9gion \u00e0 laquelle il [&hellip;]<\/p>\n","protected":false},"author":1,"featured_media":7687,"parent":0,"menu_order":4,"comment_status":"open","ping_status":"open","template":"","meta":{"footnotes":""},"categories":[865],"tags":[867],"class_list":["post-4439","page","type-page","status-publish","has-post-thumbnail","hentry","category-services-2","tag-mariage"],"_links":{"self":[{"href":"https:\/\/www.mariachi-semblanza.com\/fr\/wp-json\/wp\/v2\/pages\/4439","targetHints":{"allow":["GET"]}}],"collection":[{"href":"https:\/\/www.mariachi-semblanza.com\/fr\/wp-json\/wp\/v2\/pages"}],"about":[{"href":"https:\/\/www.mariachi-semblanza.com\/fr\/wp-json\/wp\/v2\/types\/page"}],"author":[{"embeddable":true,"href":"https:\/\/www.mariachi-semblanza.com\/fr\/wp-json\/wp\/v2\/users\/1"}],"replies":[{"embeddable":true,"href":"https:\/\/www.mariachi-semblanza.com\/fr\/wp-json\/wp\/v2\/comments?post=4439"}],"version-history":[{"count":0,"href":"https:\/\/www.mariachi-semblanza.com\/fr\/wp-json\/wp\/v2\/pages\/4439\/revisions"}],"wp:featuredmedia":[{"embeddable":true,"href":"https:\/\/www.mariachi-semblanza.com\/fr\/wp-json\/wp\/v2\/media\/7687"}],"wp:attachment":[{"href":"https:\/\/www.mariachi-semblanza.com\/fr\/wp-json\/wp\/v2\/media?parent=4439"}],"wp:term":[{"taxonomy":"category","embeddable":true,"href":"https:\/\/www.mariachi-semblanza.com\/fr\/wp-json\/wp\/v2\/categories?post=4439"},{"taxonomy":"post_tag","embeddable":true,"href":"https:\/\/www.mariachi-semblanza.com\/fr\/wp-json\/wp\/v2\/tags?post=4439"}],"curies":[{"name":"wp","href":"https:\/\/api.w.org\/{rel}","templated":true}]}}