{"id":4442,"date":"2013-05-16T17:35:14","date_gmt":"2013-05-16T15:35:14","guid":{"rendered":"http:\/\/el-mariachi-de-barcelona.com\/?page_id=4442"},"modified":"2013-05-19T12:56:31","modified_gmt":"2013-05-19T10:56:31","slug":"festivals","status":"publish","type":"page","link":"https:\/\/www.mariachi-semblanza.com\/fr\/festivals\/","title":{"rendered":"Festivals"},"content":{"rendered":"<h3 class='subtitular'>Concerts pour le festival:<\/h3>\n<p>L&rsquo;ensemble Mariachi et son d\u00e9veloppement historique ont fait une image de la musique mexicaine et latino-am\u00e9ricaine, qui comprend de plus en plus dans sa musique de r\u00e9pertoire provenant de <strong>diff\u00e9rentes traditions de la g\u00e9ographie du monde<\/strong>. En Novembre 2011 l&rsquo;<cite>UNESCO<\/cite> a ajout\u00e9 \u00e0 \u00ab\u00a0El Mariachi, musique \u00e0 cordes, chant et trompette\u00a0\u00bb en tant que membre de la Liste repr\u00e9sentative du patrimoine culturel immat\u00e9riel de l&rsquo;humanit\u00e9.<\/p>\n<h3 class='subtitular'>Notre r\u00e9pertoire:<\/h3>\n<p>Le profil de notre r\u00e9pertoire, il est id\u00e9al pour de nombreuses salles et festivals qui peuvent \u00eatre r\u00e9alis\u00e9es dans diff\u00e9rents cadres th\u00e9matiques et culturels.<\/p>\n<h3 class='subtitular'>Notre exp\u00e9rience dans les festivals de musique:<\/h3>\n<p><strong>Nous avons particip\u00e9 \u00e0 des festivals de guitare<\/strong>, en particulier par le d\u00e9veloppement qui ont les instruments \u00e0 cordes des guitares h\u00e9ritiers baroque au Mexique, des festivals de musique traditionnelle du monde, Mariachi festivals sp\u00e9cifiques, des <strong>festivals<\/strong> sur le th\u00e8me du m\u00e9tissage dans festivals de jumelage sur les grandes sc\u00e8nes des cultures et des chanteurs d&rsquo;accompagnement de divers genres qui composent le son de notre formation, notamment leurs interpr\u00e9tations.<\/p>\n<p>Je vous laisse avec quelques vid\u00e9os de spectacles dans divers festivals Mariachi Semblanza.<\/p>\n<h3 class='subtitular'>Vid\u00e9os de spectacles dans les festivals:<\/h3>\n<ul class='acordeon'>\n<li class='gdl-divider'>\n<h2 class='accordion-head title-color gdl-title'><span class='accordion-head-image'><\/span>Festival de Ankara<\/h2>\n<div class='accordion-content'>\n<div class=\"responsive-video\" itemprop=\"video\" itemscope itemtype=\"http:\/\/schema.org\/VideoObject\"><iframe loading=\"lazy\" class=\"youtube-player\" type=\"text\/html\" width=\"660\" height=\"371\" src=\"https:\/\/www.youtube.com\/embed\/O7vGz7rAjik?html5=1\" allowfullscreen><\/iframe><\/div>\n<h3 itemprop=\"name\">El Mariachi Loco en el festival de Ankara<\/h3>\n<p itemprop=\"description\">Mariachi Semblanza actuando en directo en el Hotel Swiss Hotel de Ankara durante el festival internacional mexicano de Ankara, en Turqu\u00eda<\/p>\n<p><meta itemprop=\"image\" content=\"http:\/\/img.youtube.com\/vi\/O7vGz7rAjik\/0.jpg\"><meta itemprop=\"thumbnailUrl\" content=\"https:\/\/img.youtube.com\/vi\/O7vGz7rAjik\/2.jpg\">\n<\/div>\n<\/li>\n<li class='gdl-divider'>\n<h2 class='accordion-head title-color gdl-title'><span class='accordion-head-image'><\/span>El Grito de Barcelona<\/h2>\n<div class='accordion-content'>\n<div class=\"responsive-video\" itemprop=\"video\" itemscope itemtype=\"http:\/\/schema.org\/VideoObject\"><iframe loading=\"lazy\" class=\"youtube-player\" type=\"text\/html\" width=\"660\" height=\"371\" src=\"https:\/\/www.youtube.com\/embed\/UaIqm2Tm7nY?html5=1\" allowfullscreen><\/iframe><\/div>\n<h3 itemprop=\"name\">Mariachi Semblanza actuando en directo<\/h3>\n<p itemprop=\"description\">Mariachi Semblanza actuando en directo en el festival el Grito de Barcelona<\/p>\n<p><meta itemprop=\"image\" content=\"http:\/\/img.youtube.com\/vi\/UaIqm2Tm7nY\/0.jpg\"><meta itemprop=\"thumbnailUrl\" content=\"https:\/\/img.youtube.com\/vi\/UaIqm2Tm7nY\/2.jpg\">\n<\/div>\n<\/li>\n<li class='gdl-divider'>\n<h2 class='accordion-head title-color gdl-title'><span class='accordion-head-image'><\/span>Festival de Barcelonnette<\/h2>\n<div class='accordion-content'>\n<div class=\"responsive-video\" itemprop=\"video\" itemscope itemtype=\"http:\/\/schema.org\/VideoObject\"><iframe loading=\"lazy\" class=\"youtube-player\" type=\"text\/html\" width=\"660\" height=\"371\" src=\"https:\/\/www.youtube.com\/embed\/jDkcHyReTWY?html5=1\" allowfullscreen><\/iframe><\/div>\n<h3 itemprop=\"name\">Cucurruc\u00fa Paloma en el festival de Barcelonnette<\/h3>\n<p itemprop=\"description\">Mariachi Semblanza actuando en directo en el festival de musica mariachi de Barcelonnette, Francia, en el a\u00f1o 2009<\/p>\n<p><meta itemprop=\"image\" content=\"http:\/\/img.youtube.com\/vi\/jDkcHyReTWY\/0.jpg\"><meta itemprop=\"thumbnailUrl\" content=\"https:\/\/img.youtube.com\/vi\/jDkcHyReTWY\/2.jpg\">\n<\/div>\n<\/li>\n<\/ul>\n","protected":false},"excerpt":{"rendered":"<p itemprop=\"description\">L&rsquo;ensemble Mariachi et son d\u00e9veloppement historique ont fait une image de la musique mexicaine et latino-am\u00e9ricaine, qui comprend de plus en plus dans sa musique de r\u00e9pertoire provenant de diff\u00e9rentes traditions de la g\u00e9ographie du monde. En Novembre 2011 l&rsquo;UNESCO a ajout\u00e9 \u00e0 \u00ab\u00a0El Mariachi, musique \u00e0 cordes, chant et trompette\u00a0\u00bb en tant que membre [&hellip;]<\/p>\n","protected":false},"author":1,"featured_media":7183,"parent":0,"menu_order":2,"comment_status":"open","ping_status":"open","template":"","meta":{"footnotes":""},"categories":[865],"tags":[868],"class_list":["post-4442","page","type-page","status-publish","has-post-thumbnail","hentry","category-services-2","tag-festivals-fr"],"_links":{"self":[{"href":"https:\/\/www.mariachi-semblanza.com\/fr\/wp-json\/wp\/v2\/pages\/4442","targetHints":{"allow":["GET"]}}],"collection":[{"href":"https:\/\/www.mariachi-semblanza.com\/fr\/wp-json\/wp\/v2\/pages"}],"about":[{"href":"https:\/\/www.mariachi-semblanza.com\/fr\/wp-json\/wp\/v2\/types\/page"}],"author":[{"embeddable":true,"href":"https:\/\/www.mariachi-semblanza.com\/fr\/wp-json\/wp\/v2\/users\/1"}],"replies":[{"embeddable":true,"href":"https:\/\/www.mariachi-semblanza.com\/fr\/wp-json\/wp\/v2\/comments?post=4442"}],"version-history":[{"count":0,"href":"https:\/\/www.mariachi-semblanza.com\/fr\/wp-json\/wp\/v2\/pages\/4442\/revisions"}],"wp:featuredmedia":[{"embeddable":true,"href":"https:\/\/www.mariachi-semblanza.com\/fr\/wp-json\/wp\/v2\/media\/7183"}],"wp:attachment":[{"href":"https:\/\/www.mariachi-semblanza.com\/fr\/wp-json\/wp\/v2\/media?parent=4442"}],"wp:term":[{"taxonomy":"category","embeddable":true,"href":"https:\/\/www.mariachi-semblanza.com\/fr\/wp-json\/wp\/v2\/categories?post=4442"},{"taxonomy":"post_tag","embeddable":true,"href":"https:\/\/www.mariachi-semblanza.com\/fr\/wp-json\/wp\/v2\/tags?post=4442"}],"curies":[{"name":"wp","href":"https:\/\/api.w.org\/{rel}","templated":true}]}}