{"id":4445,"date":"2013-05-16T17:36:13","date_gmt":"2013-05-16T15:36:13","guid":{"rendered":"http:\/\/el-mariachi-de-barcelona.com\/?page_id=4445"},"modified":"2013-05-19T13:02:07","modified_gmt":"2013-05-19T11:02:07","slug":"theatres","status":"publish","type":"page","link":"https:\/\/www.mariachi-semblanza.com\/fr\/theatres\/","title":{"rendered":"Th\u00e9\u00e2tres"},"content":{"rendered":"<h3 class='subtitular'>Concerto th\u00e9\u00e2tre:<\/h3>\n<p><strong>Musique Mariachi<\/strong>, dans son \u00e9volution, a d\u00e9velopp\u00e9 un style unique adoptant des structures symphoniques et offre une gamme vari\u00e9e de rythmes, harmonies traditionnelles et modernes qui peuvent \u00eatre pr\u00e9sent\u00e9s comme un spectacle en soi.<\/p>\n<h3 class='subtitular'>Danse traditionnelle:<\/h3>\n<p>\u00c9galement il peut \u00eatre combin\u00e9 avec la chor\u00e9graphie de <strong>danse traditionnelle de diff\u00e9rentes r\u00e9gions du Mexique<\/strong>, qui en font un spectacle de couleurs, du mouvement et de la musique digne de n&rsquo;importe quel stade.<\/p>\n<h3 class='subtitular'>\u00bfTraditionnel ou moderne Mariachi?<\/h3>\n<p>Le r\u00e9pertoire actuellement mariachi est si vaste que nous avons diff\u00e9rents types de spectacle: de la musique traditionnelle, la musique mariachi symphonique et <strong>adaptations modernes de la musique<\/strong> provenant d&rsquo;autres pays.<\/p>\n<h3 class='subtitular'>Notre exp\u00e9rience de travail dans les th\u00e9\u00e2tres:<\/h3>\n<p>Nous avons effectu\u00e9 sur les diff\u00e9rents th\u00e9\u00e2tres tels que le <cite>Arteria Paral.lel<\/cite> par des \u00e9chantillons de chansons mexicaines et pour trois ans, nous avons pr\u00e9sent\u00e9 des concerts avec diff\u00e9rents th\u00e8mes couvrant la culture de la musique latino-am\u00e9ricaine.<\/p>\n<h3 class='subtitular'>Exigences techniques:<\/h3>\n<p>Selon la taille et l&rsquo;acoustique du th\u00e9\u00e2tre nous pouvons faire des activit\u00e9s avec des exigences techniques ou acoustique.<\/p>\n<h3 class='subtitular'>Des exemples de repr\u00e9sentations dans les th\u00e9\u00e2tres:<\/h3>\n<ul class='acordeon'>\n<li class='gdl-divider'>\n<h2 class='accordion-head title-color gdl-title'><span class='accordion-head-image'><\/span>Matalas en el teatro Arteria Paral.lel<\/h2>\n<div class='accordion-content'>\n<div class=\"responsive-video\" itemprop=\"video\" itemscope itemtype=\"http:\/\/schema.org\/VideoObject\"><iframe loading=\"lazy\" class=\"youtube-player\" type=\"text\/html\" width=\"660\" height=\"371\" src=\"https:\/\/www.youtube.com\/embed\/TeF7Eh0Epts?html5=1\" allowfullscreen><\/iframe><\/div>\n<h3 itemprop=\"name\">Teatro Arteria Paral.lel &#8211; Matalas<\/h3>\n<p itemprop=\"description\">Mariachi Semblanza acompa\u00f1ando a Josep Perez Abuy\u00e9 (El charro catal\u00e1n) en el teatro Arteria Paral.lel de Barcelona junto con el ballet Viva M\u00e9xico. Canci\u00f3n interpretada Matalas en riguroso directo<\/p>\n<p><meta itemprop=\"image\" content=\"http:\/\/img.youtube.com\/vi\/TeF7Eh0Epts\/0.jpg\"><meta itemprop=\"thumbnailUrl\" content=\"https:\/\/img.youtube.com\/vi\/TeF7Eh0Epts\/2.jpg\">\n<\/div>\n<\/li>\n<li class='gdl-divider'>\n<h2 class='accordion-head title-color gdl-title'><span class='accordion-head-image'><\/span>Mujeres divinas en el teatro Arteria Paral.lel<\/h2>\n<div class='accordion-content'>\n<div class=\"responsive-video\" itemprop=\"video\" itemscope itemtype=\"http:\/\/schema.org\/VideoObject\"><iframe loading=\"lazy\" class=\"youtube-player\" type=\"text\/html\" width=\"660\" height=\"371\" src=\"https:\/\/www.youtube.com\/embed\/bjO__4RQvY8?html5=1\" allowfullscreen><\/iframe><\/div>\n<h3 itemprop=\"name\">Teatro Arteria Paral.lel &#8211; Mujeres Divinas<\/h3>\n<p itemprop=\"description\">Mariachi Semblanza actuando en el teatro Arteria Paral.lel acompa\u00f1ando al charro catal\u00e1n junto con el ballet Viva M\u00e9xico interpretando la canci\u00f3n Mujeres Divinas en directo<\/p>\n<p><meta itemprop=\"image\" content=\"http:\/\/img.youtube.com\/vi\/bjO__4RQvY8\/0.jpg\"><meta itemprop=\"thumbnailUrl\" content=\"https:\/\/img.youtube.com\/vi\/bjO__4RQvY8\/2.jpg\">\n<\/div>\n<\/li>\n<li class='gdl-divider'>\n<h2 class='accordion-head title-color gdl-title'><span class='accordion-head-image'><\/span>Mariachi Semblanza en el R.A.I<\/h2>\n<div class='accordion-content'>\n<div class=\"responsive-video\" itemprop=\"video\" itemscope itemtype=\"http:\/\/schema.org\/VideoObject\"><iframe loading=\"lazy\" class=\"youtube-player\" type=\"text\/html\" width=\"660\" height=\"371\" src=\"https:\/\/www.youtube.com\/embed\/Iz7ln08lVjc?html5=1\" allowfullscreen><\/iframe><\/div>\n<h3 itemprop=\"name\">Actuaci\u00f3n en un teatro de Mariachi Semblanza<\/h3>\n<p itemprop=\"description\">Mariachi Semblanza actuando en directo en un teatro durante el ciclo de conciertos al son que me toquen en el a\u00f1o 2010<\/p>\n<p><meta itemprop=\"image\" content=\"http:\/\/img.youtube.com\/vi\/Iz7ln08lVjc\/0.jpg\"><meta itemprop=\"thumbnailUrl\" content=\"https:\/\/img.youtube.com\/vi\/Iz7ln08lVjc\/2.jpg\">\n<\/div>\n<\/li>\n<\/ul>\n","protected":false},"excerpt":{"rendered":"<p itemprop=\"description\">Musique Mariachi, dans son \u00e9volution, a d\u00e9velopp\u00e9 un style unique adoptant des structures symphoniques et offre une gamme vari\u00e9e de rythmes, harmonies traditionnelles et modernes qui peuvent \u00eatre pr\u00e9sent\u00e9s comme un spectacle en soi. \u00c9galement il peut \u00eatre combin\u00e9 avec la chor\u00e9graphie de danse traditionnelle de diff\u00e9rentes r\u00e9gions du Mexique, qui en font un spectacle [&hellip;]<\/p>\n","protected":false},"author":1,"featured_media":7195,"parent":0,"menu_order":3,"comment_status":"open","ping_status":"open","template":"","meta":{"footnotes":""},"categories":[865],"tags":[869],"class_list":["post-4445","page","type-page","status-publish","has-post-thumbnail","hentry","category-services-2","tag-theatres"],"_links":{"self":[{"href":"https:\/\/www.mariachi-semblanza.com\/fr\/wp-json\/wp\/v2\/pages\/4445","targetHints":{"allow":["GET"]}}],"collection":[{"href":"https:\/\/www.mariachi-semblanza.com\/fr\/wp-json\/wp\/v2\/pages"}],"about":[{"href":"https:\/\/www.mariachi-semblanza.com\/fr\/wp-json\/wp\/v2\/types\/page"}],"author":[{"embeddable":true,"href":"https:\/\/www.mariachi-semblanza.com\/fr\/wp-json\/wp\/v2\/users\/1"}],"replies":[{"embeddable":true,"href":"https:\/\/www.mariachi-semblanza.com\/fr\/wp-json\/wp\/v2\/comments?post=4445"}],"version-history":[{"count":0,"href":"https:\/\/www.mariachi-semblanza.com\/fr\/wp-json\/wp\/v2\/pages\/4445\/revisions"}],"wp:featuredmedia":[{"embeddable":true,"href":"https:\/\/www.mariachi-semblanza.com\/fr\/wp-json\/wp\/v2\/media\/7195"}],"wp:attachment":[{"href":"https:\/\/www.mariachi-semblanza.com\/fr\/wp-json\/wp\/v2\/media?parent=4445"}],"wp:term":[{"taxonomy":"category","embeddable":true,"href":"https:\/\/www.mariachi-semblanza.com\/fr\/wp-json\/wp\/v2\/categories?post=4445"},{"taxonomy":"post_tag","embeddable":true,"href":"https:\/\/www.mariachi-semblanza.com\/fr\/wp-json\/wp\/v2\/tags?post=4445"}],"curies":[{"name":"wp","href":"https:\/\/api.w.org\/{rel}","templated":true}]}}