{"id":4486,"date":"2013-05-16T18:35:56","date_gmt":"2013-05-16T16:35:56","guid":{"rendered":"http:\/\/el-mariachi-de-barcelona.com\/?page_id=4486"},"modified":"2013-05-30T10:36:09","modified_gmt":"2013-05-30T08:36:09","slug":"lssi-lopd","status":"publish","type":"page","link":"https:\/\/www.mariachi-semblanza.com\/fr\/lssi-lopd\/","title":{"rendered":"Conditions d&rsquo;utilisation, LSSI, LOPD"},"content":{"rendered":"<h2 class='titular'>Protection des donn\u00e9es et conditions d&rsquo;utilisation du web:<\/h2>\n<h3 class='subtitular'>La propri\u00e9t\u00e9 et le but:<\/h3>\n<p>Le domaine www.mariachisemblanza.com est la propri\u00e9t\u00e9 de Simao Hern\u00e1ndez et a le but de pr\u00e9senter les travaux de Mariachi Semblanza et la promotion sociale du groupe.<\/p>\n<p>Le contenu de tiers, tels que des vid\u00e9os et les textes sont propri\u00e9t\u00e9 de tiers et sont \u00e9galement publi\u00e9s dans notre site parce qu&rsquo;il appara\u00eet le groupe Semblanza Mariachi. Toutefois, l&rsquo;auteur d&rsquo;un tel contenu appartient \u00e0 eux m\u00eames.<\/p>\n<h3 class='subtitular'>Licence du contenu:<\/h3>\n<p>Sauf indication contraire le contenu affich\u00e9 sur ce site est d&rsquo;autant droits r\u00e9serv\u00e9s, y compris les textes. L&rsquo;absence de mentions de copyright ou licences de contenu ne les dispense pas de ces derniers.<\/p>\n<p>Vous n&rsquo;avez pas le droit de copier, de distribuer, remixer, \u00e9diter ou modifier l&rsquo;une des photos, Vid\u00e9os, mp3, texte ou \u0153uvres pr\u00e9sent\u00e9es sur ce site. Pas m\u00eame pour un usage personnel ou sans but lucratif moins donn\u00e9 l&rsquo;autorisation \u00e9crite expresse de l&rsquo;auteur.<\/p>\n<p>Il permet la diffusion de contenu via les boutons sur le m\u00eame web-enabled pour partager sur les r\u00e9seaux sociaux. Si vous avez un site ou un blog et \/ ou \u00e0 but non lucratif et que vous souhaitez utiliser une de ces photos, vid\u00e9os, mp3 ou textes, veuillez vous adresser \u00e0 recevoir le consentement de l&rsquo;auteur.<\/p>\n<h3 class='subtitular'>Google Analytics:<\/h3>\n<p>Ce site utilise la technologie Google Analytics, un service d&rsquo;analyse web fourni par Google Incorporated, une soci\u00e9t\u00e9 du Delaware dont le si\u00e8ge principal est au 1600 Amphith\u00e9\u00e2tre Parkway, Mountain View (Californie), CA 94043, USA.<\/p>\n<p>Google Analytics utilise des cookies, qui sont des fichiers texte plac\u00e9s sur votre ordinateur, pour aider le site internet \u00e0 analyser l&rsquo;utilisation du site. Les informations g\u00e9n\u00e9r\u00e9es par les cookies concernant votre utilisation du site (y compris votre adresse IP) seront transmises et stock\u00e9es uniquement par Google sur des serveurs USA.<\/p>\n<p>Google utilisera cette information dans le but de garder une trace de votre utilisation du site, compiler des rapports sur l&rsquo;activit\u00e9 du site et \u00e0 fournir d&rsquo;autres services relatifs avec l&rsquo;activit\u00e9 de la page et utiliser l&rsquo;Internet.<\/p>\n<p>Google peut \u00e9galement transf\u00e9rer ces informations \u00e0 des tiers lorsque requis par telle loi ou lorsque ces tiers traitent ces donn\u00e9es pour le compte de Google. Google ne recoupera pas votre adresse IP avec toute autre donn\u00e9e d\u00e9tenue.<\/p>\n<p>Vous pouvez refuser le traitement des donn\u00e9es ou des informations en rejetant l&rsquo;utilisation des cookies par les param\u00e8tres appropri\u00e9s de votre navigateur, cependant, vous devez savoir que cela ne peut pas b\u00e9n\u00e9ficier de toutes les fonctionnalit\u00e9s de ce site. Utilisation de ce site Web, vous consentez express\u00e9ment au traitement de vos donn\u00e9es nominatives par Google de la mani\u00e8re et aux fins d\u00e9crites ci-dessus.<\/p>\n<h3 class='subtitular'>Protection des donn\u00e9es:<\/h3>\n<p>Lorsque vous naviguez sur ce site, n&rsquo;installez pas les cookies de suivi dispositifs de visiteurs, sauf ceux mentionn\u00e9s ci-dessus de Google Analytics. Dans le cas o\u00f9 l&rsquo;utilisateur souhaite ajouter des commentaires dans les \u00e9crits devra remplir les champs avec votre nom et votre adresse email, doit \u00eatre r\u00e9el ou, dans quoi qu&rsquo;il en soit, identifiable. Pendant le commentaire sur l&rsquo;adresse IP du site Web seront enregistr\u00e9es \u00e0 partir d\u2019\u00e9tablir l&rsquo;adresse de connexion sera enregistr\u00e9e dans le CMS Web, WordPress. Tout utilisateur peut demander la suppression de votre commentaire ou donn\u00e9es identifier les documents d&rsquo;exp\u00e9dition de faible via le formulaire de contacte.<\/p>\n<p>De m\u00eame, il propose un service de notification par e-mail pour quand un nouvel article est publi\u00e9 sur le site. Ce service est gratuit et libre de spam. Les donn\u00e9es fournies par le formulaire d&rsquo;inscription sont stock\u00e9es dans le gestionnaire de contenu de base de donn\u00e9es dans le seul but de fournir au service de notification de nouveaux contenus. En aucun cas, emp\u00eacher d&rsquo;autres donn\u00e9es diff\u00e9rentes de ce que l\u2019utilisateur voit sur le formulaire d&rsquo;abonnement. De m\u00eame, n&rsquo;importe quel utilisateur peut demander la suppression de vos donn\u00e9es via le m\u00eame formulaire et \/ ou par le biais du formulaire de contact ci-dessus.<\/p>\n<h3 class='subtitular'>Conditions d&rsquo;utilisation du web:<\/h3>\n<p>L&rsquo;utilisation de ce site web et mariachisemblanza.com et www.mariachisemblanza.com bien comme tous les domaines et sous-domaines, implique l&rsquo;acceptation par l&rsquo;utilisateur de toutes les conditions g\u00e9n\u00e9rales d&rsquo;utilisation \u00e0 tout moment l&rsquo;utilisateur acc\u00e8de, donc si vous n&rsquo;\u00eates pas d&rsquo;accord avec le contenu, vous devez s&rsquo;abstenir d&rsquo;utiliser le web.<\/p>\n<p>L&rsquo;Utilisateur s&rsquo;engage \u00e0 ne pas utiliser le site ou ses services et contenus contrairement aux dispositions de la l\u00e9gislation qui s&rsquo;applique. www.mariachisemblanza.com r\u00e9serve le droit de retirer l&rsquo;acc\u00e8s au site sans pr\u00e9avis \u00e0 tout utilisateur qui viole les dispositions du pr\u00e9sent avis juridique.<\/p>\n<p>www.mariachisemblanza.com se r\u00e9serve le droit de modifier \u00e0 tout moment conditions g\u00e9n\u00e9rales d&rsquo;utilisation et toute autre condition g\u00e9n\u00e9ral ou particulier, recourir \u00e0 des r\u00e8glements ou des avertissements qui peuvent s&rsquo;appliquer. Donc, il se r\u00e9serve le droit de modifier \u00e0 tout moment la pr\u00e9sentation, configuration et l&#8217;emplacement du site et le contenu et les conditions n\u00e9cessaire pour les utiliser.<\/p>\n<p>Vous reconnaissez et acceptez que l&rsquo;acc\u00e8s et l&rsquo;utilisation du site et de son contenu en place librement et consciemment sous sa seule responsabilit\u00e9. Vous vous engagez \u00e0 faire un usage\u00a0ad\u00e9quat et licite du site et de contenu, conform\u00e9ment \u00e0 la l\u00e9gislation applicable, les conditions g\u00e9n\u00e9rales d&rsquo;utilisation, morale et aux bonnes pratiques g\u00e9n\u00e9ralement accept\u00e9es et l&rsquo;ordre public.<\/p>\n<h3 class='subtitular'>Exclusion de responsabilit\u00e9:<\/h3>\n<p>www.mariachisemblanza.com ne garantit pas la disponibilit\u00e9 et la continuit\u00e9 du site ou responsable de tout dommage caus\u00e9 ou susceptible de se produire dans l&rsquo;avenir, ou des d\u00e9fauts techniques, quelle que soit leur nature, provenant de l&rsquo;utilisation des informations et documents contenus sur le web.<\/p>\n<p>www.mariachisemblanza.com n&rsquo;est pas responsable des opinions et d\u00e9clarations exprim\u00e9es par les auteurs des articles publi\u00e9s sur notre site Web, reste avec ils toute responsabilit\u00e9 qui pourrait d\u00e9couler de ces \u00e9v\u00e9nements.<\/p>\n<p>Alors www.mariachisemblanza.com ne garantit pas la l\u00e9galit\u00e9, la fiabilit\u00e9, l&rsquo;utilit\u00e9, v\u00e9racit\u00e9 ou l&rsquo;exactitude de l&rsquo;information fournie sur le site Web ou l&rsquo;un de ses sous-domaines.<\/p>\n<h3 class='subtitular'>Communications de confidentialit\u00e9 pour le formulaire de contacte:<\/h3>\n<p>En conformit\u00e9 avec la loi organique 15\/1999 du 13 D\u00e9cembre, la protection de donn\u00e9es personnelles, Simao Hernandez, tient \u00e0 informer que les donn\u00e9es contenues dans les emails sont dirig\u00e9s vers le destinataire ou b\u00e9n\u00e9ficiaires d\u00e9sign\u00e9s. Le contenu du message et les donn\u00e9es pr\u00e9sent\u00e9es sont strictement confidentielles, donc si vous l&rsquo;avez re\u00e7u par erreur, s&rsquo;il vous pla\u00eet laissez-nous savoir d\u00e8s que possible et supprimer l&rsquo;original, ne pas \u00eatre autoris\u00e9 \u00e0 l&rsquo;utilisation du message. Aussi, nous vous donnons la possibilit\u00e9 d&rsquo;exercer leurs droits d&rsquo;acc\u00e8s, de rectification, d\u2019annulation et la sp\u00e9cification, dans les termes \u00e9tablis dans la l\u00e9gislation, ce qui peut rendre email efficace s&rsquo;adressant au web www.mariachisemblanza.com <a href=\"ma&#105;l&#116;o&#58;&#105;&#110;&#102;&#111;&#64;&#109;a&#114;ia&#99;&#104;&#105;s&#101;&#109;&#98;l&#97;&#110;&#122;&#97;.c&#111;&#109;\">info&#64;ma&#114;&#105;a&#99;&#104;&#105;&#115;&#101;&#109;b&#108;&#97;n&#122;a&#46;&#99;om<\/a><\/p>\n","protected":false},"excerpt":{"rendered":"<p itemprop=\"description\">Le domaine www.mariachisemblanza.com est la propri\u00e9t\u00e9 de Simao Hern\u00e1ndez et a le but de pr\u00e9senter les travaux de Mariachi Semblanza et la promotion sociale du groupe. Le contenu de tiers, tels que des vid\u00e9os et les textes sont propri\u00e9t\u00e9 de tiers et sont \u00e9galement publi\u00e9s dans notre site parce qu&rsquo;il appara\u00eet le groupe Semblanza Mariachi. [&hellip;]<\/p>\n","protected":false},"author":1,"featured_media":0,"parent":0,"menu_order":0,"comment_status":"open","ping_status":"open","template":"","meta":{"footnotes":""},"categories":[],"tags":[],"class_list":["post-4486","page","type-page","status-publish","hentry"],"_links":{"self":[{"href":"https:\/\/www.mariachi-semblanza.com\/fr\/wp-json\/wp\/v2\/pages\/4486","targetHints":{"allow":["GET"]}}],"collection":[{"href":"https:\/\/www.mariachi-semblanza.com\/fr\/wp-json\/wp\/v2\/pages"}],"about":[{"href":"https:\/\/www.mariachi-semblanza.com\/fr\/wp-json\/wp\/v2\/types\/page"}],"author":[{"embeddable":true,"href":"https:\/\/www.mariachi-semblanza.com\/fr\/wp-json\/wp\/v2\/users\/1"}],"replies":[{"embeddable":true,"href":"https:\/\/www.mariachi-semblanza.com\/fr\/wp-json\/wp\/v2\/comments?post=4486"}],"version-history":[{"count":0,"href":"https:\/\/www.mariachi-semblanza.com\/fr\/wp-json\/wp\/v2\/pages\/4486\/revisions"}],"wp:attachment":[{"href":"https:\/\/www.mariachi-semblanza.com\/fr\/wp-json\/wp\/v2\/media?parent=4486"}],"wp:term":[{"taxonomy":"category","embeddable":true,"href":"https:\/\/www.mariachi-semblanza.com\/fr\/wp-json\/wp\/v2\/categories?post=4486"},{"taxonomy":"post_tag","embeddable":true,"href":"https:\/\/www.mariachi-semblanza.com\/fr\/wp-json\/wp\/v2\/tags?post=4486"}],"curies":[{"name":"wp","href":"https:\/\/api.w.org\/{rel}","templated":true}]}}