{"id":4517,"date":"2013-05-17T00:00:29","date_gmt":"2013-05-16T22:00:29","guid":{"rendered":"http:\/\/el-mariachi-de-barcelona.com\/?page_id=4517"},"modified":"2013-05-19T13:28:47","modified_gmt":"2013-05-19T11:28:47","slug":"membres-du-groupe-mariachi-semblanza","status":"publish","type":"page","link":"https:\/\/www.mariachi-semblanza.com\/fr\/membres-du-groupe-mariachi-semblanza\/","title":{"rendered":"Membres du groupe Mariachi Semblanza"},"content":{"rendered":"<blockquote><p>\nEl Mariachi Semblanza est un <strong>groupe de musiciens sp\u00e9cialis\u00e9s dans le folklore mexicain<\/strong> compos\u00e9 de 8 membres. Avec l&rsquo;id\u00e9e que vous savez un peu avant que nous ayons \u00e0 votre \u00e9v\u00e9nement pour nous pr\u00e9senter bri\u00e8vement.<\/p>\n<p>Tous ensemble, nous avons agi dans diff\u00e9rentes r\u00e9gions d&rsquo;Espagne et Europe. Notre place plus habituelle et la r\u00e9gion fabrication Barcelone r\u00e9gions m\u00e9tropolitaines \u00e9ventuellement \u00e9tendre dans les provinces de Catalogne et d&rsquo;autres r\u00e9gions quand il exige une action.<\/p>\n<p>Nous avons \u00e9galement parcouru le monde avec nos actions et nos <strong>instruments typiques de la musique mexicaine<\/strong>. Ensemble, nous avons voyag\u00e9 dans ces pays exotiques comme l&rsquo;Ukraine, la Turquie, l&rsquo;Italie, la Lituanie, la Finlande, l&rsquo;Irlande, la France et m\u00eame les pays arabes tels que Duba\u00ef.<\/p>\n<p>Nous sommes fiers d&rsquo;apporter <em>la culture mexicaine \u00e0 travers notre musique<\/em> et nos performances \u00e0 chaque fois que nous revendiquons, peu importe combien de miles de distance et la langue officielle du pays de destination. Notre langue est la musique, et se sentent fiers Mariachi mexicain Semblanza.\n<\/p><\/blockquote>\n<p>Je vous pr\u00e9sente les membres de musiciens mariachis Semblanza ci-dessous:<\/p>\n<ul class='acordeon'>\n<li class='gdl-divider'>\n<h2 class='accordion-head title-color gdl-title'><span class='accordion-head-image'><\/span>Arturo Gonz\u00e1lez Santill\u00e1n<\/h2>\n<div class='accordion-content'>\n<h3>Guitarr\u00f3n:<\/h3>\n<figure><img loading=\"lazy\" decoding=\"async\" class=\"alignnone size-full wp-image-3700\" alt=\"Arturo Gonzalez Santillan\" src=\"http:\/\/el-mariachi-de-barcelona.com\/wp-content\/uploads\/2013\/05\/Arturo-Gonzalez-Santillan2.jpg\" width=\"500\" height=\"332\" srcset=\"https:\/\/www.mariachi-semblanza.com\/wp-content\/uploads\/2013\/05\/Arturo-Gonzalez-Santillan2.jpg 500w, https:\/\/www.mariachi-semblanza.com\/wp-content\/uploads\/2013\/05\/Arturo-Gonzalez-Santillan2-313x207.jpg 313w, https:\/\/www.mariachi-semblanza.com\/wp-content\/uploads\/2013\/05\/Arturo-Gonzalez-Santillan2-460x305.jpg 460w, https:\/\/www.mariachi-semblanza.com\/wp-content\/uploads\/2013\/05\/Arturo-Gonzalez-Santillan2-376x250.jpg 376w, https:\/\/www.mariachi-semblanza.com\/wp-content\/uploads\/2013\/05\/Arturo-Gonzalez-Santillan2-300x200.jpg 300w\" sizes=\"auto, (max-width: 500px) 100vw, 500px\" \/><\/figure>\n<p>N\u00e9 \u00e0 Mexico, il vient d&rsquo;une famille que, pendant des g\u00e9n\u00e9rations a \u00e9t\u00e9 consacr\u00e9e \u00e0 mariachi. Arthur a juou\u00e9 dans certains grands mariachis du Mexique comme le \u00ab\u00a0Juarez Arriba\u00a0\u00bb, la \u00ab\u00a0Perle de l&rsquo;Occident\u00bb ou \u00ab\u00a0Tlaquepaque\u00bb avec qui il a jou\u00e9 dans les principaux th\u00e9\u00e2tres au Mexique et il a accompagn\u00e9 de grands artistes de c\u00e9l\u00e8bre tradition mexicaine. Il a voyag\u00e9 \u00e0 travers le Mexique, le Venezuela et la plupart des Etats-Unis, o\u00f9 il a v\u00e9cu et travaill\u00e9 avec des groupes de Mariachi. Il a particip\u00e9 \u00e0 plusieurs enregistrements en Espagne et au Mexique et il y a quelques ann\u00e9es qui travaille comme moteur et \u00e2me du groupe.\n<\/p><\/div>\n<\/li>\n<li class='gdl-divider'>\n<h2 class='accordion-head title-color gdl-title'><span class='accordion-head-image'><\/span>Simao Hern\u00e1ndez Carrillo<\/h2>\n<div class='accordion-content'>\n<h3>Vihuela:<\/h3>\n<figure><img loading=\"lazy\" decoding=\"async\" class=\"alignnone size-full wp-image-3707\" alt=\"Simao Hernandez Carrillo\" src=\"http:\/\/el-mariachi-de-barcelona.com\/wp-content\/uploads\/2013\/05\/Simao-Hernandez-Carrillo1.jpg\" width=\"500\" height=\"753\" srcset=\"https:\/\/www.mariachi-semblanza.com\/wp-content\/uploads\/2013\/05\/Simao-Hernandez-Carrillo1.jpg 500w, https:\/\/www.mariachi-semblanza.com\/wp-content\/uploads\/2013\/05\/Simao-Hernandez-Carrillo1-333x502.jpg 333w, https:\/\/www.mariachi-semblanza.com\/wp-content\/uploads\/2013\/05\/Simao-Hernandez-Carrillo1-313x471.jpg 313w, https:\/\/www.mariachi-semblanza.com\/wp-content\/uploads\/2013\/05\/Simao-Hernandez-Carrillo1-460x692.jpg 460w, https:\/\/www.mariachi-semblanza.com\/wp-content\/uploads\/2013\/05\/Simao-Hernandez-Carrillo1-166x250.jpg 166w\" sizes=\"auto, (max-width: 500px) 100vw, 500px\" \/><\/figure>\n<p>N\u00e9 \u00e0 Mexico, il est le membre avec plus d&rsquo;antiquit\u00e9 et actuel directeur de mariachi. Il a commenc\u00e9 ses \u00e9tudes musicales avec ma\u00eetre mexicain Enrique Barona \u00e0 l&rsquo;Ecole Nationale d&rsquo;Anthropologie et Histoire et fait des tourn\u00e9es par certains des festivals de musique traditionnelle les plus importantes du Mexique. Il a jou\u00e9 avec les groupes de musique traditionnelle \u00ab\u00a0Son del pulque\u00a0\u00bb, \u00ab\u00a0Ils sont de l\u00e0-bas\u00bb et Ch\u00e9jere, jusqu&rsquo;\u00e0 ce qu&rsquo;il migre vers Barcelone. Il a pris des cours de musique traditionnelle mexicaine et latino-am\u00e9ricaine avec le maestro Hector Sanchez Campero et a rejoint le Mariachi Semblanza avec qui il participe en tant que membre actif depuis 2003.\n<\/p><\/div>\n<\/li>\n<li class='gdl-divider'>\n<h2 class='accordion-head title-color gdl-title'><span class='accordion-head-image'><\/span>Felipe Ponce Damaso<\/h2>\n<div class='accordion-content'>\n<h3>Guitare espagnole<\/h3>\n<figure><img loading=\"lazy\" decoding=\"async\" class=\"alignnone size-full wp-image-3702\" alt=\"Felipe Ponce Damaso\" src=\"http:\/\/el-mariachi-de-barcelona.com\/wp-content\/uploads\/2013\/05\/Felipe-Ponce-Damaso1.jpg\" width=\"500\" height=\"753\" srcset=\"https:\/\/www.mariachi-semblanza.com\/wp-content\/uploads\/2013\/05\/Felipe-Ponce-Damaso1.jpg 500w, https:\/\/www.mariachi-semblanza.com\/wp-content\/uploads\/2013\/05\/Felipe-Ponce-Damaso1-333x502.jpg 333w, https:\/\/www.mariachi-semblanza.com\/wp-content\/uploads\/2013\/05\/Felipe-Ponce-Damaso1-313x471.jpg 313w, https:\/\/www.mariachi-semblanza.com\/wp-content\/uploads\/2013\/05\/Felipe-Ponce-Damaso1-460x692.jpg 460w, https:\/\/www.mariachi-semblanza.com\/wp-content\/uploads\/2013\/05\/Felipe-Ponce-Damaso1-166x250.jpg 166w\" sizes=\"auto, (max-width: 500px) 100vw, 500px\" \/><\/figure>\n<p>Philippe est n\u00e9 en Zimap\u00e1n, Hidalgo et a commenc\u00e9 dans la musique et le chant dans son village. Migr\u00e9 vers la ville de Mexico pour le coll\u00e8ge et rejoint le groupe \u00ab\u00a0Carrillo\u00a0\u00bb comme requintista. Plus tard, il rejoint le groupe \u00abMexique\u00bb avec ceux qui ont particip\u00e9 \u00e0 diverses \u00e9missions de t\u00e9l\u00e9vision et des feuilletons. En 2002, il s&rsquo;installe \u00e0 Barcelone, a particip\u00e9 au\u00a0 Mariachi \u00ab\u00a0Luces de Mexico\u00a0\u00bb un moment et, au fil des ans, a rejoint en tant que chanteur dans notre Mariachi Semblanza.\n<\/p><\/div>\n<\/li>\n<li class='gdl-divider'>\n<h2 class='accordion-head title-color gdl-title'><span class='accordion-head-image'><\/span>Juan Manuel Pinz\u00f3n Villamizar<\/h2>\n<div class='accordion-content'>\n<h3>Trompette:<\/h3>\n<figure><img loading=\"lazy\" decoding=\"async\" class=\"alignnone size-full wp-image-3705\" alt=\"Juan Manuel Pinzon Villamizar\" src=\"http:\/\/el-mariachi-de-barcelona.com\/wp-content\/uploads\/2013\/05\/Juan-Manuel-Pinzon-Villamizar1.jpg\" width=\"500\" height=\"753\" srcset=\"https:\/\/www.mariachi-semblanza.com\/wp-content\/uploads\/2013\/05\/Juan-Manuel-Pinzon-Villamizar1.jpg 500w, https:\/\/www.mariachi-semblanza.com\/wp-content\/uploads\/2013\/05\/Juan-Manuel-Pinzon-Villamizar1-333x502.jpg 333w, https:\/\/www.mariachi-semblanza.com\/wp-content\/uploads\/2013\/05\/Juan-Manuel-Pinzon-Villamizar1-313x471.jpg 313w, https:\/\/www.mariachi-semblanza.com\/wp-content\/uploads\/2013\/05\/Juan-Manuel-Pinzon-Villamizar1-460x692.jpg 460w, https:\/\/www.mariachi-semblanza.com\/wp-content\/uploads\/2013\/05\/Juan-Manuel-Pinzon-Villamizar1-166x250.jpg 166w\" sizes=\"auto, (max-width: 500px) 100vw, 500px\" \/><\/figure>\n<p>Il vient de famille de musiciens de mariachi et a commenc\u00e9 \u00e0 prendre des le\u00e7ons de musique priv\u00e9es \u00e0 Bucaramanga, en Colombie et a poursuivi ses \u00e9tudes \u00e0 l&rsquo;Universit\u00e9 de Santander, Colombie. Il a jou\u00e9 dans Mariachi\u00a0 \u00ab\u00a0Jalisco\u00a0\u00bb (Bucaramanga &#8211; Colombie) et Mariachi \u00ab\u00a0Guadalajara\u00a0\u00bb. Il s&rsquo;installe ensuite \u00e0 Madrid o\u00f9 il a jou\u00e9 avec Mariachi \u00ab\u00a0Lindo Mexico\u00a0\u00bb. Un membre actif du Mariachi Semblanza _ depuis 2006, quand il a d\u00e9m\u00e9nag\u00e9 \u00e0 la Catalogne.\n<\/p><\/div>\n<\/li>\n<li class='gdl-divider'>\n<h2 class='accordion-head title-color gdl-title'><span class='accordion-head-image'><\/span>Nestor Garc\u00eda Pantoja<\/h2>\n<div class='accordion-content'>\n<h3>Violon:<\/h3>\n<figure><img loading=\"lazy\" decoding=\"async\" class=\"alignnone size-full wp-image-3706\" alt=\"Nestor Garcia Pantoja\" src=\"http:\/\/el-mariachi-de-barcelona.com\/wp-content\/uploads\/2013\/05\/Nestor-Garcia-Pantoja1.jpg\" width=\"500\" height=\"753\" srcset=\"https:\/\/www.mariachi-semblanza.com\/wp-content\/uploads\/2013\/05\/Nestor-Garcia-Pantoja1.jpg 500w, https:\/\/www.mariachi-semblanza.com\/wp-content\/uploads\/2013\/05\/Nestor-Garcia-Pantoja1-333x502.jpg 333w, https:\/\/www.mariachi-semblanza.com\/wp-content\/uploads\/2013\/05\/Nestor-Garcia-Pantoja1-313x471.jpg 313w, https:\/\/www.mariachi-semblanza.com\/wp-content\/uploads\/2013\/05\/Nestor-Garcia-Pantoja1-460x692.jpg 460w, https:\/\/www.mariachi-semblanza.com\/wp-content\/uploads\/2013\/05\/Nestor-Garcia-Pantoja1-166x250.jpg 166w\" sizes=\"auto, (max-width: 500px) 100vw, 500px\" \/><\/figure>\n<p>N\u00e9 \u00e0 Guadalajara, il vient d&rsquo;une famille que, pendant des g\u00e9n\u00e9rations ont \u00e9t\u00e9 musiciens de mariachi et a commenc\u00e9 ses \u00e9tudes de violon \u00e0 l&rsquo;\u00e2ge de 14 ans et \u00e0 17 ans a commenc\u00e9 \u00e0 jouer dans le mariachi \u00ab\u00a0Los Toritos\u00bb, qui est l&rsquo;un des meilleurs mariachis \u00e0 Guadalajara. Il poursuit ses \u00e9tudes de chant sacr\u00e9 et entra dans le conservatoire de musique de Jalisco. Quelques ann\u00e9es plus tard, il est venu en Catalogne, o\u00f9 il a particip\u00e9 \u00e0 de meilleurs mariachis de Catalunya. Nestor est le plus jeune membre. Il n&rsquo;a que 21 ans.\n<\/p><\/div>\n<\/li>\n<li class='gdl-divider'>\n<h2 class='accordion-head title-color gdl-title'><span class='accordion-head-image'><\/span>Gerardo Pinz\u00f3n Villamizar<\/h2>\n<div class='accordion-content'>\n<h3>Trompette:<\/h3>\n<figure><img loading=\"lazy\" decoding=\"async\" class=\"alignnone size-full wp-image-3704\" alt=\"Gerardo Antonio Pinzon Villamizar\" src=\"http:\/\/el-mariachi-de-barcelona.com\/wp-content\/uploads\/2013\/05\/Gerardo-Antonio-Pinzon-Villamizar1-500x754.jpg\" width=\"500\" height=\"754\" srcset=\"https:\/\/www.mariachi-semblanza.com\/wp-content\/uploads\/2013\/05\/Gerardo-Antonio-Pinzon-Villamizar1-500x754.jpg 500w, https:\/\/www.mariachi-semblanza.com\/wp-content\/uploads\/2013\/05\/Gerardo-Antonio-Pinzon-Villamizar1-500x754-332x502.jpg 332w, https:\/\/www.mariachi-semblanza.com\/wp-content\/uploads\/2013\/05\/Gerardo-Antonio-Pinzon-Villamizar1-500x754-313x472.jpg 313w, https:\/\/www.mariachi-semblanza.com\/wp-content\/uploads\/2013\/05\/Gerardo-Antonio-Pinzon-Villamizar1-500x754-460x693.jpg 460w, https:\/\/www.mariachi-semblanza.com\/wp-content\/uploads\/2013\/05\/Gerardo-Antonio-Pinzon-Villamizar1-500x754-165x250.jpg 165w\" sizes=\"auto, (max-width: 500px) 100vw, 500px\" \/><\/figure>\n<p>A dix-huit, il a commenc\u00e9 \u00e0 jouer dans les mariachi \u00ab\u00a0Messagers du Mexique\u00a0\u00bb \u00e0 Bucaramanga, en Colombie et au bout de quelques ann\u00e9es, il a poursuivi sa carri\u00e8re dans le \u00ab\u00a0Mexicana Fantasia\u00a0\u00bb mariachi o\u00f9 il est rest\u00e9 jusqu&rsquo;\u00e0 2002. Il s&rsquo;est ensuite rendu \u00e0 l&rsquo;Espagne et a travaill\u00e9 avec divers groupes \u00e0 Madrid et activement rejoint le Mexicolombia de mariachi o\u00f9 il a travaill\u00e9 pendant une p\u00e9riode de 5 ans. Avec sa famille, s&rsquo;est rendu \u00e0 Catalunya et depuis, il a particip\u00e9 r\u00e9guli\u00e8rement avec notre groupe.\n<\/p><\/div>\n<\/li>\n<li class='gdl-divider'>\n<h2 class='accordion-head title-color gdl-title'><span class='accordion-head-image'><\/span>Francisco Garc\u00eda Parra<\/h2>\n<div class='accordion-content'>\n<h3>Violon:<\/h3>\n<figure><img loading=\"lazy\" decoding=\"async\" class=\"alignnone size-full wp-image-3703\" alt=\"Francisco Garcia Parra\" src=\"http:\/\/el-mariachi-de-barcelona.com\/wp-content\/uploads\/2013\/05\/Francisco-Garcia-Parra1.jpg\" width=\"500\" height=\"332\" srcset=\"https:\/\/www.mariachi-semblanza.com\/wp-content\/uploads\/2013\/05\/Francisco-Garcia-Parra1.jpg 500w, https:\/\/www.mariachi-semblanza.com\/wp-content\/uploads\/2013\/05\/Francisco-Garcia-Parra1-313x207.jpg 313w, https:\/\/www.mariachi-semblanza.com\/wp-content\/uploads\/2013\/05\/Francisco-Garcia-Parra1-460x305.jpg 460w, https:\/\/www.mariachi-semblanza.com\/wp-content\/uploads\/2013\/05\/Francisco-Garcia-Parra1-376x250.jpg 376w, https:\/\/www.mariachi-semblanza.com\/wp-content\/uploads\/2013\/05\/Francisco-Garcia-Parra1-300x200.jpg 300w\" sizes=\"auto, (max-width: 500px) 100vw, 500px\" \/><\/figure>\n<p>Pancho est de Zamora, Michoac\u00e1n et a commenc\u00e9 \u00e0 \u00e9tudier la musique \u00e0 l&rsquo;\u00e2ge de 12 au mariachi \u00ab\u00a0San Juan\u00a0\u00bb, avec ses cousins\u200b\u200b, et continua ses le\u00e7ons de violon avec des professeurs priv\u00e9s mariachi traditionnel. Il a particip\u00e9 \u00e0 quatre festivals de mariachi et dans la ville de Guadalajara avec mariachi \u00ab\u00a0Ordaz Nouveau\u00a0\u00bb, avec qui il a \u00e9galement jou\u00e9 dans de nombreux th\u00e9\u00e2tres aux c\u00f4t\u00e9s des mariachis les plus importants du Mexique. S&rsquo;est rendu \u00e0 Barcelone pour \u00e9tudier le violon \u00e0 l&rsquo;Aula de Musiques du Liceu et a travaill\u00e9 activement \u00e0 notre projet apportant sa jeunesse et donnant des directives dans les arrangements musicaux.\n<\/p><\/div>\n<\/li>\n<li class='gdl-divider'>\n<h2 class='accordion-head title-color gdl-title'><span class='accordion-head-image'><\/span>Cesar Leonardo Camacho<\/h2>\n<div class='accordion-content'>\n<h3>Violon:<\/h3>\n<figure><img loading=\"lazy\" decoding=\"async\" class=\"alignnone size-full wp-image-3701\" alt=\"Cesar Leonardo Camacho\" src=\"http:\/\/el-mariachi-de-barcelona.com\/wp-content\/uploads\/2013\/05\/Cesar-Leonardo-Camacho1.jpg\" width=\"500\" height=\"755\" srcset=\"https:\/\/www.mariachi-semblanza.com\/wp-content\/uploads\/2013\/05\/Cesar-Leonardo-Camacho1.jpg 500w, https:\/\/www.mariachi-semblanza.com\/wp-content\/uploads\/2013\/05\/Cesar-Leonardo-Camacho1-332x502.jpg 332w, https:\/\/www.mariachi-semblanza.com\/wp-content\/uploads\/2013\/05\/Cesar-Leonardo-Camacho1-313x472.jpg 313w, https:\/\/www.mariachi-semblanza.com\/wp-content\/uploads\/2013\/05\/Cesar-Leonardo-Camacho1-460x694.jpg 460w, https:\/\/www.mariachi-semblanza.com\/wp-content\/uploads\/2013\/05\/Cesar-Leonardo-Camacho1-165x250.jpg 165w\" sizes=\"auto, (max-width: 500px) 100vw, 500px\" \/><\/figure>\n<p>N\u00e9 dans la ville de Ibague, Colombie, a commenc\u00e9 \u00e0 \u00e9tudier le violon \u00e0 l&rsquo;\u00e2ge de 8 au Conservatoire de Tolima. \u00c0 14 ans, il entra dans le le mariachi \u00ab\u00a0Guadalajara\u00a0\u00bb et quelques ann\u00e9es plus tard \u00e0 mariachi \u00ab\u00a0Mi Ciudad\u00a0\u00bb. Il a d\u00e9m\u00e9nag\u00e9 \u00e0 Bogot\u00e1 et devint une partie de l&rsquo;Orchestre philharmonique du Cap et de l&rsquo;Universit\u00e9 Javeriana o\u00f9 il a \u00e9tudi\u00e9 de niveau avanc\u00e9. Il a particip\u00e9 \u00e0 des enregistrements de la chanteuse colombienne Gabriel Arriaga et a ensuite travaill\u00e9 avec mariachi \u00ab\u00a0Rey du M\u00e9xico\u00a0\u00bb qui a fait des enregistrements, des concerts et des tourn\u00e9es. Il a collabor\u00e9 avec de mariachi \u00ab\u00a0Voix de l&rsquo;Am\u00e9rique\u00bb et le le mariachi \u00ab\u00a0classique contemporain\u00a0\u00bb de la ville de Bogota. Il a voyag\u00e9 en Espagne et a travaill\u00e9 sur le projet \u00ab\u00a0Serrat symphonique\u00a0\u00bb.\n<\/p><\/div>\n<\/li>\n<\/ul>\n","protected":false},"excerpt":{"rendered":"<p itemprop=\"description\">El Mariachi Semblanza est un groupe de musiciens sp\u00e9cialis\u00e9s dans le folklore mexicain compos\u00e9 de 8 membres. Avec l&rsquo;id\u00e9e que vous savez un peu avant que nous ayons \u00e0 votre \u00e9v\u00e9nement pour nous pr\u00e9senter bri\u00e8vement. Tous ensemble, nous avons agi dans diff\u00e9rentes r\u00e9gions d&rsquo;Espagne et Europe. Notre place plus habituelle et la r\u00e9gion fabrication Barcelone [&hellip;]<\/p>\n","protected":false},"author":1,"featured_media":3878,"parent":0,"menu_order":7,"comment_status":"open","ping_status":"open","template":"","meta":{"footnotes":""},"categories":[],"tags":[898,906,901,905,904,902,899,903,900],"class_list":["post-4517","page","type-page","status-publish","has-post-thumbnail","hentry","tag-arturo-gonzalez-santillan","tag-cesar-leonardo-camacho-fr","tag-felipe-ponce-damaso","tag-francisco-garcia-parra","tag-gerardo-pinzon-villamizar","tag-juan-manuel-pinzon-villamizar","tag-membres","tag-nestor-garcia-pantoja","tag-simao-hernandez-carrillo"],"_links":{"self":[{"href":"https:\/\/www.mariachi-semblanza.com\/fr\/wp-json\/wp\/v2\/pages\/4517","targetHints":{"allow":["GET"]}}],"collection":[{"href":"https:\/\/www.mariachi-semblanza.com\/fr\/wp-json\/wp\/v2\/pages"}],"about":[{"href":"https:\/\/www.mariachi-semblanza.com\/fr\/wp-json\/wp\/v2\/types\/page"}],"author":[{"embeddable":true,"href":"https:\/\/www.mariachi-semblanza.com\/fr\/wp-json\/wp\/v2\/users\/1"}],"replies":[{"embeddable":true,"href":"https:\/\/www.mariachi-semblanza.com\/fr\/wp-json\/wp\/v2\/comments?post=4517"}],"version-history":[{"count":0,"href":"https:\/\/www.mariachi-semblanza.com\/fr\/wp-json\/wp\/v2\/pages\/4517\/revisions"}],"wp:featuredmedia":[{"embeddable":true,"href":"https:\/\/www.mariachi-semblanza.com\/fr\/wp-json\/wp\/v2\/media\/3878"}],"wp:attachment":[{"href":"https:\/\/www.mariachi-semblanza.com\/fr\/wp-json\/wp\/v2\/media?parent=4517"}],"wp:term":[{"taxonomy":"category","embeddable":true,"href":"https:\/\/www.mariachi-semblanza.com\/fr\/wp-json\/wp\/v2\/categories?post=4517"},{"taxonomy":"post_tag","embeddable":true,"href":"https:\/\/www.mariachi-semblanza.com\/fr\/wp-json\/wp\/v2\/tags?post=4517"}],"curies":[{"name":"wp","href":"https:\/\/api.w.org\/{rel}","templated":true}]}}