{"id":4528,"date":"2013-05-17T00:13:54","date_gmt":"2013-05-16T22:13:54","guid":{"rendered":"http:\/\/el-mariachi-de-barcelona.com\/?page_id=4528"},"modified":"2013-05-19T17:59:29","modified_gmt":"2013-05-19T15:59:29","slug":"les-groupes-musicaux-et-les-types-de-spectacles-de-mariachi-semblanza","status":"publish","type":"page","link":"https:\/\/www.mariachi-semblanza.com\/fr\/les-groupes-musicaux-et-les-types-de-spectacles-de-mariachi-semblanza\/","title":{"rendered":"Les formations musicaux et les types de spectacles de Mariachi Semblanza"},"content":{"rendered":"<h3 class='subtitular'>Formations:<\/h3>\n<blockquote class=\"quote-center\">\n<p>Mariachi musique, par son acceptation dans le monde et sa diversit\u00e9 dans le r\u00e9pertoire, a atteint tous les secteurs de l&rsquo;\u00e9ventail des possibilit\u00e9s, des bus et des cantines des grandes villes jusqu&rsquo;au les meilleurs sc\u00e9narios accompagn\u00e9s par l&rsquo;Orchestre philharmonique plus c\u00e9l\u00e8bre.<\/p>\n<p>Nous essayons d&rsquo;accueillir tous ces espaces et de la musique mexicaine pr\u00e9sente dans toutes ses versions et nous donnons la possibilit\u00e9 de supprimer certains outils pour petits groupes.<\/p>\n<p>Nous recommandons toujours une formation 5 membres pour assurer le son et la vari\u00e9t\u00e9 dans le r\u00e9pertoire de Mariachi authentique bien que pour des situations et des d\u00e9tails sp\u00e9cifiques, nous pouvons fournir une formation de trois \u00e9l\u00e9ments.<\/p>\n<p>Nous offrons cinq types de spectacles:<\/p>\n<\/blockquote>\n<h3 class='subtitular'>Parade:<\/h3>\n<h4 class='minititular'>Minimum de 7 musiciens<\/h4>\n<p>Ce format est con\u00e7u pour jouer sur la route et est en mesure d&rsquo;attirer l&rsquo;attention sur le d\u00e9but d&rsquo;un festival ou en compl\u00e9ment d&rsquo;un \u00e9v\u00e9nement dans lequel il ya diff\u00e9rents sc\u00e9narios et que vous voulez diriger les t\u00e9l\u00e9spectateurs d&rsquo;un site \u00e0 un autre.<\/p>\n<p>Pas d&rsquo;exigences techniques.<\/p>\n<h3 class='subtitular'>Concert:<\/h3>\n<h4 class='minititular'>Un minimum de 6 musiciens<\/h4>\n<p>Cette pr\u00e9sentation est recommand\u00e9 pour une f\u00eate avec un public qui aime la musique mariachi et qui esp\u00e8re \u00e0 entendre les chansons \u00abde toute la vie\u00bb.<\/p>\n<p>Interpr\u00e9ter les chansons mexicaines les plus populaires sans un r\u00e9pertoire ferm\u00e9, c&rsquo;est \u00e0 dire qui permet au public de demander la chanson que vous voulez \u00e0 tout moment de la performance. L&rsquo;interaction est un concert, danse et m\u00eame la conversation et peut \u00e9galement accompagner les clients qui souhaitent chanter avec nous.<\/p>\n<p>Cette formation peut \u00eatre un syst\u00e8me de sc\u00e8ne PA et les exigences techniques ou non, en fonction de l&rsquo;espace et la quantit\u00e9 de gens qui sont calcul\u00e9es en public.<\/p>\n<h3 class='subtitular'>Concert accompagnant des danses folkloriques en provenance du Mexique:<\/h3>\n<h4 class='minititular'>Minimum 5 musiciens et 4 danseurs et jusqu&rsquo;\u00e0 8 musiciens et 6 danseurs.<\/h4>\n<p>Dans ce format, la danse et la chor\u00e9graphie sont la partie principale de l&rsquo;exposition et pr\u00e9sentant les diff\u00e9rents costumes, les formes de danse color\u00e9es qui existent dans les diff\u00e9rentes r\u00e9gions du Mexique, ainsi que sa musique. Nous recommandons ce spectacle pour les th\u00e9\u00e2tres et les \u00e9v\u00e9nements culturels qui veulent montrer la diversit\u00e9 et la richesse des traditions mexicaines.<\/p>\n<p>Ce mode est con\u00e7u avec des exigences techniques.<\/p>\n<h3 class='subtitular'>Concert musique traditionnelle mexicaine Mariachi et moderne:<\/h3>\n<h4 class='minititular'>Minimum de 6 musiciens et jusqu&rsquo;\u00e0 8<\/h4>\n<p>Ce concert est destin\u00e9 \u00e0 des th\u00e9\u00e2tres et des spectacles culturels.<\/p>\n<p>Le code montre la racine de la musique mariachi et sa carri\u00e8re comme une formation sp\u00e9cifique au-del\u00e0 de la fonction chanteurs remplies qui ont rendu c\u00e9l\u00e8bre ce son particulier.<\/p>\n<p>Ce concert est con\u00e7u avec des exigences techniques moins que l&rsquo;espace et ses dimensions permettent une acoustique.<\/p>\n<h3 class='subtitular'>Les parties priv\u00e9es:<\/h3>\n<h4 class='minititular'>Minimum 3 musiciens<\/h4>\n<p>Les parties priv\u00e9es sont celles qui ont plus sp\u00e9cifique et peut \u00eatre pour un mariage, des fian\u00e7ailles, une s\u00e9r\u00e9nade \u00e0 un enterrement &#8230; et chacun d&rsquo;eux peut \u00eatre grand, petit ou en tr\u00e8s diversifi\u00e9e. Ici, nous pouvons nous adapter \u00e0 ce qui est appropri\u00e9, dans le temps, nombre de musiciens, le r\u00e9pertoire sp\u00e9cifique (musique mexicaine) et nous pouvons aller de passer \u00e0 interagir avec les clients.<\/p>\n<p>Pas d&rsquo;exigences techniques.<\/p>\n<h3 class='subtitular'>Quelques exemples de vid\u00e9os:<\/h3>\n<ul class='acordeon'>\n<li class='gdl-divider'>\n<h2 class='accordion-head title-color gdl-title'><span class='accordion-head-image'><\/span>Parade<\/h2>\n<div class='accordion-content'>\n<div class=\"responsive-video\" itemprop=\"video\" itemscope itemtype=\"http:\/\/schema.org\/VideoObject\"><iframe loading=\"lazy\" class=\"youtube-player\" type=\"text\/html\" width=\"660\" height=\"371\" src=\"https:\/\/www.youtube.com\/embed\/jDkcHyReTWY?html5=1\" allowfullscreen><\/iframe><\/div>\n<h3 itemprop=\"name\">Cucurruc\u00fa Paloma en el festival de Barcelonnette<\/h3>\n<p itemprop=\"description\">Mariachi Semblanza actuando en directo en el festival de musica mariachi de Barcelonnette, Francia, en el a\u00f1o 2009<\/p>\n<p><meta itemprop=\"image\" content=\"http:\/\/img.youtube.com\/vi\/jDkcHyReTWY\/0.jpg\"><meta itemprop=\"thumbnailUrl\" content=\"https:\/\/img.youtube.com\/vi\/jDkcHyReTWY\/2.jpg\">\n<\/div>\n<\/li>\n<li class='gdl-divider'>\n<h2 class='accordion-head title-color gdl-title'><span class='accordion-head-image'><\/span>Concert acompanying folk dances from Mexico<\/h2>\n<div class='accordion-content'>\n<div class=\"responsive-video\" itemprop=\"video\" itemscope itemtype=\"http:\/\/schema.org\/VideoObject\"><iframe loading=\"lazy\" class=\"youtube-player\" type=\"text\/html\" width=\"660\" height=\"371\" src=\"https:\/\/www.youtube.com\/embed\/bjO__4RQvY8?html5=1\" allowfullscreen><\/iframe><\/div>\n<h3 itemprop=\"name\">Teatro Arteria Paral.lel &#8211; Mujeres Divinas<\/h3>\n<p itemprop=\"description\">Mariachi Semblanza actuando en el teatro Arteria Paral.lel acompa\u00f1ando al charro catal\u00e1n junto con el ballet Viva M\u00e9xico interpretando la canci\u00f3n Mujeres Divinas en directo<\/p>\n<p><meta itemprop=\"image\" content=\"http:\/\/img.youtube.com\/vi\/bjO__4RQvY8\/0.jpg\"><meta itemprop=\"thumbnailUrl\" content=\"https:\/\/img.youtube.com\/vi\/bjO__4RQvY8\/2.jpg\">\n<\/div>\n<\/li>\n<li class='gdl-divider'>\n<h2 class='accordion-head title-color gdl-title'><span class='accordion-head-image'><\/span>Traditional Mexican Mariachi Music Concert and Modern Mariachi<\/h2>\n<div class='accordion-content'>\n<div class=\"responsive-video\" itemprop=\"video\" itemscope itemtype=\"http:\/\/schema.org\/VideoObject\"><iframe loading=\"lazy\" class=\"youtube-player\" type=\"text\/html\" width=\"660\" height=\"371\" src=\"https:\/\/www.youtube.com\/embed\/Iz7ln08lVjc?html5=1\" allowfullscreen><\/iframe><\/div>\n<h3 itemprop=\"name\">Actuaci\u00f3n en un teatro de Mariachi Semblanza<\/h3>\n<p itemprop=\"description\">Mariachi Semblanza actuando en directo en un teatro durante el ciclo de conciertos al son que me toquen en el a\u00f1o 2010<\/p>\n<p><meta itemprop=\"image\" content=\"http:\/\/img.youtube.com\/vi\/Iz7ln08lVjc\/0.jpg\"><meta itemprop=\"thumbnailUrl\" content=\"https:\/\/img.youtube.com\/vi\/Iz7ln08lVjc\/2.jpg\">\n<\/div>\n<\/li>\n<\/ul>\n","protected":false},"excerpt":{"rendered":"<p itemprop=\"description\">Ce format est con\u00e7u pour jouer sur la route et est en mesure d&rsquo;attirer l&rsquo;attention sur le d\u00e9but d&rsquo;un festival ou en compl\u00e9ment d&rsquo;un \u00e9v\u00e9nement dans lequel il ya diff\u00e9rents sc\u00e9narios et que vous voulez diriger les t\u00e9l\u00e9spectateurs d&rsquo;un site \u00e0 un autre. Pas d&rsquo;exigences techniques. Cette pr\u00e9sentation est recommand\u00e9 pour une f\u00eate avec un [&hellip;]<\/p>\n","protected":false},"author":1,"featured_media":3919,"parent":0,"menu_order":17,"comment_status":"open","ping_status":"open","template":"","meta":{"footnotes":""},"categories":[],"tags":[],"class_list":["post-4528","page","type-page","status-publish","has-post-thumbnail","hentry"],"_links":{"self":[{"href":"https:\/\/www.mariachi-semblanza.com\/fr\/wp-json\/wp\/v2\/pages\/4528","targetHints":{"allow":["GET"]}}],"collection":[{"href":"https:\/\/www.mariachi-semblanza.com\/fr\/wp-json\/wp\/v2\/pages"}],"about":[{"href":"https:\/\/www.mariachi-semblanza.com\/fr\/wp-json\/wp\/v2\/types\/page"}],"author":[{"embeddable":true,"href":"https:\/\/www.mariachi-semblanza.com\/fr\/wp-json\/wp\/v2\/users\/1"}],"replies":[{"embeddable":true,"href":"https:\/\/www.mariachi-semblanza.com\/fr\/wp-json\/wp\/v2\/comments?post=4528"}],"version-history":[{"count":0,"href":"https:\/\/www.mariachi-semblanza.com\/fr\/wp-json\/wp\/v2\/pages\/4528\/revisions"}],"wp:featuredmedia":[{"embeddable":true,"href":"https:\/\/www.mariachi-semblanza.com\/fr\/wp-json\/wp\/v2\/media\/3919"}],"wp:attachment":[{"href":"https:\/\/www.mariachi-semblanza.com\/fr\/wp-json\/wp\/v2\/media?parent=4528"}],"wp:term":[{"taxonomy":"category","embeddable":true,"href":"https:\/\/www.mariachi-semblanza.com\/fr\/wp-json\/wp\/v2\/categories?post=4528"},{"taxonomy":"post_tag","embeddable":true,"href":"https:\/\/www.mariachi-semblanza.com\/fr\/wp-json\/wp\/v2\/tags?post=4528"}],"curies":[{"name":"wp","href":"https:\/\/api.w.org\/{rel}","templated":true}]}}