{"id":4530,"date":"2013-05-17T00:16:14","date_gmt":"2013-05-16T22:16:14","guid":{"rendered":"http:\/\/el-mariachi-de-barcelona.com\/?page_id=4530"},"modified":"2014-01-30T10:09:10","modified_gmt":"2014-01-30T09:09:10","slug":"mariachi-semblanza","status":"publish","type":"page","link":"https:\/\/www.mariachi-semblanza.com\/fr\/mariachi-semblanza\/","title":{"rendered":"Mariachi Semblanza &#8211; Tradition musicale mexicaine"},"content":{"rendered":"<p><strong>El Mariachi est une tradition\u00a0musicale mexicaine de l&rsquo; Ouest qui se r\u00e9f\u00e9rait initialement \u00e0 l&rsquo;espace festif: les musiciens, la musique, la danse.<\/strong><\/p>\n<p>Le son de la musique Mariachi comme ic\u00f4ne mondiale est bien connu \u00e0 travers les chanteurs qui l&rsquo;ont rendu c\u00e9l\u00e8bre, mais on sait peu de ses racines musicales hors du Mexique. El Mariachi Semblanza fonctionne sur la base de la tradition qui a fait tous les musiciens et la culture \u00e0 travers l&rsquo;histoire, et interpr\u00e8te la musique avec ce go\u00fbt.<\/p>\n<p>La musique Mariachi moderne comprend de nombreux genres de diff\u00e9rentes r\u00e9gions du Mexique et de l&rsquo;Am\u00e9rique latine et m\u00eame des influences classiques et\u00a0 orchestrales, c&rsquo;est \u00e7a notre chemin,\u00a0 sans oublier et cultivant les racines qui font un Mariachi comme le n\u00f4tre ce qu&rsquo;il est.<\/p>\n<h3 class='subtitular'>Mexicain Mariachi Semblanza &#8230; fi\u00e8rement!<\/h3>\n<p>Au cours de ces 18 ann\u00e9es, nous avons eu l&rsquo;occasion de faire le folklore mexicain partout dans le monde, ex\u00e9cutant habituellement \u00e0 Barcelone (notre lieu de r\u00e9sidence), agissant \u00e0 diff\u00e9rents endroits de la Catalogne comme Tarragone, L\u00e9rida et G\u00e9rone.<\/p>\n<p>De m\u00eame nous avons r\u00e9alis\u00e9 des spectacles musicaux tout au long de la p\u00e9ninsule ib\u00e9rique, pour les diff\u00e9rents pays europ\u00e9ens et a m\u00eame agi \u00e0 Duba\u00ef.<\/p>\n<p><strong>Semblanza el Mariachi est l&rsquo;un des groupes les plus connus de la chanson folklorique mexicaine en Espagne et en Europe<\/strong>. Cela nous a conduits \u00e0 agir dans les diff\u00e9rentes \u00e9ditions de festivals de musique nationaux et internationaux.<\/p>\n<h3 class='subtitular'>Nos sp\u00e9cialit\u00e9s:<\/h3>\n<p>Nous nous sp\u00e9cialisons dans<strong> l&rsquo;accompagnement des artistes c\u00e9l\u00e8bres de la chanson traditionnelle mexicaine et \/ ou de la musique qui n\u00e9cessite un orchestre comme le n\u00f4tre<\/strong>. Nous avons agi avec des artistes de renom tels que <cite>Pedro Fern\u00e1ndez<\/cite>, <cite>David Bisbal<\/cite>, <cite>Ana Torroja<\/cite>, <cite>Rafael Amargo<\/cite>, <cite>Alejandro Fern\u00e1ndez<\/cite>, etc.<\/p>\n<p>Nos performances sont toujours en vivre par ce que nous sommes capables de spectacles musicaux dans les festivals, th\u00e9\u00e2tres, f\u00eates priv\u00e9es, f\u00eates ou m\u00eame dans la rue, offrant des services particuliers comme s\u00e9r\u00e9nade, par exemple.<\/p>\n<h3 class='subtitular'>Performances dans la presse:<\/h3>\n<p>Au cours de ces ann\u00e9es, nous avons eu l&rsquo;occasion de produire lors d&rsquo;\u00e9v\u00e9nements qui a couvert la presse nationale. T\u00e9l\u00e9vision, journaux, radio, nous avons m\u00eame particip\u00e9 \u00e0 un \u00e9pisode d&rsquo;une s\u00e9rie d&rsquo;acteurs de t\u00e9l\u00e9vision locale qui accompagnent l&rsquo;enregistrement de la s\u00e9rie.<\/p>\n<h3 class='subtitular'>Ex\u00e9cution dans les salles:<\/h3>\n<p>Nous aimons jouer dans des th\u00e9\u00e2tres par les particularit\u00e9s de ces derniers et en particulier le son et la chaleur des gens. Les repr\u00e9sentations th\u00e9\u00e2trales sont sp\u00e9ciales parce qu&rsquo;elles permettent une interaction diff\u00e9rente avec le public assistant \u00e0 l&rsquo;\u00e9v\u00e9nement. Nous soulignons notre performance dans la salle ovale MNAC o\u00f9 nous avons eu l&rsquo;occasion de sonner chansons du r\u00e9pertoire rancher dans cette salle spectaculaire.<\/p>\n<h3 class='subtitular'>El Mariachi Semblanza dans des festivals internationaux:<\/h3>\n<p>El Mariachi Semblanza a eu l&rsquo;occasion d\u2019ex\u00e9cuter \u00e0 divers festivals internationaux de musique. Nous avons particip\u00e9 \u00e0 plusieurs \u00e9ditions du festival international de Barcelonnette (France), nous avons souffl\u00e9 festival de musique Mariachi \u00e0 Ankara (Turquie) et a m\u00eame particip\u00e9 \u00e0 des festivals de musique internationaux tenus en Allemagne.<\/p>\n<h3 class='subtitular'>Vous cherchez un groupe de musiciens?<\/h3>\n<p>Si vous \u00eates \u00e0 la recherche d&rsquo;un groupe de musiciens qui vous accompagnent lors d&rsquo;un \u00e9v\u00e9nement, spectacle, un festival ou un autre type d&rsquo;action o\u00f9 un groupe de mariachis interpr\u00e8te des chansons du r\u00e9pertoire rancher n\u00e9cessaire, nous vous invitons \u00e0 visiter nos <a title=\"services de musique\" href=\"http:\/\/www.mariachi-semblanza.com\/fr\/services-de-musique-offerte-prefere-par-mariachi-semblanza\/\">services de musique<\/a> et de nous consulter pour toutes questions que vous avez .<\/p>\n","protected":false},"excerpt":{"rendered":"<p itemprop=\"description\">El Mariachi est une tradition\u00a0musicale mexicaine de l&rsquo; Ouest qui se r\u00e9f\u00e9rait initialement \u00e0 l&rsquo;espace festif: les musiciens, la musique, la danse. Le son de la musique Mariachi comme ic\u00f4ne mondiale est bien connu \u00e0 travers les chanteurs qui l&rsquo;ont rendu c\u00e9l\u00e8bre, mais on sait peu de ses racines musicales hors du Mexique. El Mariachi [&hellip;]<\/p>\n","protected":false},"author":1,"featured_media":4533,"parent":0,"menu_order":0,"comment_status":"open","ping_status":"open","template":"","meta":{"footnotes":""},"categories":[],"tags":[1345,1344,1216],"class_list":["post-4530","page","type-page","status-publish","has-post-thumbnail","hentry","tag-mariachi-en-barcelonne","tag-mariachi-en-europe","tag-mariachi-semblanza-fr"],"_links":{"self":[{"href":"https:\/\/www.mariachi-semblanza.com\/fr\/wp-json\/wp\/v2\/pages\/4530","targetHints":{"allow":["GET"]}}],"collection":[{"href":"https:\/\/www.mariachi-semblanza.com\/fr\/wp-json\/wp\/v2\/pages"}],"about":[{"href":"https:\/\/www.mariachi-semblanza.com\/fr\/wp-json\/wp\/v2\/types\/page"}],"author":[{"embeddable":true,"href":"https:\/\/www.mariachi-semblanza.com\/fr\/wp-json\/wp\/v2\/users\/1"}],"replies":[{"embeddable":true,"href":"https:\/\/www.mariachi-semblanza.com\/fr\/wp-json\/wp\/v2\/comments?post=4530"}],"version-history":[{"count":0,"href":"https:\/\/www.mariachi-semblanza.com\/fr\/wp-json\/wp\/v2\/pages\/4530\/revisions"}],"wp:featuredmedia":[{"embeddable":true,"href":"https:\/\/www.mariachi-semblanza.com\/fr\/wp-json\/wp\/v2\/media\/4533"}],"wp:attachment":[{"href":"https:\/\/www.mariachi-semblanza.com\/fr\/wp-json\/wp\/v2\/media?parent=4530"}],"wp:term":[{"taxonomy":"category","embeddable":true,"href":"https:\/\/www.mariachi-semblanza.com\/fr\/wp-json\/wp\/v2\/categories?post=4530"},{"taxonomy":"post_tag","embeddable":true,"href":"https:\/\/www.mariachi-semblanza.com\/fr\/wp-json\/wp\/v2\/tags?post=4530"}],"curies":[{"name":"wp","href":"https:\/\/api.w.org\/{rel}","templated":true}]}}