{"id":4536,"date":"2013-05-17T00:18:56","date_gmt":"2013-05-16T22:18:56","guid":{"rendered":"http:\/\/el-mariachi-de-barcelona.com\/?page_id=4536"},"modified":"2013-05-17T00:18:56","modified_gmt":"2013-05-16T22:18:56","slug":"histoire-du-groupe-mariachi-semblanza","status":"publish","type":"page","link":"https:\/\/www.mariachi-semblanza.com\/fr\/histoire-du-groupe-mariachi-semblanza\/","title":{"rendered":"Histoire du groupe Mariachi Semblanza"},"content":{"rendered":"<p>El Mariachi Semblanza fond\u00e9e en 1995 comme un quatuor de musique traditionnelle mexicaine dont le violon, la guitare, vihuela et chanteuse.<\/p>\n<p>Pendant les premi\u00e8res ann\u00e9es le groupe a augment\u00e9 de membres du monde entier jusqu&rsquo;\u00e0 ce que la formation a \u00e9t\u00e9 assur\u00e9e avec les outils de base d&rsquo;un Mariachi (violons, trompettes, guitares, guitare et vihuela) plus un accord\u00e9on.<\/p>\n<p>Au fil du temps, plusieurs musiciens latinoam\u00e9ricains sont pass\u00e9s par le groupe et se compose actuellement des musiciens mexicains poss\u00e9dant une vaste exp\u00e9rience dans la musique de mariachi, et se compose de trois violons, guitare, vihuela, guitare et deux trompettes.<\/p>\n","protected":false},"excerpt":{"rendered":"<p itemprop=\"description\">El Mariachi Semblanza fond\u00e9e en 1995 comme un quatuor de musique traditionnelle mexicaine dont le violon, la guitare, vihuela et chanteuse. Pendant les premi\u00e8res ann\u00e9es le groupe a augment\u00e9 de membres du monde entier jusqu&rsquo;\u00e0 ce que la formation a \u00e9t\u00e9 assur\u00e9e avec les outils de base d&rsquo;un Mariachi (violons, trompettes, guitares, guitare et vihuela) [&hellip;]<\/p>\n","protected":false},"author":1,"featured_media":4144,"parent":0,"menu_order":0,"comment_status":"open","ping_status":"open","template":"","meta":{"footnotes":""},"categories":[928],"tags":[],"class_list":["post-4536","page","type-page","status-publish","has-post-thumbnail","hentry","category-1995-4"],"_links":{"self":[{"href":"https:\/\/www.mariachi-semblanza.com\/fr\/wp-json\/wp\/v2\/pages\/4536","targetHints":{"allow":["GET"]}}],"collection":[{"href":"https:\/\/www.mariachi-semblanza.com\/fr\/wp-json\/wp\/v2\/pages"}],"about":[{"href":"https:\/\/www.mariachi-semblanza.com\/fr\/wp-json\/wp\/v2\/types\/page"}],"author":[{"embeddable":true,"href":"https:\/\/www.mariachi-semblanza.com\/fr\/wp-json\/wp\/v2\/users\/1"}],"replies":[{"embeddable":true,"href":"https:\/\/www.mariachi-semblanza.com\/fr\/wp-json\/wp\/v2\/comments?post=4536"}],"version-history":[{"count":0,"href":"https:\/\/www.mariachi-semblanza.com\/fr\/wp-json\/wp\/v2\/pages\/4536\/revisions"}],"wp:featuredmedia":[{"embeddable":true,"href":"https:\/\/www.mariachi-semblanza.com\/fr\/wp-json\/wp\/v2\/media\/4144"}],"wp:attachment":[{"href":"https:\/\/www.mariachi-semblanza.com\/fr\/wp-json\/wp\/v2\/media?parent=4536"}],"wp:term":[{"taxonomy":"category","embeddable":true,"href":"https:\/\/www.mariachi-semblanza.com\/fr\/wp-json\/wp\/v2\/categories?post=4536"},{"taxonomy":"post_tag","embeddable":true,"href":"https:\/\/www.mariachi-semblanza.com\/fr\/wp-json\/wp\/v2\/tags?post=4536"}],"curies":[{"name":"wp","href":"https:\/\/api.w.org\/{rel}","templated":true}]}}