{"id":4566,"date":"2013-05-17T00:42:42","date_gmt":"2013-05-16T22:42:42","guid":{"rendered":"http:\/\/el-mariachi-de-barcelona.com\/?page_id=4566"},"modified":"2013-05-19T14:04:42","modified_gmt":"2013-05-19T12:04:42","slug":"services-de-musique-offerte-prefere-par-mariachi-semblanza","status":"publish","type":"page","link":"https:\/\/www.mariachi-semblanza.com\/fr\/services-de-musique-offerte-prefere-par-mariachi-semblanza\/","title":{"rendered":"Services de musique offerte pr\u00e9f\u00e9r\u00e9 par Mariachi Semblanza"},"content":{"rendered":"<p>&nbsp;<\/p>\n<blockquote class=\"quote-center\">\n<p>Mariachi Semblanza est un groupe de folklore mexicain de l&rsquo;Espagne la plus ancienne, fond\u00e9e en 1995 et depuis, nous avons omis d&rsquo;agir \u00e0 diff\u00e9rents endroits tout au long de catalan, espagnol et europ\u00e9en.<\/p>\n<p>Nous trouvons des performances remarquables sp\u00e9cifiquement pour l&rsquo;exotisme des pays visit\u00e9s, m\u00eame si nous \u00e9tions avec chacune et chacun d&rsquo;entre eux que les \u00e9v\u00e9nements se produisent toujours attachant.<\/p>\n<p>Toutefois, si nous tenons \u00e0 souligner est le soutien des personnes qui ont \u00e9t\u00e9 avec nous lors de concerts et de spectacles \u00e0 un moment donn\u00e9 dans notre carri\u00e8re, qui rondes et 18 ans.<\/p>\n<p>Nous \u00e9tions les premiers pays agissent Mariachi baltes et ont m\u00eame venu d&rsquo;agir dans les pays arabes comme Duba\u00ef. Bien que notre place habituelle est de la Catalogne et de l&rsquo;Espagne. Vivre \u00e0 Barcelone, est beaucoup plus grand nombre de broches que nous faisons ici.<\/p>\n<p>Au fil des ans, nous avons fait un peu de tout. S\u00e9r\u00e9nades, des repr\u00e9sentations th\u00e9\u00e2trales, accompagnant des artistes de renom, soir\u00e9es priv\u00e9es, festivals &#8230; Nous avons jou\u00e9 la musique traditionnelle mexicaine dans le Gaud\u00ed et quelqu&rsquo;un est venu une fois mont\u00e9 sur un cycle de concerts effectu\u00e9s \u00e0 partir d&rsquo;un balcon. Je suis s\u00fbr que vous comprenez maintenant beaucoup mieux parce qu&rsquo;ils semblent attachant chacun de nos actes.<\/p>\n<p>La v\u00e9rit\u00e9 est que nous nous sommes fix\u00e9s sur un engagement \u00e0 essayer de d\u00e9finir les services \u00e0 la musique que nous offrons, comme l&rsquo;\u00e9ventail des possibilit\u00e9s est vaste. Cependant, quelque chose que nous avons \u00e0 expliquer, donc j&rsquo;ai \u00e9num\u00e9r\u00e9 quelques-uns des services qui se r\u00e9p\u00e8tent au fil des ans et sont donc les plus courantes.\n<\/p><\/blockquote>\n","protected":false},"excerpt":{"rendered":"<p itemprop=\"description\">&nbsp;<\/p>\n","protected":false},"author":1,"featured_media":0,"parent":0,"menu_order":0,"comment_status":"open","ping_status":"open","template":"template-servicios.php","meta":{"footnotes":""},"categories":[],"tags":[],"class_list":["post-4566","page","type-page","status-publish","hentry"],"_links":{"self":[{"href":"https:\/\/www.mariachi-semblanza.com\/fr\/wp-json\/wp\/v2\/pages\/4566","targetHints":{"allow":["GET"]}}],"collection":[{"href":"https:\/\/www.mariachi-semblanza.com\/fr\/wp-json\/wp\/v2\/pages"}],"about":[{"href":"https:\/\/www.mariachi-semblanza.com\/fr\/wp-json\/wp\/v2\/types\/page"}],"author":[{"embeddable":true,"href":"https:\/\/www.mariachi-semblanza.com\/fr\/wp-json\/wp\/v2\/users\/1"}],"replies":[{"embeddable":true,"href":"https:\/\/www.mariachi-semblanza.com\/fr\/wp-json\/wp\/v2\/comments?post=4566"}],"version-history":[{"count":0,"href":"https:\/\/www.mariachi-semblanza.com\/fr\/wp-json\/wp\/v2\/pages\/4566\/revisions"}],"wp:attachment":[{"href":"https:\/\/www.mariachi-semblanza.com\/fr\/wp-json\/wp\/v2\/media?parent=4566"}],"wp:term":[{"taxonomy":"category","embeddable":true,"href":"https:\/\/www.mariachi-semblanza.com\/fr\/wp-json\/wp\/v2\/categories?post=4566"},{"taxonomy":"post_tag","embeddable":true,"href":"https:\/\/www.mariachi-semblanza.com\/fr\/wp-json\/wp\/v2\/tags?post=4566"}],"curies":[{"name":"wp","href":"https:\/\/api.w.org\/{rel}","templated":true}]}}