{"id":4668,"date":"2013-05-19T13:22:40","date_gmt":"2013-05-19T11:22:40","guid":{"rendered":"http:\/\/el-mariachi-de-barcelona.com\/?page_id=4668"},"modified":"2013-07-04T17:30:37","modified_gmt":"2013-07-04T15:30:37","slug":"mariachi-semblanza-instrumentation","status":"publish","type":"page","link":"https:\/\/www.mariachi-semblanza.com\/fr\/mariachi-semblanza-instrumentation\/","title":{"rendered":"Mariachi Semblanza instruments de musique"},"content":{"rendered":"<blockquote class=\"quote-center\">\n<p>Il doit prendre en compte qu&rsquo;il n&rsquo;y avait pas d&rsquo;instruments \u00e0 cordes en Am\u00e9rique pr\u00e9-hispanique et qu&rsquo;ils ont \u00e9t\u00e9 introduites apr\u00e8s l&rsquo;arriv\u00e9e des Espagnols dans le Nouveau Monde.<\/p>\n<p>La dotation Mariachi traditionnelle \u00ab\u00a0&#8230; Avant les ann\u00e9es 50 (&#8230;) \u00e9tait compos\u00e9 de deux violons, une harpe grande, la vihuela et le cinqui\u00e8me coup. C&rsquo;est dans cette d\u00e9cennie qui remplace les premi\u00e8res trompettes de la m\u00e9lodie de violon, et cela est rel\u00e9gu\u00e9 \u00e0 faire les voix. En outre, pour rivaliser avec le bruit de la respiration, vous devez utiliser 3 ou plus violons \u00e0 l&rsquo;unisson. En outre, la harpe est remplac\u00e9 par la guitare basse, guitare basse est jou\u00e9e par octaves. Ces sons peuvent remarquer une compl\u00e9mentarit\u00e9 entre les riffs qui grattent, basse et violon, o\u00f9, dans les silences ou des figures lentes. De ce dernier, backbeats le strumming \u00ab\u00a0remplir\u00a0\u00bb et la basse prend en charge. C&rsquo;est dans ce dialogue est la richesse de sa musique, car, par d\u00e9faut, soit le soutien, le temps est perdu. \u00ab\u00a0(Zarina Palafox Ana Mendez, 1998)<\/p>\n<\/blockquote>\n<h3 class='subtitular'>Violon:<\/h3>\n<p>Le violon est l&rsquo;un des instruments les plus couramment ancr\u00e9es dans la musique traditionnelle mexicaine. Des moines ont \u00e9t\u00e9 l&rsquo;enseignement dans toutes les r\u00e9gions. Dans de nombreuses r\u00e9gions du Mexique peuvent \u00eatre trouv\u00e9s m\u00eame les petits violons descendants de \u00ab\u00a0Rabel\u00a0\u00bb un instrument pr\u00e9curseur \u00e9tait un violon et un des favoris \u00e0 l&rsquo;\u00e9poque coloniale a \u00e9t\u00e9 utilis\u00e9 \u00e0 des fins rituelles.<\/p>\n<p>En France et en Italie sont venus instruments symphoniques et \u00e0 cordes frott\u00e9es \u00e0 l&rsquo;\u00e9poque de l&rsquo;ind\u00e9pendance (1810), de nombreux instruments ont \u00e9t\u00e9 r\u00e9gionalis\u00e9s et ont adopt\u00e9 des moyens sp\u00e9cifiques pour toucher, c&rsquo;est quand les diff\u00e9rents styles de diff\u00e9rentes r\u00e9gions retenues sont les formes traditionnelles que nous connaissons maintenant .<\/p>\n<h3 class='subtitular'>Vihuela (vig\u00fcela \u00e9galement orthographi\u00e9 dans des sources plus anciennes):<\/h3>\n<p>Tant la vihuela, comme J\u00e4ran\u00e4s, sont des descendants de la main alto et vintage guitares viguela touch\u00e9 du baroque espagnol, et r\u00e9interpr\u00e9t\u00e9e et adapt\u00e9e aux groupes de musique mexicaine.<\/p>\n<p>La vihuela mexicain est rond dans le dos, a cinq cordes et sert rythme et d&rsquo;accompagnement dans la formation de Mariachi.<\/p>\n<h3 class='subtitular'>Guitare:<\/h3>\n<p>La guitare utilis\u00e9e dans Mariachi est actuellement la guitare espagnole (qui a remplac\u00e9 le cinqui\u00e8me coup), mais continue de r\u00e9pondre, dans la plupart des cas, la m\u00eame fonction avec le rythme vihuela. Guitare espagnole et a fourni d&rsquo;autres possibilit\u00e9s m\u00e9lodiques accompagnement occupe donc actuellement une place tr\u00e8s importante dans le groupe mexicain.<\/p>\n<h3 class='subtitular'>Le guitarr\u00f3n mexicaine:<\/h3>\n<p>C&rsquo;est une basse acoustique \u00e0 six cordes et est actuellement l&rsquo;\u00e9pine dorsale d&rsquo;un groupe de mariachi. Il a \u00e9t\u00e9 invent\u00e9 au XIXe si\u00e8cle en remplacement de la harpe, qui \u00e9tait charg\u00e9 de fournir des notes inf\u00e9rieures, mais pas le droit de se d\u00e9placer facilement entre les publics et les autres membres de la bande.<\/p>\n<h3 class='subtitular'>Trompette:<\/h3>\n<p>La trompette est un instrument qui est devenu fondamental dans les ensembles mariachi au d\u00e9but du XXe si\u00e8cle.<\/p>\n<p>Dans le d\u00e9but des ann\u00e9es 30 un certain mariachis de la ville de Mexico, y compris Mariachi Tapatio de Jos\u00e9 Marmolejo, constitu\u00e9e de la trompette, a continu\u00e9 \u00e0 prendre de l&rsquo;ampleur jusqu&rsquo;au devenir imp\u00e9ratif d&rsquo;ensembles mariachi. Pedro Infante, en 1949, a enregistr\u00e9 les premi\u00e8res chansons avec un groupe de mariachis avec deux trompettes, qui a finalement mis en place un groupe de Mariachis de mod\u00e8le et sont devenus presque des enregistrements d\u00e9finitifs de Mariachi Mexico de Pepe Villa.<\/p>\n","protected":false},"excerpt":{"rendered":"<p itemprop=\"description\">Le violon est l&rsquo;un des instruments les plus couramment ancr\u00e9es dans la musique traditionnelle mexicaine. Des moines ont \u00e9t\u00e9 l&rsquo;enseignement dans toutes les r\u00e9gions. Dans de nombreuses r\u00e9gions du Mexique peuvent \u00eatre trouv\u00e9s m\u00eame les petits violons descendants de \u00ab\u00a0Rabel\u00a0\u00bb un instrument pr\u00e9curseur \u00e9tait un violon et un des favoris \u00e0 l&rsquo;\u00e9poque coloniale a \u00e9t\u00e9 [&hellip;]<\/p>\n","protected":false},"author":1,"featured_media":4962,"parent":0,"menu_order":0,"comment_status":"open","ping_status":"open","template":"","meta":{"footnotes":""},"categories":[],"tags":[],"class_list":["post-4668","page","type-page","status-publish","has-post-thumbnail","hentry"],"_links":{"self":[{"href":"https:\/\/www.mariachi-semblanza.com\/fr\/wp-json\/wp\/v2\/pages\/4668","targetHints":{"allow":["GET"]}}],"collection":[{"href":"https:\/\/www.mariachi-semblanza.com\/fr\/wp-json\/wp\/v2\/pages"}],"about":[{"href":"https:\/\/www.mariachi-semblanza.com\/fr\/wp-json\/wp\/v2\/types\/page"}],"author":[{"embeddable":true,"href":"https:\/\/www.mariachi-semblanza.com\/fr\/wp-json\/wp\/v2\/users\/1"}],"replies":[{"embeddable":true,"href":"https:\/\/www.mariachi-semblanza.com\/fr\/wp-json\/wp\/v2\/comments?post=4668"}],"version-history":[{"count":0,"href":"https:\/\/www.mariachi-semblanza.com\/fr\/wp-json\/wp\/v2\/pages\/4668\/revisions"}],"wp:featuredmedia":[{"embeddable":true,"href":"https:\/\/www.mariachi-semblanza.com\/fr\/wp-json\/wp\/v2\/media\/4962"}],"wp:attachment":[{"href":"https:\/\/www.mariachi-semblanza.com\/fr\/wp-json\/wp\/v2\/media?parent=4668"}],"wp:term":[{"taxonomy":"category","embeddable":true,"href":"https:\/\/www.mariachi-semblanza.com\/fr\/wp-json\/wp\/v2\/categories?post=4668"},{"taxonomy":"post_tag","embeddable":true,"href":"https:\/\/www.mariachi-semblanza.com\/fr\/wp-json\/wp\/v2\/tags?post=4668"}],"curies":[{"name":"wp","href":"https:\/\/api.w.org\/{rel}","templated":true}]}}