{"id":5579,"date":"2013-06-06T12:41:30","date_gmt":"2013-06-06T10:41:30","guid":{"rendered":"http:\/\/www.mariachi-semblanza.com\/?page_id=5579"},"modified":"2013-06-06T12:44:56","modified_gmt":"2013-06-06T10:44:56","slug":"contact-pour-plus-dinformations","status":"publish","type":"page","link":"https:\/\/www.mariachi-semblanza.com\/fr\/contact-pour-plus-dinformations\/","title":{"rendered":"Contact pour plus d&rsquo;informations"},"content":{"rendered":"<h3 class='subtitular'>Soyez inform\u00e9 de nos services:<\/h3>\n<p>Si vous souhaitez recevoir des informations sur nos <a title=\"Services\" href=\"https:\/\/www.mariachi-semblanza.com\/fr\/services-de-musique-offerte-prefere-par-mariachi-semblanza\/\">services<\/a> ou sur toute autre information sur la musique en utilisant le formulaire ci-dessous et nous vous r\u00e9pondrons d\u00e8s que possible.<\/p>\n<h3 class='subtitular'>Ou envoyez votre email \u00e0:<\/h3>\n<p>Si vous \u00eates quelqu&rsquo;un qui ne veut pas entendre ou parler de formulaires de contact, vous pouvez envoyer directement la requ\u00eate \u00e0 l&#8217;email\u00a0<a href=\"m&#97;i&#108;&#116;&#111;:info&#64;&#109;&#97;&#114;&#105;&#97;&#99;hi-&#115;e&#109;bl&#97;n&#122;a&#46;&#99;om\">&#105;&#110;f&#111;&#64;&#109;&#97;ri&#97;&#99;&#104;i&#45;&#115;&#101;mb&#108;anza&#46;c&#111;&#109;<\/a><\/p>\n<h3 class='subtitular'>Tous les champs sont obligatoires:<\/h3>\n<p>&nbsp;<\/p>\n","protected":false},"excerpt":{"rendered":"<p itemprop=\"description\">Si vous souhaitez recevoir des informations sur nos services ou sur toute autre information sur la musique en utilisant le formulaire ci-dessous et nous vous r\u00e9pondrons d\u00e8s que possible. Si vous \u00eates quelqu&rsquo;un qui ne veut pas entendre ou parler de formulaires de contact, vous pouvez envoyer directement la requ\u00eate \u00e0 l&#8217;email\u00a0 &nbsp;<\/p>\n","protected":false},"author":1,"featured_media":0,"parent":0,"menu_order":12,"comment_status":"open","ping_status":"open","template":"template-contacto.php","meta":{"footnotes":""},"categories":[],"tags":[1114,1115,1112,1113],"class_list":["post-5579","page","type-page","status-publish","hentry","tag-contacter","tag-embauche-dun-service-de-musique","tag-embaucher-groupe-de-mariachis","tag-embaucher-mariachi-semblanza"],"_links":{"self":[{"href":"https:\/\/www.mariachi-semblanza.com\/fr\/wp-json\/wp\/v2\/pages\/5579","targetHints":{"allow":["GET"]}}],"collection":[{"href":"https:\/\/www.mariachi-semblanza.com\/fr\/wp-json\/wp\/v2\/pages"}],"about":[{"href":"https:\/\/www.mariachi-semblanza.com\/fr\/wp-json\/wp\/v2\/types\/page"}],"author":[{"embeddable":true,"href":"https:\/\/www.mariachi-semblanza.com\/fr\/wp-json\/wp\/v2\/users\/1"}],"replies":[{"embeddable":true,"href":"https:\/\/www.mariachi-semblanza.com\/fr\/wp-json\/wp\/v2\/comments?post=5579"}],"version-history":[{"count":0,"href":"https:\/\/www.mariachi-semblanza.com\/fr\/wp-json\/wp\/v2\/pages\/5579\/revisions"}],"wp:attachment":[{"href":"https:\/\/www.mariachi-semblanza.com\/fr\/wp-json\/wp\/v2\/media?parent=5579"}],"wp:term":[{"taxonomy":"category","embeddable":true,"href":"https:\/\/www.mariachi-semblanza.com\/fr\/wp-json\/wp\/v2\/categories?post=5579"},{"taxonomy":"post_tag","embeddable":true,"href":"https:\/\/www.mariachi-semblanza.com\/fr\/wp-json\/wp\/v2\/tags?post=5579"}],"curies":[{"name":"wp","href":"https:\/\/api.w.org\/{rel}","templated":true}]}}